{"id":14611,"date":"2024-01-08T23:17:41","date_gmt":"2024-01-08T22:17:41","guid":{"rendered":"https:\/\/www.newyorkfacile.it\/de\/?page_id=14611"},"modified":"2024-01-08T23:17:41","modified_gmt":"2024-01-08T22:17:41","slug":"philadelphia-von-new-york","status":"publish","type":"page","link":"https:\/\/www.newyorkfacile.it\/de\/new-york-ausfluege\/philadelphia-von-new-york\/","title":{"rendered":"Tagesausflug von New York nach Philadelphia\u2028"},"content":{"rendered":"<p>In diesem Artikel gebe ich Ihnen einige n\u00fctzliche Informationen dar\u00fcber, wie Sie Philadelphia von New York aus besuchen k\u00f6nnen.<br \/>\nDiese <strong>gef\u00fchrten Tagesausfl\u00fcge<\/strong> erm\u00f6glichen es Ihnen, eine der<strong> bekanntesten St\u00e4dte Nordamerikas<\/strong> kennenzulernen und eine der wichtigsten <strong>Amish-Gemeinden<\/strong> zu besuchen.<br \/>\nLassen Sie uns gemeinsam herausfinden, was die Tour ausmacht und ob sie zu Ihrem Urlaubstyp passt.<\/p>\n<p><img decoding=\"async\" class=\"aligncenter size-full wp-image-14612\" src=\"https:\/\/www.newyorkfacile.it\/de\/wp-content\/uploads\/tagesausflug-nach-philadelphia.jpeg\" alt=\"Tagesausflug von New York nach Philadelphia\u2028\" width=\"500\" height=\"172\" \/><\/p>\n<div class=\"clear\" style=\"height:10px !important;\"><!-- --><\/div>\n<h2>Warum sollte man Philadelphia von New York aus besuchen?<\/h2>\n<p>Ein Besuch in Philadelphia von New York aus ist einer der reizvollsten Tagesausfl\u00fcge f\u00fcr Touristen, zum einen wegen der besonderen Faszination Philadelphias als<strong> historisches und kulturelles Symbol f\u00fcr die USA<\/strong> (vielleicht auch f\u00fcr einige Filme), zum anderen aber auch, weil hier &#8211; im Lancaster County &#8211; <strong>eine der gr\u00f6\u00dften Amish-Gemeinden<\/strong> des amerikanischen Festlands zu Hause ist.<\/p>\n<p>Die Besichtigung der Amish-Gemeinschaft gibt Ihnen einen Eindruck von den Merkmalen dieser ungew\u00f6hnlichen Gemeinschaft, die ohne die Hilfe der modernen Technik lebt, selbst ohne die grundlegendsten und wichtigsten Ger\u00e4te, wie Strom, flie\u00dfendes Wasser, Telefon, Computer und sonstige technische Anlagen. Ein Fremdenf\u00fchrer wird Ihnen die interessanten Ereignisse um die Amish erkl\u00e4ren und Ihre Fragen beantworten.<br \/>\nDie Tour nach Philadelphia von New York aus kann aufgrund der N\u00e4he der beiden St\u00e4dte an <strong>einem Tag durchgef\u00fchrt werden<\/strong> und eignet sich daher sehr gut als einfach zu organisierende Tagestour f\u00fcr Ihren Urlaub in New York.<\/p>\n<p>Ein weiterer guter Grund ist, dass es meiner Meinung nach klug ist, <strong>mehrere Ziele in einer Reise zu kombinieren<\/strong> (wenn wir die M\u00f6glichkeit haben, je nach den verf\u00fcgbaren Tagen). Es ist sehr schwierig f\u00fcr Sie, eine Reise nach \u00dcbersee zu organisieren, die ausschlie\u00dflich Philadelphia gewidmet ist, und auch andere Orte zu besuchen, die weniger bekannt sind als New York. Auf diese Weise k\u00f6nnen Sie mehrere St\u00e4dte auf einer Reise besuchen.<\/p>\n<p>Wir k\u00f6nnen Philadelphia von New York aus im Rahmen einer<strong> organisierten Tour<\/strong> oder im <strong>DIY-Modus besuchen<\/strong>.<br \/>\nBetrachten wir beide Ans\u00e4tze und die Vor- und Nachteile der jeweiligen L\u00f6sung.<\/p>\n<h2>Gef\u00fchrte Tagestour durch Philadelphia<\/h2>\n<p>Im Folgenden stelle ich eine organisierte Tour nach Philadelphia vor, die im Rahmen eines Tagesausflugs von New York aus stattfindet.<br \/>\nEs handelt sich um einen Ausflug, den ich pers\u00f6nlich erlebt habe, und wie ich mehrere andere Leser der Website, die mir ihre Meinungen und \u00dcberlegungen mitgeteilt haben, so dass sie ihn f\u00fcr eine ausgezeichnete Alternativl\u00f6sung zum DIY-Ausflug.<\/p>\n<p>Alle sind sich einig, dass <strong>der Reisef\u00fchrer in diesem Fall einen positiven Unterschied macht<\/strong>, denn zu allem, was Sie entdecken, gibt es eine detaillierte Erkl\u00e4rung, die Ihnen hilft, alles besser zu verstehen &#8211; verbunden mit Sympathie und Engagement, die immer eine willkommene und angenehme Rolle spielen.<\/p>\n<p>H\u00f6hepunkte der Tour:<\/p>\n\n<ul class=\"list list-star\">\n<li>Abfahrt um 7 Uhr morgens vom Gray Line New York Visitor&#8217;s Center (Bereich Times Square) und R\u00fcckfahrt am Abend<\/li>\n<li>Reise im Reisebus mit WiFi oder im Kleinbus mit 15 Sitzpl\u00e4tzen, je nach der Zahl der Teilnehmer<\/li>\n<li>Besuch der Stadt Philadelphia, mit Independence Hall, Liberty Bell und City Hall. Sie k\u00f6nnen die alte bewohnte Elfreth&#8217;s Alley entlanggehen und die ber\u00fchmte Treppe aus dem Film Rocky Balboa bewundern<\/li>\n<li>Umzug nach <strong>Lancaster County<\/strong>, der Heimat der Pennsylvania Dutch, <strong>einer der gr\u00f6\u00dften Amish-Gemeinden \u00fcberhaupt<\/strong>.<\/li>\n<li>Auf dem Markt k\u00f6nnen Sie lokale Amish-Produkte probieren.<\/li>\n<li>Live-Kommentar auf Deutsch mit Reisef\u00fchrer<\/li>\n<\/ul>\n<div class=\"clear\" style=\"height:10px !important;\"><!-- --><\/div>\n<p>Ich halte den Preis pro Person f\u00fcr sehr fair und g\u00fcnstig, wenn man bedenkt, dass fast alles inbegriffen ist: Transfers, Zugang zu den Sehensw\u00fcrdigkeiten, Reisef\u00fchrer. Unter folgendem Link k\u00f6nnen Sie alle Details einsehen.<\/p>\n<a  rel=\"nofollow noopener sponsored\" class=\" button button-with-icon button-with-icon-16 button-with-icon-16\" href=\"https:\/\/www.getyourguide.de\/new-york-l59\/philadelphia-und-land-der-amischen-tagesausflug-ab-new-york-t8955\/?partner_id=09ELXJ6\" target=\"_blank\" style=\" font-size:16px; background-image: url(https:\/\/www.newyorkfacile.it\/de\/wp-content\/plugins\/stkit\/assets\/images\/icons\/16\/glyphs\/white\/cart.png);\"><span>Buchen Sie die Tagesausflug in Philadelphia<\/span><\/a><div class=\"clear\" style=\"height:15px !important;\"><!-- --><\/div>\n<div data-gyg-href=\"https:\/\/widget.getyourguide.com\/default\/availability.frame\" data-gyg-tour-id=\"8955\" data-gyg-locale-code=\"de-DE\" data-gyg-currency=\"EUR\" data-gyg-widget=\"availability\" data-gyg-variant=\"horizontal\" data-gyg-partner-id=\"09ELXJ6\"><\/div>\n<p><!-- GetYourGuide Analytics --><\/p>\n<p><script async defer src=\"https:\/\/widget.getyourguide.com\/dist\/pa.umd.production.min.js\" data-gyg-partner-id=\"09ELXJ6\"><\/script><\/p>\n<h3>Anmerkungen zur organisierten Tour<\/h3>\n<p>Ich empfehle Ihnen, vor der Buchung <strong>die Einzelheiten, und Bedingungen des Veranstalters zu lesen<\/strong>, die Sie unter den angegebenen Links finden.<br \/>\nInformieren Sie sich \u00fcber verf\u00fcgbare Tage, Check-in-Zeiten und Treffpunkte.<\/p>\n<p><em>NewYorkFacile.it.it \u00fcbernimmt keine Verantwortung f\u00fcr \u00c4nderungen des Programms und der Bedingungen und\/oder f\u00fcr die G\u00fcltigkeit der Informationen in diesem Artikel. Bitte lesen Sie die Bedigungen auf der Webseite des Tour-Anbieters sorgf\u00e4ltig durch.<\/em><\/p>\n<p><img decoding=\"async\" class=\"aligncenter wp-image-14613 size-full\" src=\"https:\/\/www.newyorkfacile.it\/de\/wp-content\/uploads\/tour-philadelphia-von-new-york.jpeg\" alt=\"organisierte Tour von New York nach Philadelphia\" width=\"500\" height=\"371\" \/><\/p>\n<h3>Ist eine Tagestour von New York nach Philadelphia lohnenswert?<\/h3>\n<p>Wie immer antworte ich Ihnen nach meiner pers\u00f6nlichen Meinung.<br \/>\nDiese Tour ist eine derjenigen, die mir unter den verschiedenen M\u00f6glichkeiten am besten gef\u00e4llt, sowohl weil sie<strong> eine der merkw\u00fcrdigsten und ber\u00fchmtesten<\/strong> ist, als auch weil sie, da sie <strong>kurz<\/strong> ist, nicht so anstrengend zu ist.<br \/>\nWie auch in den anderen Reisepl\u00e4nen (Washington, Boston usw.) erl\u00e4utert, m\u00fcssen Sie die Tour immer mit der verf\u00fcgbaren Reisezeit abw\u00e4gen, da Sie auf jeden Fall einen Tag weniger haben, um New York zu erkunden.<\/p>\n<p>F\u00fcr diejenigen, die zum ersten Mal in NY Urlaub machen und vielleicht nur 5-6 Tage zur Verf\u00fcgung haben, ist es wahrscheinlich besser, keine Touren zu machen und sich ganz auf NY zu fokussieren, w\u00e4hrend in anderen F\u00e4llen, wenn man eine <strong>flexiblere Planung<\/strong> hat, <strong>Tagestouren empfehlenswert sind<\/strong>, und diese hier ist keine Ausnahme.<br \/>\nDie M\u00f6glichkeit, die Amish-Gemeinschaft aus der N\u00e4he zu sehen (<a href=\"https:\/\/de.wikipedia.org\/wiki\/Amische\" target=\"_blank\" rel=\"noopener\">Amischen\u00a0Wikipedia<\/a>), ist sehr attraktiv und k\u00f6nnte ein guter Vorwand sein, an dieser Tour teilzunehmen. Aus wirtschaftlicher Sicht ist es auf jeden Fall sinnvoll, und wenn Sie es \u00fcber den oben genannten Link kaufen, den ich weiter unten wiedergebe, erhalten Sie auch den Einkaufsrabatt.<\/p>\n<div id=\"attachment_14614\" style=\"width: 510px\" class=\"wp-caption aligncenter\"><img decoding=\"async\" aria-describedby=\"caption-attachment-14614\" class=\"wp-image-14614 size-full\" src=\"https:\/\/www.newyorkfacile.it\/de\/wp-content\/uploads\/amish-tour.jpg\" alt=\"Pennsylvanias Amish Country Tour ab New York\" width=\"500\" height=\"339\" \/><p id=\"caption-attachment-14614\" class=\"wp-caption-text\">Die Amish-Gemeinschaft verzichtet in ihrer Lebensweise auf Strom und alle damit verbundenen Hilfsmittel.<\/p><\/div>\n<h3>Philadelphia aus einer Drohne<\/h3>\n<p>Unten sehen Sie ein h\u00fcbsches Video, das die Stadt Philadelphia von einer Drohne aus filmt, und das so geschnitten ist, dass Sie einen Eindruck davon bekommen, was Sie sehen werden.<\/p>\n<p><iframe src=\"https:\/\/www.youtube-nocookie.com\/embed\/4u0-JGXaGq4?rel=0\" width=\"500\" height=\"281\" frameborder=\"0\" allowfullscreen=\"allowfullscreen\"><\/iframe><\/p>\n<h3>Haben Sie Ihre Tour noch nicht gebucht?<\/h3>\n<p><strong>Klicken Sie auf den folgenden Linke<\/strong>, um mehr \u00fcber die Tour und den g\u00fcnstigen Preis zu erfahren!<\/p>\n<a  rel=\"nofollow noopener sponsored\" class=\" button button-with-icon button-with-icon-16 button-with-icon-16\" href=\"https:\/\/www.getyourguide.de\/new-york-l59\/philadelphia-und-land-der-amischen-tagesausflug-ab-new-york-t8955\/?partner_id=09ELXJ6\" target=\"_blank\" style=\" font-size:16px; background-image: url(https:\/\/www.newyorkfacile.it\/de\/wp-content\/plugins\/stkit\/assets\/images\/icons\/16\/glyphs\/white\/cart.png);\"><span>Buchen Sie die 1-t\u00e4gige Tour in Philadelphia &amp; Amish<\/span><\/a>\n<h2>Exkursion nach Philadelphia auf DIY-Modus organisiert<\/h2>\n<p>Als Alternative zu einer gef\u00fchrten Tour kann man sich entscheiden, <strong>Philadelphia mit einem DIY-Ausflug von New York aus<\/strong> zu besuchen.<br \/>\nMeiner Meinung nach sind dabei einige Nachteile (im Vergleich zu einer organisierten Tour) zu ber\u00fccksichtigen, die nur dann Sinn machen, wenn man <strong>seine Zeit anders einteilen m\u00f6chte<\/strong>, indem man eine Nacht ausw\u00e4rts \u00fcbernachtet und somit einen zus\u00e4tzlichen Tag f\u00fcr den Besuch einplant.<\/p>\n<p>Sie m\u00fcssen die gesamte Organisation mit \u00f6ffentlichen Verkehrsmitteln durchf\u00fchren, was wesentlich schwieriger ist als ein eigener Bus f\u00fcr Ihre Gruppe, aber es ist machbar.<\/p>\n<p>Der andere Aspekt ist, dass Sie keinen deutschsprachigen Reisef\u00fchrer haben werden, der Sie bei Ihren Erkundungen begleitet.<\/p>\n<p>Andererseits k\u00f6nnen Sie aber auch l\u00e4nger in Philadelphia bleiben, <strong>mehr Attraktionen und die Stadt intensiver besichtigen<\/strong> und Ihre Besichtigungen nach Belieben gestalten. Dasselbe gilt f\u00fcr den Besuch der Amish-Gemeinde in Lancaster.<\/p>\n<h3>CityPASS f\u00fcr Philadelphia<\/h3>\n<p>Im Falle einer DIY-Organisation, die den Wunsch impliziert, die Stadt intensiver zu besichtigen, kann der Touristenpass f\u00fcr Philadelphia, der f\u00fcr 3, 4 oder 5 Attraktionen erh\u00e4ltlich ist, sehr n\u00fctzlich sein.<br \/>\nBei 3 oder mehr Attraktionen verspricht dieser Pass eine Einsparung von ca. 50 % des Preises f\u00fcr Einzelkarten und ist besonders vorteilhaft bei Schlangen an der Kasse, da es f\u00fcr Passinhaber reservierte Reihen gibt.<\/p>\n<a  rel=\"nofollow noopener sponsored\" class=\" button button-with-icon button-with-icon-16 button-with-icon-16\" href=\"https:\/\/www.jdoqocy.com\/click-9229715-12239244?sid=de_cityp_philad-pag_philad&amp;url=https%3A%2F%2Fit.citypass.com%2Fphiladelphia\" target=\"_blank\" style=\" font-size:16px; background-image: url(https:\/\/www.newyorkfacile.it\/de\/wp-content\/plugins\/stkit\/assets\/images\/icons\/16\/glyphs\/white\/cart.png);\"><span>CityPASS f\u00fcr Philadelphia kaufen<\/span><\/a>\n<div class=\"clear\" style=\"height:40px !important;\"><!-- --><\/div>\n<div id=\"mobile_toc_toggle\" class=\"mobile-toc-toggle\" aria-hidden=\"true\" aria-expanded=\"false\" style=\"display:none\">\n    <span style=\"display: flex;flex-direction: column;align-items: center\">\n        <svg xmlns=\"http:\/\/www.w3.org\/2000\/svg\" width=\"24\" height=\"24\" fill=\"white\">\n            <circle cx=\"12\" cy=\"12\" r=\"10\" stroke=\"black\" stroke-width=\"2\" fill=\"white\" \/>\n            <rect x=\"11\" y=\"7\" width=\"2\" height=\"2\" fill=\"black\" \/>\n            <rect x=\"11\" y=\"11\" width=\"2\" height=\"6\" fill=\"black\" \/>\n        <\/svg>\n        <span style=\"margin-top: 4px;font-weight:bold\">INDEX<\/span>\n    <\/span>\n<\/div>\n<div id=\"mobile_toc_container\" class=\"mobile-toc-container\" aria-hidden=\"true\" role=\"dialog\" aria-labelledby=\"mobile_toc_toggle\">\n    <a id=\"mobile_toc_close\" class=\"mobile-toc-close\" aria-hidden=\"true\">X<\/a>\n<\/div>","protected":false},"excerpt":{"rendered":"<p>In diesem Artikel gebe ich Ihnen einige n\u00fctzliche Informationen dar\u00fcber, wie Sie Philadelphia von New York aus besuchen k\u00f6nnen. Diese gef\u00fchrten Tagesausfl\u00fcge erm\u00f6glichen es Ihnen, eine der bekanntesten St\u00e4dte Nordamerikas kennenzulernen und eine der wichtigsten Amish-Gemeinden zu besuchen. Lassen Sie uns gemeinsam herausfinden, was die Tour ausmacht und ob sie zu Ihrem Urlaubstyp passt. Warum [&hellip;]<\/p>\n","protected":false},"author":2,"featured_media":14624,"parent":13889,"menu_order":0,"comment_status":"open","ping_status":"closed","template":"","meta":{"_acf_changed":false,"footnotes":""},"class_list":["post-14611","page","type-page","status-publish","has-post-thumbnail","hentry"],"acf":[],"yoast_head":"<!-- This site is optimized with the Yoast SEO plugin v27.4 - https:\/\/yoast.com\/product\/yoast-seo-wordpress\/ -->\n<title>Tagesausflug von New York nach Philadelphia\u2028und Amish Tour<\/title>\n<meta name=\"description\" content=\"Buchen Sie jetzt Ihre Tour nach Philadelphia ab New York, einen Tagesausflug in die ikonische US-Stadt und entdecken Sie die Amish Community.\" \/>\n<meta name=\"robots\" content=\"index, follow, max-snippet:-1, max-image-preview:large, max-video-preview:-1\" \/>\n<link rel=\"canonical\" href=\"https:\/\/www.newyorkfacile.it\/de\/new-york-ausfluege\/philadelphia-von-new-york\/\" \/>\n<meta property=\"og:locale\" content=\"de_DE\" \/>\n<meta property=\"og:type\" content=\"article\" \/>\n<meta property=\"og:title\" content=\"Tagesausflug von New York nach Philadelphia\u2028und Amish Tour\" \/>\n<meta property=\"og:description\" content=\"Buchen Sie jetzt Ihre Tour nach Philadelphia ab New York, einen Tagesausflug in die ikonische US-Stadt und entdecken Sie die Amish Community.\" \/>\n<meta property=\"og:url\" content=\"https:\/\/www.newyorkfacile.it\/de\/new-york-ausfluege\/philadelphia-von-new-york\/\" \/>\n<meta property=\"og:site_name\" content=\"New York Facile - Deutsche Version\" \/>\n<meta property=\"og:image\" content=\"https:\/\/www.newyorkfacile.it\/de\/wp-content\/uploads\/tagesausflug-philadelphia_evid.jpg\" \/>\n\t<meta property=\"og:image:width\" content=\"667\" \/>\n\t<meta property=\"og:image:height\" content=\"476\" \/>\n\t<meta property=\"og:image:type\" content=\"image\/jpeg\" \/>\n<meta name=\"twitter:label1\" content=\"Gesch\u00e4tzte Lesezeit\" \/>\n\t<meta name=\"twitter:data1\" content=\"8\u00a0Minuten\" \/>\n<script type=\"application\/ld+json\" class=\"yoast-schema-graph\">{\"@context\":\"https:\\\/\\\/schema.org\",\"@graph\":[{\"@type\":\"WebPage\",\"@id\":\"https:\\\/\\\/www.newyorkfacile.it\\\/de\\\/new-york-ausfluege\\\/philadelphia-von-new-york\\\/\",\"url\":\"https:\\\/\\\/www.newyorkfacile.it\\\/de\\\/new-york-ausfluege\\\/philadelphia-von-new-york\\\/\",\"name\":\"Tagesausflug von New York nach Philadelphia\\u2028und Amish Tour\",\"isPartOf\":{\"@id\":\"https:\\\/\\\/www.newyorkfacile.it\\\/de\\\/#website\"},\"primaryImageOfPage\":{\"@id\":\"https:\\\/\\\/www.newyorkfacile.it\\\/de\\\/new-york-ausfluege\\\/philadelphia-von-new-york\\\/#primaryimage\"},\"image\":{\"@id\":\"https:\\\/\\\/www.newyorkfacile.it\\\/de\\\/new-york-ausfluege\\\/philadelphia-von-new-york\\\/#primaryimage\"},\"thumbnailUrl\":\"https:\\\/\\\/www.newyorkfacile.it\\\/de\\\/wp-content\\\/uploads\\\/tagesausflug-philadelphia_evid.jpg\",\"datePublished\":\"2024-01-08T22:17:41+00:00\",\"description\":\"Buchen Sie jetzt Ihre Tour nach Philadelphia ab New York, einen Tagesausflug in die ikonische US-Stadt und entdecken Sie die Amish Community.\",\"breadcrumb\":{\"@id\":\"https:\\\/\\\/www.newyorkfacile.it\\\/de\\\/new-york-ausfluege\\\/philadelphia-von-new-york\\\/#breadcrumb\"},\"inLanguage\":\"de\",\"potentialAction\":[{\"@type\":\"ReadAction\",\"target\":[\"https:\\\/\\\/www.newyorkfacile.it\\\/de\\\/new-york-ausfluege\\\/philadelphia-von-new-york\\\/\"]}]},{\"@type\":\"ImageObject\",\"inLanguage\":\"de\",\"@id\":\"https:\\\/\\\/www.newyorkfacile.it\\\/de\\\/new-york-ausfluege\\\/philadelphia-von-new-york\\\/#primaryimage\",\"url\":\"https:\\\/\\\/www.newyorkfacile.it\\\/de\\\/wp-content\\\/uploads\\\/tagesausflug-philadelphia_evid.jpg\",\"contentUrl\":\"https:\\\/\\\/www.newyorkfacile.it\\\/de\\\/wp-content\\\/uploads\\\/tagesausflug-philadelphia_evid.jpg\",\"width\":667,\"height\":476,\"caption\":\"Tagesausflug von New York nach Philadelphia\\u2028\"},{\"@type\":\"BreadcrumbList\",\"@id\":\"https:\\\/\\\/www.newyorkfacile.it\\\/de\\\/new-york-ausfluege\\\/philadelphia-von-new-york\\\/#breadcrumb\",\"itemListElement\":[{\"@type\":\"ListItem\",\"position\":1,\"name\":\"New York Einfach\",\"item\":\"https:\\\/\\\/www.newyorkfacile.it\\\/de\\\/\"},{\"@type\":\"ListItem\",\"position\":2,\"name\":\"New York Ausfl\u00fcge\",\"item\":\"https:\\\/\\\/www.newyorkfacile.it\\\/de\\\/new-york-ausfluege\\\/\"},{\"@type\":\"ListItem\",\"position\":3,\"name\":\"Tagesausflug von New York nach Philadelphia\\u2028\"}]},{\"@type\":\"WebSite\",\"@id\":\"https:\\\/\\\/www.newyorkfacile.it\\\/de\\\/#website\",\"url\":\"https:\\\/\\\/www.newyorkfacile.it\\\/de\\\/\",\"name\":\"New York Einfach\",\"description\":\"Alle Infos und Tipps f\u00fcr eine Reise nach New York\",\"publisher\":{\"@id\":\"https:\\\/\\\/www.newyorkfacile.it\\\/de\\\/#organization\"},\"potentialAction\":[{\"@type\":\"SearchAction\",\"target\":{\"@type\":\"EntryPoint\",\"urlTemplate\":\"https:\\\/\\\/www.newyorkfacile.it\\\/de\\\/?s={search_term_string}\"},\"query-input\":{\"@type\":\"PropertyValueSpecification\",\"valueRequired\":true,\"valueName\":\"search_term_string\"}}],\"inLanguage\":\"de\"},{\"@type\":\"Organization\",\"@id\":\"https:\\\/\\\/www.newyorkfacile.it\\\/de\\\/#organization\",\"name\":\"New York Einfach\",\"url\":\"https:\\\/\\\/www.newyorkfacile.it\\\/de\\\/\",\"logo\":{\"@type\":\"ImageObject\",\"inLanguage\":\"de\",\"@id\":\"https:\\\/\\\/www.newyorkfacile.it\\\/de\\\/#\\\/schema\\\/logo\\\/image\\\/\",\"url\":\"https:\\\/\\\/www.newyorkfacile.it\\\/de\\\/wp-content\\\/uploads\\\/newyorkfacile-logo.jpg\",\"contentUrl\":\"https:\\\/\\\/www.newyorkfacile.it\\\/de\\\/wp-content\\\/uploads\\\/newyorkfacile-logo.jpg\",\"width\":300,\"height\":80,\"caption\":\"New York Einfach\"},\"image\":{\"@id\":\"https:\\\/\\\/www.newyorkfacile.it\\\/de\\\/#\\\/schema\\\/logo\\\/image\\\/\"}}]}<\/script>\n<!-- \/ Yoast SEO plugin. -->","yoast_head_json":{"title":"Tagesausflug von New York nach Philadelphia\u2028und Amish Tour","description":"Buchen Sie jetzt Ihre Tour nach Philadelphia ab New York, einen Tagesausflug in die ikonische US-Stadt und entdecken Sie die Amish Community.","robots":{"index":"index","follow":"follow","max-snippet":"max-snippet:-1","max-image-preview":"max-image-preview:large","max-video-preview":"max-video-preview:-1"},"canonical":"https:\/\/www.newyorkfacile.it\/de\/new-york-ausfluege\/philadelphia-von-new-york\/","og_locale":"de_DE","og_type":"article","og_title":"Tagesausflug von New York nach Philadelphia\u2028und Amish Tour","og_description":"Buchen Sie jetzt Ihre Tour nach Philadelphia ab New York, einen Tagesausflug in die ikonische US-Stadt und entdecken Sie die Amish Community.","og_url":"https:\/\/www.newyorkfacile.it\/de\/new-york-ausfluege\/philadelphia-von-new-york\/","og_site_name":"New York Facile - Deutsche Version","og_image":[{"width":667,"height":476,"url":"https:\/\/www.newyorkfacile.it\/de\/wp-content\/uploads\/tagesausflug-philadelphia_evid.jpg","type":"image\/jpeg"}],"twitter_misc":{"Gesch\u00e4tzte Lesezeit":"8\u00a0Minuten"},"schema":{"@context":"https:\/\/schema.org","@graph":[{"@type":"WebPage","@id":"https:\/\/www.newyorkfacile.it\/de\/new-york-ausfluege\/philadelphia-von-new-york\/","url":"https:\/\/www.newyorkfacile.it\/de\/new-york-ausfluege\/philadelphia-von-new-york\/","name":"Tagesausflug von New York nach Philadelphia\u2028und Amish Tour","isPartOf":{"@id":"https:\/\/www.newyorkfacile.it\/de\/#website"},"primaryImageOfPage":{"@id":"https:\/\/www.newyorkfacile.it\/de\/new-york-ausfluege\/philadelphia-von-new-york\/#primaryimage"},"image":{"@id":"https:\/\/www.newyorkfacile.it\/de\/new-york-ausfluege\/philadelphia-von-new-york\/#primaryimage"},"thumbnailUrl":"https:\/\/www.newyorkfacile.it\/de\/wp-content\/uploads\/tagesausflug-philadelphia_evid.jpg","datePublished":"2024-01-08T22:17:41+00:00","description":"Buchen Sie jetzt Ihre Tour nach Philadelphia ab New York, einen Tagesausflug in die ikonische US-Stadt und entdecken Sie die Amish Community.","breadcrumb":{"@id":"https:\/\/www.newyorkfacile.it\/de\/new-york-ausfluege\/philadelphia-von-new-york\/#breadcrumb"},"inLanguage":"de","potentialAction":[{"@type":"ReadAction","target":["https:\/\/www.newyorkfacile.it\/de\/new-york-ausfluege\/philadelphia-von-new-york\/"]}]},{"@type":"ImageObject","inLanguage":"de","@id":"https:\/\/www.newyorkfacile.it\/de\/new-york-ausfluege\/philadelphia-von-new-york\/#primaryimage","url":"https:\/\/www.newyorkfacile.it\/de\/wp-content\/uploads\/tagesausflug-philadelphia_evid.jpg","contentUrl":"https:\/\/www.newyorkfacile.it\/de\/wp-content\/uploads\/tagesausflug-philadelphia_evid.jpg","width":667,"height":476,"caption":"Tagesausflug von New York nach Philadelphia\u2028"},{"@type":"BreadcrumbList","@id":"https:\/\/www.newyorkfacile.it\/de\/new-york-ausfluege\/philadelphia-von-new-york\/#breadcrumb","itemListElement":[{"@type":"ListItem","position":1,"name":"New York Einfach","item":"https:\/\/www.newyorkfacile.it\/de\/"},{"@type":"ListItem","position":2,"name":"New York Ausfl\u00fcge","item":"https:\/\/www.newyorkfacile.it\/de\/new-york-ausfluege\/"},{"@type":"ListItem","position":3,"name":"Tagesausflug von New York nach Philadelphia\u2028"}]},{"@type":"WebSite","@id":"https:\/\/www.newyorkfacile.it\/de\/#website","url":"https:\/\/www.newyorkfacile.it\/de\/","name":"New York Einfach","description":"Alle Infos und Tipps f\u00fcr eine Reise nach New York","publisher":{"@id":"https:\/\/www.newyorkfacile.it\/de\/#organization"},"potentialAction":[{"@type":"SearchAction","target":{"@type":"EntryPoint","urlTemplate":"https:\/\/www.newyorkfacile.it\/de\/?s={search_term_string}"},"query-input":{"@type":"PropertyValueSpecification","valueRequired":true,"valueName":"search_term_string"}}],"inLanguage":"de"},{"@type":"Organization","@id":"https:\/\/www.newyorkfacile.it\/de\/#organization","name":"New York Einfach","url":"https:\/\/www.newyorkfacile.it\/de\/","logo":{"@type":"ImageObject","inLanguage":"de","@id":"https:\/\/www.newyorkfacile.it\/de\/#\/schema\/logo\/image\/","url":"https:\/\/www.newyorkfacile.it\/de\/wp-content\/uploads\/newyorkfacile-logo.jpg","contentUrl":"https:\/\/www.newyorkfacile.it\/de\/wp-content\/uploads\/newyorkfacile-logo.jpg","width":300,"height":80,"caption":"New York Einfach"},"image":{"@id":"https:\/\/www.newyorkfacile.it\/de\/#\/schema\/logo\/image\/"}}]}},"_links":{"self":[{"href":"https:\/\/www.newyorkfacile.it\/de\/wp-json\/wp\/v2\/pages\/14611","targetHints":{"allow":["GET"]}}],"collection":[{"href":"https:\/\/www.newyorkfacile.it\/de\/wp-json\/wp\/v2\/pages"}],"about":[{"href":"https:\/\/www.newyorkfacile.it\/de\/wp-json\/wp\/v2\/types\/page"}],"author":[{"embeddable":true,"href":"https:\/\/www.newyorkfacile.it\/de\/wp-json\/wp\/v2\/users\/2"}],"replies":[{"embeddable":true,"href":"https:\/\/www.newyorkfacile.it\/de\/wp-json\/wp\/v2\/comments?post=14611"}],"version-history":[{"count":0,"href":"https:\/\/www.newyorkfacile.it\/de\/wp-json\/wp\/v2\/pages\/14611\/revisions"}],"up":[{"embeddable":true,"href":"https:\/\/www.newyorkfacile.it\/de\/wp-json\/wp\/v2\/pages\/13889"}],"wp:featuredmedia":[{"embeddable":true,"href":"https:\/\/www.newyorkfacile.it\/de\/wp-json\/wp\/v2\/media\/14624"}],"wp:attachment":[{"href":"https:\/\/www.newyorkfacile.it\/de\/wp-json\/wp\/v2\/media?parent=14611"}],"curies":[{"name":"wp","href":"https:\/\/api.w.org\/{rel}","templated":true}]}}