{"id":14596,"date":"2024-01-07T16:24:14","date_gmt":"2024-01-07T15:24:14","guid":{"rendered":"https:\/\/www.newyorkfacile.it\/de\/?page_id=14596"},"modified":"2025-09-04T16:31:58","modified_gmt":"2025-09-04T14:31:58","slug":"washington-von-new-york","status":"publish","type":"page","link":"https:\/\/www.newyorkfacile.it\/de\/new-york-ausfluege\/washington-von-new-york\/","title":{"rendered":"Tagesausflug von New York nach Washington"},"content":{"rendered":"<p>Ein <strong>Tagesausflug von New York nach Washington<\/strong> ist sicherlich einer der beliebtesten Ausfl\u00fcge w\u00e4hrend Ihres Urlaubs im Big Apple.<\/p>\n<p>Die Hauptstadt der Vereinigten Staaten, Washington D.C., kann von New York aus in nur einem Tag besichtigt werden, dank der Touren, die einen einfachen und gef\u00fchrten Ausflug erm\u00f6glichen, ohne dass man sich um die Planung k\u00fcmmern muss.<br \/>\nSp\u00e4ter werden wir auch einen DIY-Ausflug nach Washington D.C. besprechen, ohne die Tour zu nutzen.<\/p>\n<div class=\"clear\" style=\"height:10px !important;\"><!-- --><\/div>\n<h2>Tagesausflug von New York nach Washington<\/h2>\n<p>Es gibt viele Gr\u00fcnde, warum ein Ausflug von New York nach Washington DC empfehlenswert ist. Erstens wird es <strong>an<\/strong> <strong>einem Tag durchgef\u00fchrt<\/strong>, so dass sie sich kaum auf die Planung Ihres Urlaubs auswirkt, und zweitens ist es nicht anstrengend, da Washington DC relativ schnell von Manhattan erreichbar ist.<\/p>\n<p>Washington ist von New York aus viereinhalb Stunden mit dem Bus und etwa drei Stunden mit dem Zug entfernt.<\/p>\n<p><strong>Erwarten Sie nat\u00fcrlich nicht, dass Sie die Stadt bis in den letzten Winkel durchk\u00e4mmen k\u00f6nnen<\/strong>, es handelt sich immer noch um einen Tagesausflug.<br \/>\nSie haben jedoch die M\u00f6glichkeit, die US-Hauptstadt zu sehen,<strong> das Kapitol und die ber\u00fchmtesten Sehensw\u00fcrdigkeiten<\/strong> zu bewundern und dies klug mit Ihrem aktuellen Urlaub in New York zu vereinen. Ansonsten finde ich es schwierig, eine Reise ins Ausland zu organisieren, nur um Washington zu besuchen.<\/p>\n<p>Wenn Sie m\u00f6chten, haben Sie Zeit, einige Sehensw\u00fcrdigkeiten zu besichtigen. Wenn Sie die Tour mit dem Bus machen, dann wird alles von einem deutschen Reisef\u00fchrer organisiert, und wenn Sie sich f\u00fcr den Ausflug mit dem Zug entscheiden oder als DIY reisen, ist der Besuch freier. Wie ich weiter unten erkl\u00e4re, ist es in diesen F\u00e4llen sinnvoll, den Kauf eines Passes in Betracht zu ziehen, um beim Kauf von Fahrkarten zu sparen.<\/p>\n<p>Die <strong>Busse<\/strong> sind bequem und haben Touristenklasse, und die Fahrtzeit ist optimal, um die Beine auszuruhen, die oft strapaziert werden, wenn man ein Wanderer ist.<br \/>\nDer <strong>Zug<\/strong> ist schneller, aber teurer.<br \/>\nDas <strong>Flugzeug<\/strong> ist noch schneller und l\u00e4sst mehr Zeit f\u00fcr Besichtigungen, aber es kostet nat\u00fcrlich mehr als die anderen beiden Verkehrsmittel und man muss alles selbst organisieren (leider werden seit einigen Jahren keine gef\u00fchrten Ausfl\u00fcge mit Flug mehr angeboten).<\/p>\n<p><img decoding=\"async\" class=\"aligncenter size-full wp-image-3026\" src=\"https:\/\/www.newyorkfacile.it\/wp-content\/uploads\/tour-washington.jpg\" alt=\"tour-washington\" width=\"500\" height=\"341\" \/><\/p>\n<p>Sehen wir uns im Detail an, was die verschiedenen Touren bieten, und verschaffen wir uns einen \u00dcberblick dar\u00fcber, was Sie in Washington DC sehen k\u00f6nnen.<\/p>\n<h3>Tagesausflug von New York nach Washington DC mit dem Bus<\/h3>\n\n<ul class=\"list list-star\">\n<li>Abfahrt um 6.30 Uhr (gegen\u00fcber dem Port Authority Bus Terminal, in der N\u00e4he des Times Square)<\/li>\n<li>Reisen im Minivan oder Bus mit Wi-Fi<\/li>\n<li>Besuch des Nationalfriedhofs Arlington mit Besichtigung des Kennedy-Grabs<\/li>\n<li>Besuch des Capitol Hill, des Kapitols und des Senats (mit einer Erl\u00e4uterung der Struktur der US-Regierung)<\/li>\n<li><strong>Wei\u00dfes Haus<\/strong> (Residenz des Pr\u00e4sidenten der Vereinigten Staaten)<\/li>\n<li>Eintritt in das <strong>Smithsonian National Museum of Natural History<\/strong><\/li>\n<li>Ein Besuch der Lincoln-Denkm\u00e4ler, einer bedeutenden Figur der amerikanischen Geschichte<\/li>\n<li>Besuchen Sie die Vietnam Veterans Memorialn und das Korean War Veterans Memorial<\/li>\n<li>Gef\u00fchrte Tour entlang des Potomac River f\u00fcr einen letzten Blick auf die ber\u00fchmtesten Sehensw\u00fcrdigkeiten von Washington DC<\/li>\n<li><strong>Deutschsprachiger Reisef\u00fchrer w\u00e4hrend der gesamten Tour mit ausf\u00fchrlichen Erkl\u00e4rungen.<\/strong><\/li>\n<\/ul>\n<div class=\"clear\" style=\"height:10px !important;\"><!-- --><\/div>\n<p>Bei dieser Version mit Busfahrt gibt es gro\u00dfe Vorteile, n\u00e4mlich den<strong> \u00fcberaus g\u00fcnstigen Preis<\/strong>, die voll organisierte Tour inklusive der Etappen und die <strong>wertvollen Kommentare eines deutschsprachigen Reisef\u00fchrers<\/strong>.<br \/>\nAndererseits gibt es eine l\u00e4ngere Fahrzeit mit dem Bus, was die verf\u00fcgbare Zeit in der Stadt etwas einschr\u00e4nkt, die aber f\u00fcr den Besuch der wichtigsten Sehensw\u00fcrdigkeiten ausreichend ist.<\/p>\n<a  rel=\"nofollow noopener sponsored\" class=\" button button-with-icon button-with-icon-16 button-with-icon-16\" href=\"https:\/\/www.getyourguide.de\/new-york-l59\/washington-dc-viaggio-di-una-giornata-da-new-york-t8915\/?partner_id=09ELXJ6\" target=\"_blank\" style=\" font-size:16px; background-image: url(https:\/\/www.newyorkfacile.it\/de\/wp-content\/plugins\/stkit\/assets\/images\/icons\/16\/glyphs\/white\/cart.png);\"><span>Buchen Sie die Washington DC Bustour jetzt<\/span><\/a>\n<h3>Tagesausflug von New York nach Washington DC mit dem Zug<\/h3>\n\n<ul class=\"list list-star\">\n<li>Abfahrt um ca. 7 Uhr Morgens mit dem Zug von der Pennsylvania Station. R\u00fcckfahrt um 19.00 Uhr<\/li>\n<li>Stadtrundfahrt an Bord eines Hop-on-Hop-off-Busses. Sie k\u00f6nnen Ihre Zeit nach Belieben einteilen und das besuchen, was Ihnen am meisten zusagt.<\/li>\n<li>Mittagessen im Hard Rock Caf\u00e9 inbegriffen.<\/li>\n<\/ul>\n<div class=\"clear\" style=\"height:10px !important;\"><!-- --><\/div>\n<p><strong>Dies ist die Tour, die ich empfehle<\/strong>. Die Zugfahrt ist schneller und dank des Hop-on-Hop-off-Systems k\u00f6nnen Sie die Hauptstadt in aller Ruhe besichtigen. Sie fahren an<strong> allen wichtigen Sehensw\u00fcrdigkeiten<\/strong> von Washington DC vorbei und halten dort, wo es Sie am meisten interessiert. (der Besuch in Washington ist kostenlos)<br \/>\nVielleicht k\u00f6nnen Sie die oben beschriebene Bustour nutzen und sie f\u00fcr Ihren Besuch verwenden!<\/p>\n<a  rel=\"nofollow noopener sponsored\" class=\" button button-with-icon button-with-icon-16 button-with-icon-16\" href=\"https:\/\/www.getyourguide.de\/new-york-l59\/ab-new-york-tagestour-nach-washington-dc-per-zug-t61224\/?partner_id=09ELXJ6\" target=\"_blank\" style=\" font-size:16px; background-image: url(https:\/\/www.newyorkfacile.it\/de\/wp-content\/plugins\/stkit\/assets\/images\/icons\/16\/glyphs\/white\/cart.png);\"><span>Buchen Sie den Ausflug nach Washington mit dem Zug jetzt<\/span><\/a>\n<h3>Vergleich der Versionen der Tour<\/h3>\n<table class=\"tableresp\">\n<caption>Tagesausflug von New York nach Washington<\/caption>\n<tbody>\n<tr>\n<th>Form<\/th>\n<th>Vorteile<\/th>\n<th>Nachteile<\/th>\n<\/tr>\n<tr>\n<td>Bus<\/td>\n<td>\n<ul>\n<li>voll organisierter Besuch<\/li>\n<li>Deutschsprachige Reisef\u00fchrer<\/li>\n<li>sehr g\u00fcnstiger Preis<\/li>\n<\/ul>\n<\/td>\n<td>\n<ul>\n<li>ziemlich lange Busfahrtzeit<\/li>\n<li>weniger Zeit f\u00fcr die Besichtigung von Sehensw\u00fcrdigkeiten<\/li>\n<li>Mittagessen nicht inbegriffen<\/li>\n<\/ul>\n<\/td>\n<\/tr>\n<tr class=\"alt\">\n<td>Zug<\/td>\n<td>\n<ul>\n<li>Mittagessen nicht inbegriffen und k\u00fcrzere Reisezeit (gute Kombination)<\/li>\n<li>kostenlose Besichtigung der Stadt ( bei freier Zeit, k\u00f6nnen Sie besichtigen, was Sie m\u00f6chten)<\/li>\n<li>Hop-on\/Hop-off-Bus, der den ganzen Tag an allen wichtigen Sehensw\u00fcrdigkeiten h\u00e4lt<\/li>\n<li>Mittagessen im Hard Rock Cafe in Washington<\/li>\n<\/ul>\n<\/td>\n<td>\n<ul>\n<li>etwas h\u00f6here Preise, aber immer noch realistisch und durchaltbar<\/li>\n<li>kein Reisef\u00fchrer<\/li>\n<li>Sie m\u00fcssen selbst organisieren, was Sie in der Stadt sehen m\u00f6chten<\/li>\n<\/ul>\n<\/td>\n<\/tr>\n<\/tbody>\n<\/table>\n<p>&nbsp;<\/p>\n<div class=\"fbanner\">\n<p><span class=\"ftitle\">Empfohlene Version<\/span><\/p>\n<p>Meiner Meinung nach ist <strong>die optimale Version <\/strong>diejenige, die eine<strong> Zugfahrt <\/strong>beinhaltet, <strong>aufgrund der Vorteile und dem Preis<\/strong>. Allerdings sind der Reisef\u00fchrer und die Planung nicht inbegriffen, aber das ist f\u00fcr mich kein Problem, denn es ist immer noch sch\u00f6n und geh\u00f6rt zum Urlaub dazu, die Aktivit\u00e4ten zu planen, wie Sie es f\u00fcr New York getan haben.<\/p>\n<p><strong>Wenn Sie den Komfort suchen<\/strong>, alles organisiert zu haben, <strong>w\u00e4hlen Sie die Option mit dem Bus<\/strong>. Einerseits verliert man mehr Zeit auf der Reise, aber andererseits ist alles gut organisiert, und die Anwesenheit des Reisef\u00fchrers (in deutscher Sprache) ist immer ein unbestreitbarer Mehrwert. Das alles zu einem sehr g\u00fcnstigen Preis.<\/p>\n<p>Von der Variante mit dem Flugzeug rate ich eher ab, die Preise sind f\u00fcr einen Tagesausflug sehr hoch. Wenn es keine besonderen Gr\u00fcnde gibt, ist es besser, sich f\u00fcr die anderen M\u00f6glichkeiten zu entscheiden und Geld f\u00fcr andere Aktivit\u00e4ten zu sparen.<\/p>\n<\/div>\n<p>Ich empfehle Ihnen, vor der Buchung <strong>die Einzelheiten, und Bedingungen des Veranstalters<\/strong> zu lesen, die Sie unter den angegebenen Links finden.<br \/>\nInformieren Sie sich \u00fcber verf\u00fcgbare Tage, Check-in-Zeiten und Treffpunkte.<\/p>\n<p><em>NewYorkFacile.it.it \u00fcbernimmt keine Verantwortung f\u00fcr \u00c4nderungen des Programms und der Bedingungen und\/oder f\u00fcr die G\u00fcltigkeit der Informationen in diesem Artikel. Bitte lesen Sie die Bedingungen auf der Webseite des Tour-Anbieters sorgf\u00e4ltig durch.<\/em><\/p>\n<h3>Ist eine Tagestour von New York nach Washington lohnenswert?<\/h3>\n<p>Um eine klare Antwort geben zu k\u00f6nnen, muss man immer bedenken, <strong>welche Art von Urlaub in New York man macht<\/strong> oder plant.<\/p>\n<p>Ein Besuch in der Hauptstadt der Vereinigten Staaten lohnt sich auf jeden Fall, denn die Kosten f\u00fcr die Tour sind gering und es gibt viel zu sehen. Das Stadtzentrum und die wichtigsten Sehensw\u00fcrdigkeiten Washingtons sind leicht zu erreichen, so dass der Besuch <strong>ein paar Stunden in Anspruch nehmen wird<\/strong>, ohne viel Zeit f\u00fcr die Fahrten zu verschwenden.<\/p>\n<p>Dies gilt umso mehr, wenn Ihr Urlaub von mittlerer L\u00e4nge ist (etwa 10 Tage), denn dann bleibt mehr als genug Zeit, um auch New York zu besuchen.<br \/>\nBei k\u00fcrzeren Urlauben (4-5 Tage oder so) und vor allem, wenn es Ihr erster Urlaub im Big Apple ist, sollten Sie bedenken, dass ein Besuch in Washington DC einen Tag von der Besichtigung New Yorks abzieht.<\/p>\n<p>Ein pers\u00f6nlicher Tipp: Versuchen Sie, die Tour gegen <strong>Mitte oder Ende Ihres Urlaubs zu machen<\/strong>, da Sie dann nat\u00fcrlich m\u00fcder sind und die Busfahrt nutzen k\u00f6nnen, um Ihre Beine auszuruhen.<\/p>\n<p>Wenn Sie einen l\u00e4ngeren Urlaub planen, sollten Sie einen <strong>Ausflug zu den Niagaraf\u00e4llen <\/strong>und nach <strong>Boston<\/strong> oder <strong>Philadelphia <\/strong>in Erw\u00e4gung ziehen, zwei unterschiedliche, aber sehr interessante Ausflugsziele, die Ihren Urlaub in New York und an der Ostk\u00fcste der USA bereichern.<\/p>\n<h2>Washington von New York aus im DIY-Modus besuchen<\/h2>\n<p>Wie bei allen anderen Aktivit\u00e4ten <strong>kann man auch diesen Ausflug selbst organisieren<\/strong>, ohne sich auf eine Tour zu verlassen, wie sie in diesem Artikel vorgeschlagen wird.<\/p>\n<p>Allerdings<strong> muss man die Bequemlichkeit abw\u00e4gen<\/strong>: Die DIY-Organisation lohnt sich meiner Meinung nach nur, wenn man sich die Tage anders einteilen und mindestens eine Nacht in Washington bleiben m\u00f6chte.<br \/>\nIn diesem Fall ist es sinnvoll, eine Minitour zu planen, da Sie nicht an die Termine eines organisierten Ausflugs gebunden sind.<\/p>\n<p>Man muss sich \u00fcber die Organisation ein wenig Gedanken machen, angefangen bei der Wahl des Transportmittels, \u00fcber den Reiseplan, das Essen und die \u00dcbernachtung &#8211; eine Art DIY-Mini-Urlaub.<br \/>\nDas ist nicht immer etwas Schlechtes &#8211; im Gegenteil, <strong>viele Touristen lieben diese Art der Vorbereitung<\/strong>, es ist Teil der Urlaubsstimmung. Je nachdem, was f\u00fcr ein Tourist Sie sind, sollten Sie sich also f\u00fcr die eine oder die andere L\u00f6sung entscheiden.<\/p>\n<p>Ich werde in diesem Artikel keine detaillierten Informationen \u00fcber das DIY geben, weil es einfach zu viele m\u00f6gliche M\u00f6glichkeiten gibt und ich eine eigene Seite nur f\u00fcr dieses Thema er\u00f6ffnen m\u00fcsste. Ich m\u00f6chte jedoch ein paar Worte \u00fcber <strong>die M\u00f6glichkeit des Kaufs eines Passes f\u00fcr Washington DC<\/strong> sagen.<\/p>\n<h3>Pass-Attraktionen nach Washington DC<\/h3>\n<p><span style=\"text-decoration: underline;\">Derzeit sind keine Touristenp\u00e4sse f\u00fcr Washington, D.C. auf dem Markt erh\u00e4ltlich.<\/span><br \/>\nDeshalb stehen uns keine Tools zur Verf\u00fcgung, mit denen wir bei den Eintrittspreisen f\u00fcr Sehensw\u00fcrdigkeiten der Stadt nennenswert sparen k\u00f6nnten.<br \/>\nWenn ihr also bei einem individuellen Besuch einige Attraktionen in Washington besichtigen m\u00f6chtet, m\u00fcsst ihr f\u00fcr jede einzelne ein separates Ticket kaufen.<br \/>\nAllerdings ist die durchschnittliche Aufenthaltsdauer in Washington meist nicht so lang, sodass die Anzahl der besuchten Attraktionen begrenzt bleibt \u2013 und das Fehlen eines Touristenpasses weniger ins Gewicht f\u00e4llt.<br \/>\nAus diesem Grund bieten die wichtigsten Anbieter derzeit keinen speziellen Pass f\u00fcr Washington, D.C. an.<\/p>\n<div id=\"mobile_toc_toggle\" class=\"mobile-toc-toggle\" aria-hidden=\"true\" aria-expanded=\"false\" style=\"display:none\">\n    <span style=\"display: flex;flex-direction: column;align-items: center\">\n        <svg xmlns=\"http:\/\/www.w3.org\/2000\/svg\" width=\"24\" height=\"24\" fill=\"white\">\n            <circle cx=\"12\" cy=\"12\" r=\"10\" stroke=\"black\" stroke-width=\"2\" fill=\"white\" \/>\n            <rect x=\"11\" y=\"7\" width=\"2\" height=\"2\" fill=\"black\" \/>\n            <rect x=\"11\" y=\"11\" width=\"2\" height=\"6\" fill=\"black\" \/>\n        <\/svg>\n        <span style=\"margin-top: 4px;font-weight:bold\">INDEX<\/span>\n    <\/span>\n<\/div>\n<div id=\"mobile_toc_container\" class=\"mobile-toc-container\" aria-hidden=\"true\" role=\"dialog\" aria-labelledby=\"mobile_toc_toggle\">\n    <a id=\"mobile_toc_close\" class=\"mobile-toc-close\" aria-hidden=\"true\">X<\/a>\n<\/div>","protected":false},"excerpt":{"rendered":"<p>Ein Tagesausflug von New York nach Washington ist sicherlich einer der beliebtesten Ausfl\u00fcge w\u00e4hrend Ihres Urlaubs im Big Apple. Die Hauptstadt der Vereinigten Staaten, Washington D.C., kann von New York aus in nur einem Tag besichtigt werden, dank der Touren, die einen einfachen und gef\u00fchrten Ausflug erm\u00f6glichen, ohne dass man sich um die Planung k\u00fcmmern [&hellip;]<\/p>\n","protected":false},"author":2,"featured_media":14599,"parent":13889,"menu_order":0,"comment_status":"open","ping_status":"closed","template":"","meta":{"_acf_changed":false,"footnotes":""},"class_list":["post-14596","page","type-page","status-publish","has-post-thumbnail","hentry"],"acf":[],"yoast_head":"<!-- This site is optimized with the Yoast SEO plugin v27.4 - https:\/\/yoast.com\/product\/yoast-seo-wordpress\/ -->\n<title>Tagesausflug von New York nach Washington mit Bus, Zug, DIY<\/title>\n<meta name=\"description\" content=\"M\u00f6chten Sie Washington DC w\u00e4hrend Ihres Urlaubs in New York besuchen? Hier finden Sie, wie Ihren Tagesausflug nach Washington planen.\" \/>\n<meta name=\"robots\" content=\"index, follow, max-snippet:-1, max-image-preview:large, max-video-preview:-1\" \/>\n<link rel=\"canonical\" href=\"https:\/\/www.newyorkfacile.it\/de\/new-york-ausfluege\/washington-von-new-york\/\" \/>\n<meta property=\"og:locale\" content=\"de_DE\" \/>\n<meta property=\"og:type\" content=\"article\" \/>\n<meta property=\"og:title\" content=\"Tagesausflug von New York nach Washington mit Bus, Zug, DIY\" \/>\n<meta property=\"og:description\" content=\"M\u00f6chten Sie Washington DC w\u00e4hrend Ihres Urlaubs in New York besuchen? Hier finden Sie, wie Ihren Tagesausflug nach Washington planen.\" \/>\n<meta property=\"og:url\" content=\"https:\/\/www.newyorkfacile.it\/de\/new-york-ausfluege\/washington-von-new-york\/\" \/>\n<meta property=\"og:site_name\" content=\"New York Facile - Deutsche Version\" \/>\n<meta property=\"article:modified_time\" content=\"2025-09-04T14:31:58+00:00\" \/>\n<meta property=\"og:image\" content=\"https:\/\/www.newyorkfacile.it\/de\/wp-content\/uploads\/von-new-york-nach-washington_evid.jpeg\" \/>\n\t<meta property=\"og:image:width\" content=\"667\" \/>\n\t<meta property=\"og:image:height\" content=\"476\" \/>\n\t<meta property=\"og:image:type\" content=\"image\/jpeg\" \/>\n<meta name=\"twitter:label1\" content=\"Gesch\u00e4tzte Lesezeit\" \/>\n\t<meta name=\"twitter:data1\" content=\"10\u00a0Minuten\" \/>\n<script type=\"application\/ld+json\" class=\"yoast-schema-graph\">{\"@context\":\"https:\\\/\\\/schema.org\",\"@graph\":[{\"@type\":\"WebPage\",\"@id\":\"https:\\\/\\\/www.newyorkfacile.it\\\/de\\\/new-york-ausfluege\\\/washington-von-new-york\\\/\",\"url\":\"https:\\\/\\\/www.newyorkfacile.it\\\/de\\\/new-york-ausfluege\\\/washington-von-new-york\\\/\",\"name\":\"Tagesausflug von New York nach Washington mit Bus, Zug, DIY\",\"isPartOf\":{\"@id\":\"https:\\\/\\\/www.newyorkfacile.it\\\/de\\\/#website\"},\"primaryImageOfPage\":{\"@id\":\"https:\\\/\\\/www.newyorkfacile.it\\\/de\\\/new-york-ausfluege\\\/washington-von-new-york\\\/#primaryimage\"},\"image\":{\"@id\":\"https:\\\/\\\/www.newyorkfacile.it\\\/de\\\/new-york-ausfluege\\\/washington-von-new-york\\\/#primaryimage\"},\"thumbnailUrl\":\"https:\\\/\\\/www.newyorkfacile.it\\\/de\\\/wp-content\\\/uploads\\\/von-new-york-nach-washington_evid.jpeg\",\"datePublished\":\"2024-01-07T15:24:14+00:00\",\"dateModified\":\"2025-09-04T14:31:58+00:00\",\"description\":\"M\u00f6chten Sie Washington DC w\u00e4hrend Ihres Urlaubs in New York besuchen? Hier finden Sie, wie Ihren Tagesausflug nach Washington planen.\",\"breadcrumb\":{\"@id\":\"https:\\\/\\\/www.newyorkfacile.it\\\/de\\\/new-york-ausfluege\\\/washington-von-new-york\\\/#breadcrumb\"},\"inLanguage\":\"de\",\"potentialAction\":[{\"@type\":\"ReadAction\",\"target\":[\"https:\\\/\\\/www.newyorkfacile.it\\\/de\\\/new-york-ausfluege\\\/washington-von-new-york\\\/\"]}]},{\"@type\":\"ImageObject\",\"inLanguage\":\"de\",\"@id\":\"https:\\\/\\\/www.newyorkfacile.it\\\/de\\\/new-york-ausfluege\\\/washington-von-new-york\\\/#primaryimage\",\"url\":\"https:\\\/\\\/www.newyorkfacile.it\\\/de\\\/wp-content\\\/uploads\\\/von-new-york-nach-washington_evid.jpeg\",\"contentUrl\":\"https:\\\/\\\/www.newyorkfacile.it\\\/de\\\/wp-content\\\/uploads\\\/von-new-york-nach-washington_evid.jpeg\",\"width\":667,\"height\":476,\"caption\":\"Tagesausflug von New York nach Washington\"},{\"@type\":\"BreadcrumbList\",\"@id\":\"https:\\\/\\\/www.newyorkfacile.it\\\/de\\\/new-york-ausfluege\\\/washington-von-new-york\\\/#breadcrumb\",\"itemListElement\":[{\"@type\":\"ListItem\",\"position\":1,\"name\":\"New York Einfach\",\"item\":\"https:\\\/\\\/www.newyorkfacile.it\\\/de\\\/\"},{\"@type\":\"ListItem\",\"position\":2,\"name\":\"New York Ausfl\u00fcge\",\"item\":\"https:\\\/\\\/www.newyorkfacile.it\\\/de\\\/new-york-ausfluege\\\/\"},{\"@type\":\"ListItem\",\"position\":3,\"name\":\"Tagesausflug von New York nach Washington\"}]},{\"@type\":\"WebSite\",\"@id\":\"https:\\\/\\\/www.newyorkfacile.it\\\/de\\\/#website\",\"url\":\"https:\\\/\\\/www.newyorkfacile.it\\\/de\\\/\",\"name\":\"New York Einfach\",\"description\":\"Alle Infos und Tipps f\u00fcr eine Reise nach New York\",\"publisher\":{\"@id\":\"https:\\\/\\\/www.newyorkfacile.it\\\/de\\\/#organization\"},\"potentialAction\":[{\"@type\":\"SearchAction\",\"target\":{\"@type\":\"EntryPoint\",\"urlTemplate\":\"https:\\\/\\\/www.newyorkfacile.it\\\/de\\\/?s={search_term_string}\"},\"query-input\":{\"@type\":\"PropertyValueSpecification\",\"valueRequired\":true,\"valueName\":\"search_term_string\"}}],\"inLanguage\":\"de\"},{\"@type\":\"Organization\",\"@id\":\"https:\\\/\\\/www.newyorkfacile.it\\\/de\\\/#organization\",\"name\":\"New York Einfach\",\"url\":\"https:\\\/\\\/www.newyorkfacile.it\\\/de\\\/\",\"logo\":{\"@type\":\"ImageObject\",\"inLanguage\":\"de\",\"@id\":\"https:\\\/\\\/www.newyorkfacile.it\\\/de\\\/#\\\/schema\\\/logo\\\/image\\\/\",\"url\":\"https:\\\/\\\/www.newyorkfacile.it\\\/de\\\/wp-content\\\/uploads\\\/newyorkfacile-logo.jpg\",\"contentUrl\":\"https:\\\/\\\/www.newyorkfacile.it\\\/de\\\/wp-content\\\/uploads\\\/newyorkfacile-logo.jpg\",\"width\":300,\"height\":80,\"caption\":\"New York Einfach\"},\"image\":{\"@id\":\"https:\\\/\\\/www.newyorkfacile.it\\\/de\\\/#\\\/schema\\\/logo\\\/image\\\/\"}}]}<\/script>\n<!-- \/ Yoast SEO plugin. -->","yoast_head_json":{"title":"Tagesausflug von New York nach Washington mit Bus, Zug, DIY","description":"M\u00f6chten Sie Washington DC w\u00e4hrend Ihres Urlaubs in New York besuchen? Hier finden Sie, wie Ihren Tagesausflug nach Washington planen.","robots":{"index":"index","follow":"follow","max-snippet":"max-snippet:-1","max-image-preview":"max-image-preview:large","max-video-preview":"max-video-preview:-1"},"canonical":"https:\/\/www.newyorkfacile.it\/de\/new-york-ausfluege\/washington-von-new-york\/","og_locale":"de_DE","og_type":"article","og_title":"Tagesausflug von New York nach Washington mit Bus, Zug, DIY","og_description":"M\u00f6chten Sie Washington DC w\u00e4hrend Ihres Urlaubs in New York besuchen? Hier finden Sie, wie Ihren Tagesausflug nach Washington planen.","og_url":"https:\/\/www.newyorkfacile.it\/de\/new-york-ausfluege\/washington-von-new-york\/","og_site_name":"New York Facile - Deutsche Version","article_modified_time":"2025-09-04T14:31:58+00:00","og_image":[{"width":667,"height":476,"url":"https:\/\/www.newyorkfacile.it\/de\/wp-content\/uploads\/von-new-york-nach-washington_evid.jpeg","type":"image\/jpeg"}],"twitter_misc":{"Gesch\u00e4tzte Lesezeit":"10\u00a0Minuten"},"schema":{"@context":"https:\/\/schema.org","@graph":[{"@type":"WebPage","@id":"https:\/\/www.newyorkfacile.it\/de\/new-york-ausfluege\/washington-von-new-york\/","url":"https:\/\/www.newyorkfacile.it\/de\/new-york-ausfluege\/washington-von-new-york\/","name":"Tagesausflug von New York nach Washington mit Bus, Zug, DIY","isPartOf":{"@id":"https:\/\/www.newyorkfacile.it\/de\/#website"},"primaryImageOfPage":{"@id":"https:\/\/www.newyorkfacile.it\/de\/new-york-ausfluege\/washington-von-new-york\/#primaryimage"},"image":{"@id":"https:\/\/www.newyorkfacile.it\/de\/new-york-ausfluege\/washington-von-new-york\/#primaryimage"},"thumbnailUrl":"https:\/\/www.newyorkfacile.it\/de\/wp-content\/uploads\/von-new-york-nach-washington_evid.jpeg","datePublished":"2024-01-07T15:24:14+00:00","dateModified":"2025-09-04T14:31:58+00:00","description":"M\u00f6chten Sie Washington DC w\u00e4hrend Ihres Urlaubs in New York besuchen? Hier finden Sie, wie Ihren Tagesausflug nach Washington planen.","breadcrumb":{"@id":"https:\/\/www.newyorkfacile.it\/de\/new-york-ausfluege\/washington-von-new-york\/#breadcrumb"},"inLanguage":"de","potentialAction":[{"@type":"ReadAction","target":["https:\/\/www.newyorkfacile.it\/de\/new-york-ausfluege\/washington-von-new-york\/"]}]},{"@type":"ImageObject","inLanguage":"de","@id":"https:\/\/www.newyorkfacile.it\/de\/new-york-ausfluege\/washington-von-new-york\/#primaryimage","url":"https:\/\/www.newyorkfacile.it\/de\/wp-content\/uploads\/von-new-york-nach-washington_evid.jpeg","contentUrl":"https:\/\/www.newyorkfacile.it\/de\/wp-content\/uploads\/von-new-york-nach-washington_evid.jpeg","width":667,"height":476,"caption":"Tagesausflug von New York nach Washington"},{"@type":"BreadcrumbList","@id":"https:\/\/www.newyorkfacile.it\/de\/new-york-ausfluege\/washington-von-new-york\/#breadcrumb","itemListElement":[{"@type":"ListItem","position":1,"name":"New York Einfach","item":"https:\/\/www.newyorkfacile.it\/de\/"},{"@type":"ListItem","position":2,"name":"New York Ausfl\u00fcge","item":"https:\/\/www.newyorkfacile.it\/de\/new-york-ausfluege\/"},{"@type":"ListItem","position":3,"name":"Tagesausflug von New York nach Washington"}]},{"@type":"WebSite","@id":"https:\/\/www.newyorkfacile.it\/de\/#website","url":"https:\/\/www.newyorkfacile.it\/de\/","name":"New York Einfach","description":"Alle Infos und Tipps f\u00fcr eine Reise nach New York","publisher":{"@id":"https:\/\/www.newyorkfacile.it\/de\/#organization"},"potentialAction":[{"@type":"SearchAction","target":{"@type":"EntryPoint","urlTemplate":"https:\/\/www.newyorkfacile.it\/de\/?s={search_term_string}"},"query-input":{"@type":"PropertyValueSpecification","valueRequired":true,"valueName":"search_term_string"}}],"inLanguage":"de"},{"@type":"Organization","@id":"https:\/\/www.newyorkfacile.it\/de\/#organization","name":"New York Einfach","url":"https:\/\/www.newyorkfacile.it\/de\/","logo":{"@type":"ImageObject","inLanguage":"de","@id":"https:\/\/www.newyorkfacile.it\/de\/#\/schema\/logo\/image\/","url":"https:\/\/www.newyorkfacile.it\/de\/wp-content\/uploads\/newyorkfacile-logo.jpg","contentUrl":"https:\/\/www.newyorkfacile.it\/de\/wp-content\/uploads\/newyorkfacile-logo.jpg","width":300,"height":80,"caption":"New York Einfach"},"image":{"@id":"https:\/\/www.newyorkfacile.it\/de\/#\/schema\/logo\/image\/"}}]}},"_links":{"self":[{"href":"https:\/\/www.newyorkfacile.it\/de\/wp-json\/wp\/v2\/pages\/14596","targetHints":{"allow":["GET"]}}],"collection":[{"href":"https:\/\/www.newyorkfacile.it\/de\/wp-json\/wp\/v2\/pages"}],"about":[{"href":"https:\/\/www.newyorkfacile.it\/de\/wp-json\/wp\/v2\/types\/page"}],"author":[{"embeddable":true,"href":"https:\/\/www.newyorkfacile.it\/de\/wp-json\/wp\/v2\/users\/2"}],"replies":[{"embeddable":true,"href":"https:\/\/www.newyorkfacile.it\/de\/wp-json\/wp\/v2\/comments?post=14596"}],"version-history":[{"count":0,"href":"https:\/\/www.newyorkfacile.it\/de\/wp-json\/wp\/v2\/pages\/14596\/revisions"}],"up":[{"embeddable":true,"href":"https:\/\/www.newyorkfacile.it\/de\/wp-json\/wp\/v2\/pages\/13889"}],"wp:featuredmedia":[{"embeddable":true,"href":"https:\/\/www.newyorkfacile.it\/de\/wp-json\/wp\/v2\/media\/14599"}],"wp:attachment":[{"href":"https:\/\/www.newyorkfacile.it\/de\/wp-json\/wp\/v2\/media?parent=14596"}],"curies":[{"name":"wp","href":"https:\/\/api.w.org\/{rel}","templated":true}]}}