{"id":13941,"date":"2020-12-06T18:46:54","date_gmt":"2020-12-06T17:46:54","guid":{"rendered":"https:\/\/www.newyorkfacile.it\/de\/?page_id=13941"},"modified":"2024-12-05T16:29:12","modified_gmt":"2024-12-05T15:29:12","slug":"tipps","status":"publish","type":"page","link":"https:\/\/www.newyorkfacile.it\/de\/tipps\/","title":{"rendered":"New York Tipps und Wissenswertes"},"content":{"rendered":"<p>Dieser Abschnitt enth\u00e4lt einige <strong>n\u00fctzliche Tipps und Wissenswertes \u00fcber New York<\/strong>. Kleine Neugier und wesentliche Details, die Ihnen nach Ihrer Ankunft am Zielort n\u00fctzlich sein werden und die Sie vor Ihrer Abreise genau informieren.<\/p>\n<p>Viele davon sind Ihnen vielleicht in den Filmen aufgefallen, andere k\u00f6nnen Sie durch das Lesen dieser Artikel finden, so dass <strong>Sie den Big Apple komplett vorbereitet entdecken k\u00f6nnen<\/strong>.<br \/>\n<div class=\"column column-4-5\"><div><div class=\"st_icon_box st_icon_box_32\" style=\"background-image: url(https:\/\/www.newyorkfacile.it\/de\/wp-content\/plugins\/stkit\/assets\/images\/icons\/32\/glyphs\/gray\/time.png)\">\n<p><strong>Die Zeitzone New Yorks liegt 6 Stunden hinter der deutschen Zeitzone.<br \/>\n<\/strong><strong>Die Daten werden zuerst mit dem Monat und dann mit dem Tag angegeben.<\/strong><\/p>\n<\/div>\n<\/div><\/div><div class=\"clear\"><!-- --><\/div>\n<p><strong>New York unterscheidet sich, wie der Rest der Vereinigten Staaten, in vielerlei Hinsicht von unseren Gewohnheiten.<\/strong> Man handelt mit einer anderen W\u00e4hrung, mit anderen Masseinheit, anderen Gr\u00f6\u00dfen von Schuhen und Kleidung, einer anderen Zeitzone, anderen Steckdosen&#8230; selbst die Art und Weise, wie das Datum geschrieben wird, ist anders.<\/p>\n<p>Wenn Sie beim Einkaufen sind, m\u00fcssen Sie Ihre amerikanische Gr\u00f6\u00dfe herausfinden und den Preis der Kleidung berechnen, indem Sie die W\u00e4hrung wechseln. Wenn Sie jemanden in Europa anrufen wollen, m\u00fcssen Sie die Zeitzone berechnen, um ihn nicht mitten in der Nacht zu wecken. Wenn Sie unterwegs nach Informationen fragen, wird man Ihnen Entfernungen in Meilen angeben.<\/p>\n<p>Ein guter Tipp ist es also, Ihren Taschenrechner und einige Anwendungen f\u00fcr W\u00e4hrungsumstellungen auf Ihrem Smartphone griffbereit zu halten!<\/p>\n<p><strong>Sehen wir uns die Tipps und Wissenswertes \u00fcber New York im Detail an.<\/strong><\/p>\n\n<h2>Der Euro\/US-Dollar-Wechselkurs<\/h2>\n<p><img decoding=\"async\" class=\"alignleft wp-image-13962 size-full\" src=\"https:\/\/www.newyorkfacile.it\/de\/wp-content\/uploads\/euro-us-dollar.jpg\" alt=\"Euro\/US-Dollar-Wechselkurs\" width=\"150\" height=\"150\" \/>Euros werden in New York nicht akzeptiert, und die Preise werden nat\u00fcrlich in <strong>Dollar<\/strong> angegeben.\u00a0 Besorgen Sie sich also eine solche Anwendung, auch wenn Sie sich nach ein paar Tagen daran gew\u00f6hnen, eine grobe Umrechnung im Kopf zu berechnen. Vermeiden Sie es, am Flughafen Geld zu wechseln, und vergessen Sie Ihre <strong>Kreditkarte<\/strong> nicht. Die Amerikaner lieben es, und <strong>man kann damit so gut wie alles bezahlen<\/strong>. Seien Sie jedoch vorsichtig, dass sie f\u00fcr internationale Zahlungen aktiviert ist, und \u00fcberlegen Sie, ob die verf\u00fcgbare Obergrenze erh\u00f6ht werden soll.<\/p>\n<hr \/>\n<h2>Die Steuern<\/h2>\n<p><img decoding=\"async\" class=\"alignleft size-full wp-image-13963\" src=\"https:\/\/www.newyorkfacile.it\/de\/wp-content\/uploads\/steuern-new-york.jpg\" alt=\"Steuern New York\" width=\"150\" height=\"150\" \/>Die meisten <strong>Preise<\/strong>, <strong>die<\/strong> in den Gesch\u00e4ften (Elektronik, Kleidung, Schuhe usw.) <strong>angezeigt werden<\/strong>, enthalten keine Steuern, die beim Bezahlen auf der Quittung verrechnet werden. Das sind <strong>8,875%<\/strong> der Gesamtzahl. Es gibt jedoch <strong>Ausnahmen<\/strong>: Um zum Kauf von Kleidung anzuregen, sind alle Einzelartikel unter 110 Dollar steuerfrei.<\/p>\n<hr \/>\n<h2>Das\u00a0Trinkgeld IST OBLIGATORISCH<\/h2>\n<p><img decoding=\"async\" class=\"alignleft size-full wp-image-13964\" src=\"https:\/\/www.newyorkfacile.it\/de\/wp-content\/uploads\/trinkgeld-new-york.jpg\" alt=\"Trinkgeld New Uork\" width=\"150\" height=\"150\" \/>Das Trinkgeld ist fast obligatorisch. Im<strong> Restaurant bleiben etwa 20% \u00fcbrig<\/strong> (auf der Quittung ist ein Feld, auf dem Sie angeben k\u00f6nnen, wie viel Trinkgeld Sie geben m\u00f6chten), an der Bar ist ein Dollar pro Bestellung in Ordnung.<\/p>\n<p>Sie k\u00f6nnen auch Trinkgeld f\u00fcr <strong>Taxifahrer<\/strong> (ein paar Dollar oder mehr, wenn Sie eine lange Reise machen) und <strong>Kellnerinnen<\/strong> auf den Etagen geben, die Ihr Zimmer im Hotel reinigen.<\/p>\n<hr \/>\n<h2>Der elektrischer Strom<\/h2>\n<p><img decoding=\"async\" class=\"alignleft wp-image-13966\" src=\"https:\/\/www.newyorkfacile.it\/de\/wp-content\/uploads\/elektrischer-strom.jpg\" alt=\"elektrischer Strom\" width=\"80\" height=\"120\" \/>F\u00fcr den Betrieb Ihrer elektrischen Ger\u00e4te (Ladeger\u00e4t, Haartrockner, Rasierapparat usw.) empfehle ich Ihnen, sich mit einem <strong>Adapter<\/strong> f\u00fcr die Steckdose und eventuell auch mit einem <strong>Transformator<\/strong> auszur\u00fcsten.<\/p>\n<hr \/>\n<h2>Messungen, Gr\u00f6ssen und Abst\u00e4nde<\/h2>\n<p><img decoding=\"async\" class=\"alignleft size-full wp-image-13968\" src=\"https:\/\/www.newyorkfacile.it\/de\/wp-content\/uploads\/Messungen-new-york.gif\" alt=\"messungen, gr\u00f6ssen und abst\u00e4nde\" width=\"150\" height=\"150\" \/>Die Ma\u00dfeinheiten f\u00fcr L\u00e4ngen, Gewichte und Kapazit\u00e4ten unterscheiden sich von den deutschen Einheiten. Sie wissen vielleicht mehr oder weniger, was eine Meile ist, aber k\u00f6nnen Sie sagen, wie viel ein <strong>Yard<\/strong> ist?\u00a0 Oder, wenn man Ihnen sagt, dass es drau\u00dfen 40 Grad sind, ist es dann hei\u00df oder kalt? Seien Sie vorsichtig, wie Sie antworten, denn <strong>die Temperatur in New York<\/strong> wird in Grad Fahrenheit ausgedr\u00fcckt! Aber vor allem, wenn Sie wild ein Aber vor allem, wenn Sie wild einkaufen, <strong>wie gro\u00df sind Sie in New York?<\/strong><\/p>\n<p>Laden Sie eine der vielen Anwendungen f\u00fcr W\u00e4hrungsumstellung herunter, damit alles einfacher wird.<\/p>\n<hr \/>\n<h2>Darf man an \u00f6ffentlichen Orten rauchen?<\/h2>\n<p>Die Regeln und <strong>Rauchverbote in New York<\/strong> sind ziemlich umfangreich. <strong>Wenn Sie also Raucher sind, ist es gut, diese Regeln zu kennen<\/strong>. Erstens f\u00fcr gute Umgangsform und zweitens, um keine Geldstrafe zu riskieren. Rauchverbot in den R\u00e4umlichkeiten, au\u00dfer in den daf\u00fcr vorgesehenen R\u00e4umen.\u00a0 An den Str\u00e4nden, in den Parks, auf Pl\u00e4tzen und sogar auf den B\u00fcrgersteigen ist das Rauchen verboten, wenn Sie sich in der N\u00e4he des Eingangs eines Geb\u00e4udes oder Einkaufszentrums befinden. <strong>Das Leben ist hart f\u00fcr Raucher in New York City<\/strong>, selbst bei den Preis der Zigaretten: eine Schachtel kostet 10-15 Dollar.\u00a0 Der Verkauf von Zigaretten an Personen unter 21 Jahren ist nicht erlaubt.<\/p>\n<hr \/>\n<h2>Kein Alkohol unter 21 Jahren.<\/h2>\n<p>F\u00fcr Kinder unter 21 Jahren gibt es neben dem Verbot, Zigaretten zu kaufen, auch ein Verbot des Verkaufs von Alkohol. Deshalb <strong>werden sie nicht in der Lage sein, praktisch jeden Club und Nachtclub in New York City zu betreten<\/strong>. Aus dem gleichen Grund ist es gut, <strong>den Reisepass mitzubringen<\/strong>, um die Auswahl am Eingang zu bestehen, wenn Sie einen sch\u00f6nen Abend verbringen wollen und unter drei\u00dfig Jahre alt sind.<\/p>\n<hr \/>\n<h2>Verbot des Alkoholkonsums auf der Strasse<\/h2>\n<p>Eine Neuerung: Es ist verboten, auf der Stra\u00dfe Alkohol zu trinken. Sie riskieren eine Geldstrafe.<\/p>\n<hr \/>\n<h2>Andere n\u00fctzliche Tipps<\/h2>\n<p>Was ich gern tue und was ich bei allen Reisen, die ich unternommen habe, als n\u00fctzlich empfunden habe, ist, <strong>so bald wie m\u00f6glich zum Fremdenverkehrsb\u00fcro der Stadt zu gehen<\/strong>. Dort finden Sie v\u00f6llig <strong>kostenlose Stadtpl\u00e4ne<\/strong>, Brosch\u00fcren \u00fcber Sehensw\u00fcrdigkeiten, Shows im Kalender, U-Bahn- und Buspl\u00e4ne (sonst ist es fast unm\u00f6glich, den Busplan zu finden), Rabattcoupons und Mitarbeiter, das immer verf\u00fcgbar und freundlich ist, um alle Fragen zu beantworten.<\/p>\n<p>Das New Yorker Fremdenverkehrsb\u00fcro befindet sich zwischen der 7th Avenue und der 53rd Street und ist von 8.00 bis 20.00 Uhr ge\u00f6ffnet \u2013 <a href=\"https:\/\/www.nyctourism.com\/de\/\" target=\"_blank\" rel=\"noopener\">nyctourism.com<\/a><\/p>\n<div id=\"mobile_toc_toggle\" class=\"mobile-toc-toggle\" aria-hidden=\"true\" aria-expanded=\"false\" style=\"display:none\">\n    <span style=\"display: flex;flex-direction: column;align-items: center\">\n        <svg xmlns=\"http:\/\/www.w3.org\/2000\/svg\" width=\"24\" height=\"24\" fill=\"white\">\n            <circle cx=\"12\" cy=\"12\" r=\"10\" stroke=\"black\" stroke-width=\"2\" fill=\"white\" \/>\n            <rect x=\"11\" y=\"7\" width=\"2\" height=\"2\" fill=\"black\" \/>\n            <rect x=\"11\" y=\"11\" width=\"2\" height=\"6\" fill=\"black\" \/>\n        <\/svg>\n        <span style=\"margin-top: 4px;font-weight:bold\">INDEX<\/span>\n    <\/span>\n<\/div>\n<div id=\"mobile_toc_container\" class=\"mobile-toc-container\" aria-hidden=\"true\" role=\"dialog\" aria-labelledby=\"mobile_toc_toggle\">\n    <a id=\"mobile_toc_close\" class=\"mobile-toc-close\" aria-hidden=\"true\">X<\/a>\n<\/div>","protected":false},"excerpt":{"rendered":"<p>Dieser Abschnitt enth\u00e4lt einige n\u00fctzliche Tipps und Wissenswertes \u00fcber New York. Kleine Neugier und wesentliche Details, die Ihnen nach Ihrer Ankunft am Zielort n\u00fctzlich sein werden und die Sie vor Ihrer Abreise genau informieren. Viele davon sind Ihnen vielleicht in den Filmen aufgefallen, andere k\u00f6nnen Sie durch das Lesen dieser Artikel finden, so dass Sie [&hellip;]<\/p>\n","protected":false},"author":2,"featured_media":0,"parent":0,"menu_order":0,"comment_status":"open","ping_status":"closed","template":"","meta":{"_acf_changed":false,"footnotes":""},"class_list":["post-13941","page","type-page","status-publish","hentry"],"acf":[],"yoast_head":"<!-- This site is optimized with the Yoast SEO plugin v27.5 - https:\/\/yoast.com\/product\/yoast-seo-wordpress\/ -->\n<title>New York n\u00fctzliche Tipps und Wissenswertes f\u00fcr Ihre Reise<\/title>\n<meta name=\"description\" content=\"Geheimtipps und Insider Hinweise \u00fcber New York City. Kleine Neugier und wesentliche Details f\u00fcr Ihren New York St\u00e4dtetrip.\" \/>\n<meta name=\"robots\" content=\"index, follow, max-snippet:-1, max-image-preview:large, max-video-preview:-1\" \/>\n<link rel=\"canonical\" href=\"https:\/\/www.newyorkfacile.it\/de\/tipps\/\" \/>\n<meta property=\"og:locale\" content=\"de_DE\" \/>\n<meta property=\"og:type\" content=\"article\" \/>\n<meta property=\"og:title\" content=\"New York n\u00fctzliche Tipps und Wissenswertes f\u00fcr Ihre Reise\" \/>\n<meta property=\"og:description\" content=\"Geheimtipps und Insider Hinweise \u00fcber New York City. Kleine Neugier und wesentliche Details f\u00fcr Ihren New York St\u00e4dtetrip.\" \/>\n<meta property=\"og:url\" content=\"https:\/\/www.newyorkfacile.it\/de\/tipps\/\" \/>\n<meta property=\"og:site_name\" content=\"New York Facile - Deutsche Version\" \/>\n<meta property=\"article:modified_time\" content=\"2024-12-05T15:29:12+00:00\" \/>\n<meta property=\"og:image\" content=\"https:\/\/www.newyorkfacile.it\/de\/wp-content\/uploads\/euro-us-dollar.jpg\" \/>\n\t<meta property=\"og:image:width\" content=\"150\" \/>\n\t<meta property=\"og:image:height\" content=\"150\" \/>\n\t<meta property=\"og:image:type\" content=\"image\/jpeg\" \/>\n<meta name=\"twitter:label1\" content=\"Gesch\u00e4tzte Lesezeit\" \/>\n\t<meta name=\"twitter:data1\" content=\"6\u00a0Minuten\" \/>\n<script type=\"application\/ld+json\" class=\"yoast-schema-graph\">{\"@context\":\"https:\\\/\\\/schema.org\",\"@graph\":[{\"@type\":\"WebPage\",\"@id\":\"https:\\\/\\\/www.newyorkfacile.it\\\/de\\\/tipps\\\/\",\"url\":\"https:\\\/\\\/www.newyorkfacile.it\\\/de\\\/tipps\\\/\",\"name\":\"New York n\u00fctzliche Tipps und Wissenswertes f\u00fcr Ihre Reise\",\"isPartOf\":{\"@id\":\"https:\\\/\\\/www.newyorkfacile.it\\\/de\\\/#website\"},\"primaryImageOfPage\":{\"@id\":\"https:\\\/\\\/www.newyorkfacile.it\\\/de\\\/tipps\\\/#primaryimage\"},\"image\":{\"@id\":\"https:\\\/\\\/www.newyorkfacile.it\\\/de\\\/tipps\\\/#primaryimage\"},\"thumbnailUrl\":\"https:\\\/\\\/www.newyorkfacile.it\\\/de\\\/wp-content\\\/uploads\\\/euro-us-dollar.jpg\",\"datePublished\":\"2020-12-06T17:46:54+00:00\",\"dateModified\":\"2024-12-05T15:29:12+00:00\",\"description\":\"Geheimtipps und Insider Hinweise \u00fcber New York City. Kleine Neugier und wesentliche Details f\u00fcr Ihren New York St\u00e4dtetrip.\",\"breadcrumb\":{\"@id\":\"https:\\\/\\\/www.newyorkfacile.it\\\/de\\\/tipps\\\/#breadcrumb\"},\"inLanguage\":\"de\",\"potentialAction\":[{\"@type\":\"ReadAction\",\"target\":[\"https:\\\/\\\/www.newyorkfacile.it\\\/de\\\/tipps\\\/\"]}]},{\"@type\":\"ImageObject\",\"inLanguage\":\"de\",\"@id\":\"https:\\\/\\\/www.newyorkfacile.it\\\/de\\\/tipps\\\/#primaryimage\",\"url\":\"https:\\\/\\\/www.newyorkfacile.it\\\/de\\\/wp-content\\\/uploads\\\/euro-us-dollar.jpg\",\"contentUrl\":\"https:\\\/\\\/www.newyorkfacile.it\\\/de\\\/wp-content\\\/uploads\\\/euro-us-dollar.jpg\",\"width\":150,\"height\":150,\"caption\":\"Euro\"},{\"@type\":\"BreadcrumbList\",\"@id\":\"https:\\\/\\\/www.newyorkfacile.it\\\/de\\\/tipps\\\/#breadcrumb\",\"itemListElement\":[{\"@type\":\"ListItem\",\"position\":1,\"name\":\"New York Einfach\",\"item\":\"https:\\\/\\\/www.newyorkfacile.it\\\/de\\\/\"},{\"@type\":\"ListItem\",\"position\":2,\"name\":\"New York Tipps und Wissenswertes\"}]},{\"@type\":\"WebSite\",\"@id\":\"https:\\\/\\\/www.newyorkfacile.it\\\/de\\\/#website\",\"url\":\"https:\\\/\\\/www.newyorkfacile.it\\\/de\\\/\",\"name\":\"New York Einfach\",\"description\":\"Alle Infos und Tipps f\u00fcr eine Reise nach New York\",\"publisher\":{\"@id\":\"https:\\\/\\\/www.newyorkfacile.it\\\/de\\\/#organization\"},\"potentialAction\":[{\"@type\":\"SearchAction\",\"target\":{\"@type\":\"EntryPoint\",\"urlTemplate\":\"https:\\\/\\\/www.newyorkfacile.it\\\/de\\\/?s={search_term_string}\"},\"query-input\":{\"@type\":\"PropertyValueSpecification\",\"valueRequired\":true,\"valueName\":\"search_term_string\"}}],\"inLanguage\":\"de\"},{\"@type\":\"Organization\",\"@id\":\"https:\\\/\\\/www.newyorkfacile.it\\\/de\\\/#organization\",\"name\":\"New York Einfach\",\"url\":\"https:\\\/\\\/www.newyorkfacile.it\\\/de\\\/\",\"logo\":{\"@type\":\"ImageObject\",\"inLanguage\":\"de\",\"@id\":\"https:\\\/\\\/www.newyorkfacile.it\\\/de\\\/#\\\/schema\\\/logo\\\/image\\\/\",\"url\":\"https:\\\/\\\/www.newyorkfacile.it\\\/de\\\/wp-content\\\/uploads\\\/newyorkfacile-logo.jpg\",\"contentUrl\":\"https:\\\/\\\/www.newyorkfacile.it\\\/de\\\/wp-content\\\/uploads\\\/newyorkfacile-logo.jpg\",\"width\":300,\"height\":80,\"caption\":\"New York Einfach\"},\"image\":{\"@id\":\"https:\\\/\\\/www.newyorkfacile.it\\\/de\\\/#\\\/schema\\\/logo\\\/image\\\/\"}}]}<\/script>\n<!-- \/ Yoast SEO plugin. -->","yoast_head_json":{"title":"New York n\u00fctzliche Tipps und Wissenswertes f\u00fcr Ihre Reise","description":"Geheimtipps und Insider Hinweise \u00fcber New York City. Kleine Neugier und wesentliche Details f\u00fcr Ihren New York St\u00e4dtetrip.","robots":{"index":"index","follow":"follow","max-snippet":"max-snippet:-1","max-image-preview":"max-image-preview:large","max-video-preview":"max-video-preview:-1"},"canonical":"https:\/\/www.newyorkfacile.it\/de\/tipps\/","og_locale":"de_DE","og_type":"article","og_title":"New York n\u00fctzliche Tipps und Wissenswertes f\u00fcr Ihre Reise","og_description":"Geheimtipps und Insider Hinweise \u00fcber New York City. Kleine Neugier und wesentliche Details f\u00fcr Ihren New York St\u00e4dtetrip.","og_url":"https:\/\/www.newyorkfacile.it\/de\/tipps\/","og_site_name":"New York Facile - Deutsche Version","article_modified_time":"2024-12-05T15:29:12+00:00","og_image":[{"width":150,"height":150,"url":"https:\/\/www.newyorkfacile.it\/de\/wp-content\/uploads\/euro-us-dollar.jpg","type":"image\/jpeg"}],"twitter_misc":{"Gesch\u00e4tzte Lesezeit":"6\u00a0Minuten"},"schema":{"@context":"https:\/\/schema.org","@graph":[{"@type":"WebPage","@id":"https:\/\/www.newyorkfacile.it\/de\/tipps\/","url":"https:\/\/www.newyorkfacile.it\/de\/tipps\/","name":"New York n\u00fctzliche Tipps und Wissenswertes f\u00fcr Ihre Reise","isPartOf":{"@id":"https:\/\/www.newyorkfacile.it\/de\/#website"},"primaryImageOfPage":{"@id":"https:\/\/www.newyorkfacile.it\/de\/tipps\/#primaryimage"},"image":{"@id":"https:\/\/www.newyorkfacile.it\/de\/tipps\/#primaryimage"},"thumbnailUrl":"https:\/\/www.newyorkfacile.it\/de\/wp-content\/uploads\/euro-us-dollar.jpg","datePublished":"2020-12-06T17:46:54+00:00","dateModified":"2024-12-05T15:29:12+00:00","description":"Geheimtipps und Insider Hinweise \u00fcber New York City. Kleine Neugier und wesentliche Details f\u00fcr Ihren New York St\u00e4dtetrip.","breadcrumb":{"@id":"https:\/\/www.newyorkfacile.it\/de\/tipps\/#breadcrumb"},"inLanguage":"de","potentialAction":[{"@type":"ReadAction","target":["https:\/\/www.newyorkfacile.it\/de\/tipps\/"]}]},{"@type":"ImageObject","inLanguage":"de","@id":"https:\/\/www.newyorkfacile.it\/de\/tipps\/#primaryimage","url":"https:\/\/www.newyorkfacile.it\/de\/wp-content\/uploads\/euro-us-dollar.jpg","contentUrl":"https:\/\/www.newyorkfacile.it\/de\/wp-content\/uploads\/euro-us-dollar.jpg","width":150,"height":150,"caption":"Euro"},{"@type":"BreadcrumbList","@id":"https:\/\/www.newyorkfacile.it\/de\/tipps\/#breadcrumb","itemListElement":[{"@type":"ListItem","position":1,"name":"New York Einfach","item":"https:\/\/www.newyorkfacile.it\/de\/"},{"@type":"ListItem","position":2,"name":"New York Tipps und Wissenswertes"}]},{"@type":"WebSite","@id":"https:\/\/www.newyorkfacile.it\/de\/#website","url":"https:\/\/www.newyorkfacile.it\/de\/","name":"New York Einfach","description":"Alle Infos und Tipps f\u00fcr eine Reise nach New York","publisher":{"@id":"https:\/\/www.newyorkfacile.it\/de\/#organization"},"potentialAction":[{"@type":"SearchAction","target":{"@type":"EntryPoint","urlTemplate":"https:\/\/www.newyorkfacile.it\/de\/?s={search_term_string}"},"query-input":{"@type":"PropertyValueSpecification","valueRequired":true,"valueName":"search_term_string"}}],"inLanguage":"de"},{"@type":"Organization","@id":"https:\/\/www.newyorkfacile.it\/de\/#organization","name":"New York Einfach","url":"https:\/\/www.newyorkfacile.it\/de\/","logo":{"@type":"ImageObject","inLanguage":"de","@id":"https:\/\/www.newyorkfacile.it\/de\/#\/schema\/logo\/image\/","url":"https:\/\/www.newyorkfacile.it\/de\/wp-content\/uploads\/newyorkfacile-logo.jpg","contentUrl":"https:\/\/www.newyorkfacile.it\/de\/wp-content\/uploads\/newyorkfacile-logo.jpg","width":300,"height":80,"caption":"New York Einfach"},"image":{"@id":"https:\/\/www.newyorkfacile.it\/de\/#\/schema\/logo\/image\/"}}]}},"_links":{"self":[{"href":"https:\/\/www.newyorkfacile.it\/de\/wp-json\/wp\/v2\/pages\/13941","targetHints":{"allow":["GET"]}}],"collection":[{"href":"https:\/\/www.newyorkfacile.it\/de\/wp-json\/wp\/v2\/pages"}],"about":[{"href":"https:\/\/www.newyorkfacile.it\/de\/wp-json\/wp\/v2\/types\/page"}],"author":[{"embeddable":true,"href":"https:\/\/www.newyorkfacile.it\/de\/wp-json\/wp\/v2\/users\/2"}],"replies":[{"embeddable":true,"href":"https:\/\/www.newyorkfacile.it\/de\/wp-json\/wp\/v2\/comments?post=13941"}],"version-history":[{"count":0,"href":"https:\/\/www.newyorkfacile.it\/de\/wp-json\/wp\/v2\/pages\/13941\/revisions"}],"wp:attachment":[{"href":"https:\/\/www.newyorkfacile.it\/de\/wp-json\/wp\/v2\/media?parent=13941"}],"curies":[{"name":"wp","href":"https:\/\/api.w.org\/{rel}","templated":true}]}}