{"id":13899,"date":"2020-11-13T19:48:31","date_gmt":"2020-11-13T18:48:31","guid":{"rendered":"https:\/\/www.newyorkfacile.it\/de\/?page_id=13899"},"modified":"2021-11-04T17:35:50","modified_gmt":"2021-11-04T16:35:50","slug":"weihnachtstouren-new-york","status":"publish","type":"page","link":"https:\/\/www.newyorkfacile.it\/de\/new-york-touren\/weihnachtstouren-new-york\/","title":{"rendered":"Die besten Weihnachtstouren in New York"},"content":{"rendered":"<p><strong>Der Charme von New York w\u00e4hrend der Weihnachtszeit ist einzigartig, magisch.\u00a0<\/strong><\/p>\n<p>Was eine Reise zum Big Apple zu dieser Jahreszeit noch aufregender macht, sind die Weihnachtsf\u00fchrungen in New York City, die zwischen Thanksgiving (Ende November) und den Tagen nach Silvester organisiert werden, um in Weihnachtsstimmung zu kommen und die charakteristischen Aspekte der Stadt auf einzigartige Weise zu bewundern.<\/p>\n<p>Organisieren Sie sich individuell, oder schlie\u00dfen Sie sich einer dieser Touren an, Sie d\u00fcrfen die Dyker Heights Lichtshow, die Weihnachtsm\u00e4rkte oder die festlich geschm\u00fcckten Fenster nicht verpassen.<\/p>\n<p>Hier sind <strong>die besten Weihnachtstouren in New York, die ich pers\u00f6nlich ausprobieren konnte oder die mir empfohlen wurden<\/strong>. Eine gro\u00dfartige Idee f\u00fcr all jene, die das Gl\u00fcck haben, zur Weihnachtszeit in New York Urlaub zu machen.<\/p>\n\n<p><strong>N.B.<\/strong> Einige Touren und die Radiocity-Show erfreuen sich gro\u00dfer Beliebtheit und die Verf\u00fcgbarkeit kann schnell ausgehen. Ich schlage Ihnen vor, Ihren Platz rechtzeitig zu reservieren.<\/p>\n<p>Seien Sie jedoch vorsichtig, wenn Sie Monate im Voraus nach Touren suchen, kann es sein, dass diese noch nicht verf\u00fcgbar sind.<\/p>\n<hr \/>\n<p><img decoding=\"async\" class=\"wp-image-13903 size-full aligncenter\" src=\"https:\/\/www.newyorkfacile.it\/de\/wp-content\/uploads\/dyker-heights-tour.jpg\" alt=\"Dyker Heights Tour\" width=\"500\" height=\"331\" \/><\/p>\n<h2>Dyker Heights Weihnachtslichter Tour<\/h2>\n<p><strong>Dyker Heights<\/strong>, ein kleiner Stadtteil in Brooklyn, <strong>ist ein Muss f\u00fcr Ihre Weihnachtsferien<\/strong> in New York City!<\/p>\n<p>Die Leuchten und Dekorationen dieser Stra\u00dfen sind zu einer Touristenattraktion geworden, die jedes Jahr von Tausenden von Menschen besucht wird.<\/p>\n<p>Sie werden sich f\u00fchlen, als w\u00fcrden Sie in das Land des Weihnachtsmanns teleportiert!<\/p>\n<p><strong><a href=\"https:\/\/www.getyourguide.com\/new-york-city-l59\/from-manhattan-dyker-heights-christmas-lights-bus-tour-t392962\/?partner_id=09ELXJ6&amp;cmp=de_tour-luci-natale\" target=\"_blank\" rel=\"nofollow noopener sponsored\">Zur Dyker Heights Tour<\/a><\/strong><\/p>\n<hr \/>\n<p><img decoding=\"async\" class=\"wp-image-13902 size-full aligncenter\" src=\"https:\/\/www.newyorkfacile.it\/de\/wp-content\/uploads\/Weihnachtsfilme-tour-new-york.jpg\" alt=\"Weihnachtsfilm-Rundfahrt durch New York\" width=\"500\" height=\"331\" \/><\/p>\n<h2>Weihnachtsfilm-Rundfahrt durch New York<\/h2>\n<p>Eine besondere, aber eindrucksvolle Tour, die Sie zu den wichtigsten Drehorten in New York f\u00fchrt, <strong>wo die ber\u00fchmtesten Weihnachtsfilme gedreht wurden<\/strong>, wie z.B. &#8222;Mom I missed the plane&#8220; oder &#8222;Serendipity&#8220;.<\/p>\n<p><strong><a href=\"https:\/\/www.getyourguide.de\/new-york-l59\/new-york-weihnachtslichter-filmschauplatze-bustour-t41221\/?partner_id=09ELXJ6\" target=\"_blank\" rel=\"nofollow noopener sponsored\">Zur Bustour zu Weihnachtslichtern und Filmst\u00e4tten<\/a><\/strong><\/p>\n<hr \/>\n<h2><img decoding=\"async\" class=\"aligncenter wp-image-13901 size-full\" src=\"https:\/\/www.newyorkfacile.it\/de\/wp-content\/uploads\/radiocity-christmas-spectacular.jpg\" alt=\"Radio Christmas Spectacular\" width=\"500\" height=\"331\" \/><\/h2>\n<h2>Radio Christmas Spectacular<\/h2>\n<p>Das Radio Christmas Spectacular ist die traditionelle New Yorker Weihnachtssendung.<\/p>\n<p>Die perfekt vorgetragene Choreographie der Rockettes, der Tanztruppe der Radio City Music Hall, wird Erwachsene und Kinder gleicherma\u00dfen verzaubern! Die ideale Show, um in Weihnachtsstimmung zu kommen.<\/p>\n<p><strong><a href=\"https:\/\/www.getyourguide.de\/new-york-l59\/new-york-city-weihnachtsspektakel-von-radio-city-t406291\/?partner_id=09ELXJ6\" target=\"_blank\" rel=\"nofollow noopener sponsored\">Kaufen Sie jetzt die Tickets f\u00fcr das Radiocity Christmas Spectacular<\/a><\/strong><\/p>\n<p>&nbsp;<\/p>\n<div id=\"mobile_toc_toggle\" class=\"mobile-toc-toggle\" aria-hidden=\"true\" aria-expanded=\"false\" style=\"display:none\">\n    <span style=\"display: flex;flex-direction: column;align-items: center\">\n        <svg xmlns=\"http:\/\/www.w3.org\/2000\/svg\" width=\"24\" height=\"24\" fill=\"white\">\n            <circle cx=\"12\" cy=\"12\" r=\"10\" stroke=\"black\" stroke-width=\"2\" fill=\"white\" \/>\n            <rect x=\"11\" y=\"7\" width=\"2\" height=\"2\" fill=\"black\" \/>\n            <rect x=\"11\" y=\"11\" width=\"2\" height=\"6\" fill=\"black\" \/>\n        <\/svg>\n        <span style=\"margin-top: 4px;font-weight:bold\">INDEX<\/span>\n    <\/span>\n<\/div>\n<div id=\"mobile_toc_container\" class=\"mobile-toc-container\" aria-hidden=\"true\" role=\"dialog\" aria-labelledby=\"mobile_toc_toggle\">\n    <a id=\"mobile_toc_close\" class=\"mobile-toc-close\" aria-hidden=\"true\">X<\/a>\n<\/div>","protected":false},"excerpt":{"rendered":"<p>Der Charme von New York w\u00e4hrend der Weihnachtszeit ist einzigartig, magisch.\u00a0 Was eine Reise zum Big Apple zu dieser Jahreszeit noch aufregender macht, sind die Weihnachtsf\u00fchrungen in New York City, die zwischen Thanksgiving (Ende November) und den Tagen nach Silvester organisiert werden, um in Weihnachtsstimmung zu kommen und die charakteristischen Aspekte der Stadt auf einzigartige [&hellip;]<\/p>\n","protected":false},"author":2,"featured_media":13904,"parent":13867,"menu_order":0,"comment_status":"open","ping_status":"closed","template":"","meta":{"_acf_changed":false,"footnotes":""},"class_list":["post-13899","page","type-page","status-publish","has-post-thumbnail","hentry"],"acf":[],"yoast_head":"<!-- This site is optimized with the Yoast SEO plugin v27.4 - https:\/\/yoast.com\/product\/yoast-seo-wordpress\/ -->\n<title>Die besten Weihnachtstouren in New York - Weihnachtszeit in NYC<\/title>\n<meta name=\"description\" content=\"Die besten Weihnachtstouren in New York, die ich pers\u00f6nlich ausprobieren konnte oder die mir empfohlen wurden.\" \/>\n<meta name=\"robots\" content=\"index, follow, max-snippet:-1, max-image-preview:large, max-video-preview:-1\" \/>\n<link rel=\"canonical\" href=\"https:\/\/www.newyorkfacile.it\/de\/new-york-touren\/weihnachtstouren-new-york\/\" \/>\n<meta property=\"og:locale\" content=\"de_DE\" \/>\n<meta property=\"og:type\" content=\"article\" \/>\n<meta property=\"og:title\" content=\"Die besten Weihnachtstouren in New York - Weihnachtszeit in NYC\" \/>\n<meta property=\"og:description\" content=\"Die besten Weihnachtstouren in New York, die ich pers\u00f6nlich ausprobieren konnte oder die mir empfohlen wurden.\" \/>\n<meta property=\"og:url\" content=\"https:\/\/www.newyorkfacile.it\/de\/new-york-touren\/weihnachtstouren-new-york\/\" \/>\n<meta property=\"og:site_name\" content=\"New York Facile - Deutsche Version\" \/>\n<meta property=\"article:modified_time\" content=\"2021-11-04T16:35:50+00:00\" \/>\n<meta property=\"og:image\" content=\"https:\/\/www.newyorkfacile.it\/de\/wp-content\/uploads\/weihnachtstouren-new-york.jpg\" \/>\n\t<meta property=\"og:image:width\" content=\"667\" \/>\n\t<meta property=\"og:image:height\" content=\"476\" \/>\n\t<meta property=\"og:image:type\" content=\"image\/jpeg\" \/>\n<meta name=\"twitter:label1\" content=\"Gesch\u00e4tzte Lesezeit\" \/>\n\t<meta name=\"twitter:data1\" content=\"2\u00a0Minuten\" \/>\n<script type=\"application\/ld+json\" class=\"yoast-schema-graph\">{\"@context\":\"https:\\\/\\\/schema.org\",\"@graph\":[{\"@type\":\"WebPage\",\"@id\":\"https:\\\/\\\/www.newyorkfacile.it\\\/de\\\/new-york-touren\\\/weihnachtstouren-new-york\\\/\",\"url\":\"https:\\\/\\\/www.newyorkfacile.it\\\/de\\\/new-york-touren\\\/weihnachtstouren-new-york\\\/\",\"name\":\"Die besten Weihnachtstouren in New York - Weihnachtszeit in NYC\",\"isPartOf\":{\"@id\":\"https:\\\/\\\/www.newyorkfacile.it\\\/de\\\/#website\"},\"primaryImageOfPage\":{\"@id\":\"https:\\\/\\\/www.newyorkfacile.it\\\/de\\\/new-york-touren\\\/weihnachtstouren-new-york\\\/#primaryimage\"},\"image\":{\"@id\":\"https:\\\/\\\/www.newyorkfacile.it\\\/de\\\/new-york-touren\\\/weihnachtstouren-new-york\\\/#primaryimage\"},\"thumbnailUrl\":\"https:\\\/\\\/www.newyorkfacile.it\\\/de\\\/wp-content\\\/uploads\\\/weihnachtstouren-new-york.jpg\",\"datePublished\":\"2020-11-13T18:48:31+00:00\",\"dateModified\":\"2021-11-04T16:35:50+00:00\",\"description\":\"Die besten Weihnachtstouren in New York, die ich pers\u00f6nlich ausprobieren konnte oder die mir empfohlen wurden.\",\"breadcrumb\":{\"@id\":\"https:\\\/\\\/www.newyorkfacile.it\\\/de\\\/new-york-touren\\\/weihnachtstouren-new-york\\\/#breadcrumb\"},\"inLanguage\":\"de\",\"potentialAction\":[{\"@type\":\"ReadAction\",\"target\":[\"https:\\\/\\\/www.newyorkfacile.it\\\/de\\\/new-york-touren\\\/weihnachtstouren-new-york\\\/\"]}]},{\"@type\":\"ImageObject\",\"inLanguage\":\"de\",\"@id\":\"https:\\\/\\\/www.newyorkfacile.it\\\/de\\\/new-york-touren\\\/weihnachtstouren-new-york\\\/#primaryimage\",\"url\":\"https:\\\/\\\/www.newyorkfacile.it\\\/de\\\/wp-content\\\/uploads\\\/weihnachtstouren-new-york.jpg\",\"contentUrl\":\"https:\\\/\\\/www.newyorkfacile.it\\\/de\\\/wp-content\\\/uploads\\\/weihnachtstouren-new-york.jpg\",\"width\":667,\"height\":476,\"caption\":\"Weihnachtstouren New York\"},{\"@type\":\"BreadcrumbList\",\"@id\":\"https:\\\/\\\/www.newyorkfacile.it\\\/de\\\/new-york-touren\\\/weihnachtstouren-new-york\\\/#breadcrumb\",\"itemListElement\":[{\"@type\":\"ListItem\",\"position\":1,\"name\":\"New York Einfach\",\"item\":\"https:\\\/\\\/www.newyorkfacile.it\\\/de\\\/\"},{\"@type\":\"ListItem\",\"position\":2,\"name\":\"New York Touren\",\"item\":\"https:\\\/\\\/www.newyorkfacile.it\\\/de\\\/new-york-touren\\\/\"},{\"@type\":\"ListItem\",\"position\":3,\"name\":\"Die besten Weihnachtstouren in New York\"}]},{\"@type\":\"WebSite\",\"@id\":\"https:\\\/\\\/www.newyorkfacile.it\\\/de\\\/#website\",\"url\":\"https:\\\/\\\/www.newyorkfacile.it\\\/de\\\/\",\"name\":\"New York Einfach\",\"description\":\"Alle Infos und Tipps f\u00fcr eine Reise nach New York\",\"publisher\":{\"@id\":\"https:\\\/\\\/www.newyorkfacile.it\\\/de\\\/#organization\"},\"potentialAction\":[{\"@type\":\"SearchAction\",\"target\":{\"@type\":\"EntryPoint\",\"urlTemplate\":\"https:\\\/\\\/www.newyorkfacile.it\\\/de\\\/?s={search_term_string}\"},\"query-input\":{\"@type\":\"PropertyValueSpecification\",\"valueRequired\":true,\"valueName\":\"search_term_string\"}}],\"inLanguage\":\"de\"},{\"@type\":\"Organization\",\"@id\":\"https:\\\/\\\/www.newyorkfacile.it\\\/de\\\/#organization\",\"name\":\"New York Einfach\",\"url\":\"https:\\\/\\\/www.newyorkfacile.it\\\/de\\\/\",\"logo\":{\"@type\":\"ImageObject\",\"inLanguage\":\"de\",\"@id\":\"https:\\\/\\\/www.newyorkfacile.it\\\/de\\\/#\\\/schema\\\/logo\\\/image\\\/\",\"url\":\"https:\\\/\\\/www.newyorkfacile.it\\\/de\\\/wp-content\\\/uploads\\\/newyorkfacile-logo.jpg\",\"contentUrl\":\"https:\\\/\\\/www.newyorkfacile.it\\\/de\\\/wp-content\\\/uploads\\\/newyorkfacile-logo.jpg\",\"width\":300,\"height\":80,\"caption\":\"New York Einfach\"},\"image\":{\"@id\":\"https:\\\/\\\/www.newyorkfacile.it\\\/de\\\/#\\\/schema\\\/logo\\\/image\\\/\"}}]}<\/script>\n<!-- \/ Yoast SEO plugin. -->","yoast_head_json":{"title":"Die besten Weihnachtstouren in New York - Weihnachtszeit in NYC","description":"Die besten Weihnachtstouren in New York, die ich pers\u00f6nlich ausprobieren konnte oder die mir empfohlen wurden.","robots":{"index":"index","follow":"follow","max-snippet":"max-snippet:-1","max-image-preview":"max-image-preview:large","max-video-preview":"max-video-preview:-1"},"canonical":"https:\/\/www.newyorkfacile.it\/de\/new-york-touren\/weihnachtstouren-new-york\/","og_locale":"de_DE","og_type":"article","og_title":"Die besten Weihnachtstouren in New York - Weihnachtszeit in NYC","og_description":"Die besten Weihnachtstouren in New York, die ich pers\u00f6nlich ausprobieren konnte oder die mir empfohlen wurden.","og_url":"https:\/\/www.newyorkfacile.it\/de\/new-york-touren\/weihnachtstouren-new-york\/","og_site_name":"New York Facile - Deutsche Version","article_modified_time":"2021-11-04T16:35:50+00:00","og_image":[{"width":667,"height":476,"url":"https:\/\/www.newyorkfacile.it\/de\/wp-content\/uploads\/weihnachtstouren-new-york.jpg","type":"image\/jpeg"}],"twitter_misc":{"Gesch\u00e4tzte Lesezeit":"2\u00a0Minuten"},"schema":{"@context":"https:\/\/schema.org","@graph":[{"@type":"WebPage","@id":"https:\/\/www.newyorkfacile.it\/de\/new-york-touren\/weihnachtstouren-new-york\/","url":"https:\/\/www.newyorkfacile.it\/de\/new-york-touren\/weihnachtstouren-new-york\/","name":"Die besten Weihnachtstouren in New York - Weihnachtszeit in NYC","isPartOf":{"@id":"https:\/\/www.newyorkfacile.it\/de\/#website"},"primaryImageOfPage":{"@id":"https:\/\/www.newyorkfacile.it\/de\/new-york-touren\/weihnachtstouren-new-york\/#primaryimage"},"image":{"@id":"https:\/\/www.newyorkfacile.it\/de\/new-york-touren\/weihnachtstouren-new-york\/#primaryimage"},"thumbnailUrl":"https:\/\/www.newyorkfacile.it\/de\/wp-content\/uploads\/weihnachtstouren-new-york.jpg","datePublished":"2020-11-13T18:48:31+00:00","dateModified":"2021-11-04T16:35:50+00:00","description":"Die besten Weihnachtstouren in New York, die ich pers\u00f6nlich ausprobieren konnte oder die mir empfohlen wurden.","breadcrumb":{"@id":"https:\/\/www.newyorkfacile.it\/de\/new-york-touren\/weihnachtstouren-new-york\/#breadcrumb"},"inLanguage":"de","potentialAction":[{"@type":"ReadAction","target":["https:\/\/www.newyorkfacile.it\/de\/new-york-touren\/weihnachtstouren-new-york\/"]}]},{"@type":"ImageObject","inLanguage":"de","@id":"https:\/\/www.newyorkfacile.it\/de\/new-york-touren\/weihnachtstouren-new-york\/#primaryimage","url":"https:\/\/www.newyorkfacile.it\/de\/wp-content\/uploads\/weihnachtstouren-new-york.jpg","contentUrl":"https:\/\/www.newyorkfacile.it\/de\/wp-content\/uploads\/weihnachtstouren-new-york.jpg","width":667,"height":476,"caption":"Weihnachtstouren New York"},{"@type":"BreadcrumbList","@id":"https:\/\/www.newyorkfacile.it\/de\/new-york-touren\/weihnachtstouren-new-york\/#breadcrumb","itemListElement":[{"@type":"ListItem","position":1,"name":"New York Einfach","item":"https:\/\/www.newyorkfacile.it\/de\/"},{"@type":"ListItem","position":2,"name":"New York Touren","item":"https:\/\/www.newyorkfacile.it\/de\/new-york-touren\/"},{"@type":"ListItem","position":3,"name":"Die besten Weihnachtstouren in New York"}]},{"@type":"WebSite","@id":"https:\/\/www.newyorkfacile.it\/de\/#website","url":"https:\/\/www.newyorkfacile.it\/de\/","name":"New York Einfach","description":"Alle Infos und Tipps f\u00fcr eine Reise nach New York","publisher":{"@id":"https:\/\/www.newyorkfacile.it\/de\/#organization"},"potentialAction":[{"@type":"SearchAction","target":{"@type":"EntryPoint","urlTemplate":"https:\/\/www.newyorkfacile.it\/de\/?s={search_term_string}"},"query-input":{"@type":"PropertyValueSpecification","valueRequired":true,"valueName":"search_term_string"}}],"inLanguage":"de"},{"@type":"Organization","@id":"https:\/\/www.newyorkfacile.it\/de\/#organization","name":"New York Einfach","url":"https:\/\/www.newyorkfacile.it\/de\/","logo":{"@type":"ImageObject","inLanguage":"de","@id":"https:\/\/www.newyorkfacile.it\/de\/#\/schema\/logo\/image\/","url":"https:\/\/www.newyorkfacile.it\/de\/wp-content\/uploads\/newyorkfacile-logo.jpg","contentUrl":"https:\/\/www.newyorkfacile.it\/de\/wp-content\/uploads\/newyorkfacile-logo.jpg","width":300,"height":80,"caption":"New York Einfach"},"image":{"@id":"https:\/\/www.newyorkfacile.it\/de\/#\/schema\/logo\/image\/"}}]}},"_links":{"self":[{"href":"https:\/\/www.newyorkfacile.it\/de\/wp-json\/wp\/v2\/pages\/13899","targetHints":{"allow":["GET"]}}],"collection":[{"href":"https:\/\/www.newyorkfacile.it\/de\/wp-json\/wp\/v2\/pages"}],"about":[{"href":"https:\/\/www.newyorkfacile.it\/de\/wp-json\/wp\/v2\/types\/page"}],"author":[{"embeddable":true,"href":"https:\/\/www.newyorkfacile.it\/de\/wp-json\/wp\/v2\/users\/2"}],"replies":[{"embeddable":true,"href":"https:\/\/www.newyorkfacile.it\/de\/wp-json\/wp\/v2\/comments?post=13899"}],"version-history":[{"count":0,"href":"https:\/\/www.newyorkfacile.it\/de\/wp-json\/wp\/v2\/pages\/13899\/revisions"}],"up":[{"embeddable":true,"href":"https:\/\/www.newyorkfacile.it\/de\/wp-json\/wp\/v2\/pages\/13867"}],"wp:featuredmedia":[{"embeddable":true,"href":"https:\/\/www.newyorkfacile.it\/de\/wp-json\/wp\/v2\/media\/13904"}],"wp:attachment":[{"href":"https:\/\/www.newyorkfacile.it\/de\/wp-json\/wp\/v2\/media?parent=13899"}],"curies":[{"name":"wp","href":"https:\/\/api.w.org\/{rel}","templated":true}]}}