{"id":13889,"date":"2020-11-13T19:09:30","date_gmt":"2020-11-13T18:09:30","guid":{"rendered":"https:\/\/www.newyorkfacile.it\/de\/?page_id=13889"},"modified":"2024-05-08T12:06:56","modified_gmt":"2024-05-08T10:06:56","slug":"new-york-ausfluege","status":"publish","type":"page","link":"https:\/\/www.newyorkfacile.it\/de\/new-york-ausfluege\/","title":{"rendered":"New York Ausfl\u00fcge"},"content":{"rendered":"<p>Ein Urlaub in New York City kann auch eine Gelegenheit sein, <strong>einige der Wunder der Umgebung mit einem Tagesausflug oder einem l\u00e4ngeren Ausflug zu besuchen<\/strong>.<\/p>\n<p>In New York City gibt es sicherlich viele Dinge zu sehen, aber <strong>wenn Sie mindestens eine Woche bleiben<\/strong> oder <strong>bereits in New York Urlaub gemacht haben<\/strong>, ist ein Ausflug in die Umgebung eine gro\u00dfartige Idee, um Ihre Reise zu vers\u00fc\u00dfen.<\/p>\n\n<p>Die n\u00e4chstgelegene Stadt, die Sie besuchen k\u00f6nnen, ist <strong>Philadelphia<\/strong>, wo Sie neben historischen Denkm\u00e4lern und lokalen Sehensw\u00fcrdigkeiten auch die M\u00f6glichkeit haben, die in der N\u00e4he lebende Amish-Gemeinschaft kennenzulernen.<\/p>\n<p>Die Hauptstadt <strong>Washington DC<\/strong>, Boston und andere wichtige St\u00e4dte an der <strong>Ostk\u00fcste der Vereinigten Staaten<\/strong> sind weiter entfernt, k\u00f6nnen aber auch auf einem Tagesausflug besucht werden. Sie sollten sich das <strong>bezaubernde Naturschauspiel der Niagaraf\u00e4lle<\/strong> nicht entgehen lassen.<\/p>\n<p>Wahrscheinlich reisen Sie nicht h\u00e4ufig um diese Orte herum. Mein Rat ist also, die Reise nach New York zu nutzen und einen dieser sch\u00f6nen Ausfl\u00fcge in Ihren Reiseplan aufzunehmen!<\/p>\n<p>Nachstehend sehen Sie einige <strong>der besten von mir ausgew\u00e4hlten Touren au\u00dferhalb New Yorks<\/strong>. Klicken Sie auf den Link, um die Seite mit allen detaillierten Informationen \u00fcber den Ausflug, die Verf\u00fcgbarkeit und die Preise anzuzeigen.<\/p>\n<h2><a href=\"https:\/\/www.newyorkfacile.it\/de\/new-york-ausfluege\/niagarafaelles-tour-new-york\/\"><img decoding=\"async\" class=\"size-full wp-image-13894 alignleft\" src=\"https:\/\/www.newyorkfacile.it\/de\/wp-content\/uploads\/niagarafalls-tagesausflug-new-york.jpg\" alt=\"Niagaraf\u00e4lles Tour von New York\" width=\"300\" height=\"214\" \/><\/a><a href=\"https:\/\/www.newyorkfacile.it\/de\/new-york-ausfluege\/niagarafaelles-tour-new-york\/\">Niagaraf\u00e4lles Tour von New York<\/a><\/h2>\n<p>Die Niagaraf\u00e4lle sind ohne Zweifel der <strong>klassischste und beliebteste Ausflug au\u00dferhalb von New York City<\/strong>.<\/p>\n<p><strong>Gro\u00dfartiges Naturschauspiel<\/strong>, f\u00fcr jeden geeignet, mindestens einmal im Leben sehenswert.\u00a0 Es besteht die M\u00f6glichkeit, am Fu\u00dfe der Wasserf\u00e4lle Ausfl\u00fcge mit dem Boot zu machen, wobei ein Reiseleiter zur Verf\u00fcgung steht. Entdecken Sie es in der 1- und 2-Tage-Version, per Flugzeug oder Bus.<\/p>\n<p><a href=\"https:\/\/www.newyorkfacile.it\/de\/new-york-ausfluege\/niagarafaelles-tour-new-york\/\"><strong>Infos und Preise zur Ausflug von New York zu den Niagara F\u00e4llen<\/strong><\/a><\/p>\n<hr \/>\n<h2><a href=\"https:\/\/www.anrdoezrs.net\/links\/9229715\/type\/dlg\/sid\/de_washington\/https:\/\/www.expedia.de\/go\/activity\/detail\/184049\/\" target=\"_blank\" rel=\"nofollow noopener sponsored\"><img decoding=\"async\" class=\"size-full wp-image-13893 alignleft\" src=\"https:\/\/www.newyorkfacile.it\/de\/wp-content\/uploads\/tagesasusflug-washington-nyc.jpg\" alt=\"Tagesausflug nach Washington DC\" width=\"300\" height=\"214\" \/>Tagesausflug von New York\u00a0nach Washington DC<\/a><\/h2>\n<p>Die Hauptstadt der USA, eine Stadt mit einem gro\u00dfen historischen und kulturellen Inhalt, ein Symbol Amerikas und Sitz der wichtigsten Staats- und Regierungsbeh\u00f6rden. Eine sicherlich interessante Tour dank der vielen zu besichtigenden Sehensw\u00fcrdigkeiten, die haupts\u00e4chlich tags\u00fcber (oder sogar zwei, wenn Sie Zeit oder ein besonderes Interesse an der Hauptstadt haben) besucht werden k\u00f6nnen.<\/p>\n<p><strong><a href=\"https:\/\/www.newyorkfacile.it\/de\/new-york-ausfluege\/washington-von-new-york\/\" target=\"_blank\" rel=\"nofollow noopener sponsored\">Infos und Preise zur Tagesausflug von New York nach Washington<\/a><\/strong><\/p>\n<hr \/>\n<h2><a href=\"https:\/\/www.anrdoezrs.net\/links\/9229715\/type\/dlg\/sid\/de_philadelphia\/https:\/\/www.expedia.de\/go\/activity\/detail\/183991\/\" target=\"_blank\" rel=\"nofollow noopener sponsored\"><img decoding=\"async\" class=\"size-full wp-image-13892 alignleft\" src=\"https:\/\/www.newyorkfacile.it\/de\/wp-content\/uploads\/tagesausflug-philadelphia.jpg\" alt=\"Tagesausflug von New York nach Philadelphia und Amish Country\" width=\"300\" height=\"214\" \/>Tagesausflug von New York nach Philadelphia<\/a><\/h2>\n<p>Von Rocky&#8217;s Treppenhaus zur Liberty Bell und zur Independence Hall. Dieses Reiseziel ist sehr intim und faszinierend und auch einen Besuch wert, um die Amish-Gemeinschaft kennenzulernen, jene, die aus freien St\u00fccken ohne die Dienste der modernen Technologie leben.<\/p>\n<p><strong><a href=\"https:\/\/www.newyorkfacile.it\/de\/new-york-ausfluege\/philadelphia-von-new-york\/\" target=\"_blank\" rel=\"nofollow noopener sponsored\">Infos und Preise zur Tagesausflug von New York nach Philadelphia<\/a><\/strong><\/p>\n<hr \/>\n<h2><a href=\"https:\/\/www.anrdoezrs.net\/links\/9229715\/type\/dlg\/sid\/de_boston\/https:\/\/www.expedia.de\/go\/activity\/detail\/183745\/\" target=\"_blank\" rel=\"nofollow noopener sponsored\"><img decoding=\"async\" class=\"size-full wp-image-13891 alignleft\" src=\"https:\/\/www.newyorkfacile.it\/de\/wp-content\/uploads\/tagesausflug-boston.jpg\" alt=\"Tagesausflug von New York nach Boston\" width=\"300\" height=\"214\" \/>Tagesausflug von New York nach Boston<\/a><\/h2>\n<p><strong>Ein kleines New York<\/strong> mit gro\u00dfem Charme. Kulturpol (in der N\u00e4he befindet sich der Harvard-Universit\u00e4tspol), ist ein leichter und sehr angenehmer Ausflug, um eine der ersten St\u00e4dte kennenzulernen, die in den Vereinigten Staaten gegr\u00fcndet wurden.<\/p>\n<p>Entdecken Sie die Details dieser preiswerten und empfohlenen Tour.<\/p>\n<p><strong><a href=\"https:\/\/www.anrdoezrs.net\/links\/9229715\/type\/dlg\/sid\/de_boston\/https:\/\/www.expedia.de\/go\/activity\/detail\/183745\/\" target=\"_blank\" rel=\"nofollow noopener sponsored\">Infos und Preise zur Tagesausflug von New York nach Boston<\/a><\/strong><\/p>\n<hr \/>\n<h2><a href=\"https:\/\/www.anrdoezrs.net\/links\/9229715\/type\/dlg\/sid\/de_outlet\/https:\/\/www.expedia.de\/go\/activity\/detail\/183795\/\" target=\"_blank\" rel=\"nofollow noopener sponsored\"><img decoding=\"async\" class=\"size-full wp-image-13890 alignleft\" src=\"https:\/\/www.newyorkfacile.it\/de\/wp-content\/uploads\/outlet-tour-new-york.jpg\" alt=\"Shopping-Tour zu den Woodbury Common Premium Outlets\" width=\"300\" height=\"214\" \/>Shopping-Tour zu den Woodbury Common Premium Outlets<\/a><strong><br \/>\n<\/strong><\/h2>\n<p>Wer liebt es nicht, einzukaufen? Diese Tour f\u00fchrt Sie etwas au\u00dferhalb von Manhattan, im kleinen Woodbury, wo es ein riesiges Einkaufszentrum mit<strong> \u00fcber 200 Modeboutiquen<\/strong> und branchen\u00fcbergreifenden Gesch\u00e4ften zu wettbewerbsf\u00e4higen Preisen gibt!<\/p>\n<p><strong><a href=\"https:\/\/www.anrdoezrs.net\/links\/9229715\/type\/dlg\/sid\/de_outlet\/https:\/\/www.expedia.de\/go\/activity\/detail\/183795\/\" target=\"_blank\" rel=\"nofollow noopener sponsored\">Infos und Preise zur Shopping-tour zu den Woodbury Outlets<\/a><\/strong><\/p>\n<p>&nbsp;<\/p>\n<div id=\"mobile_toc_toggle\" class=\"mobile-toc-toggle\" aria-hidden=\"true\" aria-expanded=\"false\" style=\"display:none\">\n    <span style=\"display: flex;flex-direction: column;align-items: center\">\n        <svg xmlns=\"http:\/\/www.w3.org\/2000\/svg\" width=\"24\" height=\"24\" fill=\"white\">\n            <circle cx=\"12\" cy=\"12\" r=\"10\" stroke=\"black\" stroke-width=\"2\" fill=\"white\" \/>\n            <rect x=\"11\" y=\"7\" width=\"2\" height=\"2\" fill=\"black\" \/>\n            <rect x=\"11\" y=\"11\" width=\"2\" height=\"6\" fill=\"black\" \/>\n        <\/svg>\n        <span style=\"margin-top: 4px;font-weight:bold\">INDEX<\/span>\n    <\/span>\n<\/div>\n<div id=\"mobile_toc_container\" class=\"mobile-toc-container\" aria-hidden=\"true\" role=\"dialog\" aria-labelledby=\"mobile_toc_toggle\">\n    <a id=\"mobile_toc_close\" class=\"mobile-toc-close\" aria-hidden=\"true\">X<\/a>\n<\/div>","protected":false},"excerpt":{"rendered":"<p>Ein Urlaub in New York City kann auch eine Gelegenheit sein, einige der Wunder der Umgebung mit einem Tagesausflug oder einem l\u00e4ngeren Ausflug zu besuchen. In New York City gibt es sicherlich viele Dinge zu sehen, aber wenn Sie mindestens eine Woche bleiben oder bereits in New York Urlaub gemacht haben, ist ein Ausflug in [&hellip;]<\/p>\n","protected":false},"author":2,"featured_media":0,"parent":0,"menu_order":0,"comment_status":"open","ping_status":"closed","template":"","meta":{"_acf_changed":false,"footnotes":""},"class_list":["post-13889","page","type-page","status-publish","hentry"],"acf":[],"yoast_head":"<!-- This site is optimized with the Yoast SEO plugin v27.4 - https:\/\/yoast.com\/product\/yoast-seo-wordpress\/ -->\n<title>Besten Ausfl\u00fcge von New York aus - Tagesausfl\u00fcge und Ausflugtipps<\/title>\n<meta name=\"description\" content=\"Entdecken Sie einige der Wunder der Umgebung mit einem Tagesausflug oder einem l\u00e4ngeren Ausflug von New York.\" \/>\n<meta name=\"robots\" content=\"index, follow, max-snippet:-1, max-image-preview:large, max-video-preview:-1\" \/>\n<link rel=\"canonical\" href=\"https:\/\/www.newyorkfacile.it\/de\/new-york-ausfluege\/\" \/>\n<meta property=\"og:locale\" content=\"de_DE\" \/>\n<meta property=\"og:type\" content=\"article\" \/>\n<meta property=\"og:title\" content=\"Besten Ausfl\u00fcge von New York aus - Tagesausfl\u00fcge und Ausflugtipps\" \/>\n<meta property=\"og:description\" content=\"Entdecken Sie einige der Wunder der Umgebung mit einem Tagesausflug oder einem l\u00e4ngeren Ausflug von New York.\" \/>\n<meta property=\"og:url\" content=\"https:\/\/www.newyorkfacile.it\/de\/new-york-ausfluege\/\" \/>\n<meta property=\"og:site_name\" content=\"New York Facile - Deutsche Version\" \/>\n<meta property=\"article:modified_time\" content=\"2024-05-08T10:06:56+00:00\" \/>\n<meta property=\"og:image\" content=\"https:\/\/www.newyorkfacile.it\/de\/wp-content\/uploads\/niagarafalls-tagesausflug-new-york.jpg\" \/>\n<meta name=\"twitter:label1\" content=\"Gesch\u00e4tzte Lesezeit\" \/>\n\t<meta name=\"twitter:data1\" content=\"4\u00a0Minuten\" \/>\n<script type=\"application\/ld+json\" class=\"yoast-schema-graph\">{\"@context\":\"https:\\\/\\\/schema.org\",\"@graph\":[{\"@type\":\"WebPage\",\"@id\":\"https:\\\/\\\/www.newyorkfacile.it\\\/de\\\/new-york-ausfluege\\\/\",\"url\":\"https:\\\/\\\/www.newyorkfacile.it\\\/de\\\/new-york-ausfluege\\\/\",\"name\":\"Besten Ausfl\u00fcge von New York aus - Tagesausfl\u00fcge und Ausflugtipps\",\"isPartOf\":{\"@id\":\"https:\\\/\\\/www.newyorkfacile.it\\\/de\\\/#website\"},\"primaryImageOfPage\":{\"@id\":\"https:\\\/\\\/www.newyorkfacile.it\\\/de\\\/new-york-ausfluege\\\/#primaryimage\"},\"image\":{\"@id\":\"https:\\\/\\\/www.newyorkfacile.it\\\/de\\\/new-york-ausfluege\\\/#primaryimage\"},\"thumbnailUrl\":\"https:\\\/\\\/www.newyorkfacile.it\\\/de\\\/wp-content\\\/uploads\\\/niagarafalls-tagesausflug-new-york.jpg\",\"datePublished\":\"2020-11-13T18:09:30+00:00\",\"dateModified\":\"2024-05-08T10:06:56+00:00\",\"description\":\"Entdecken Sie einige der Wunder der Umgebung mit einem Tagesausflug oder einem l\u00e4ngeren Ausflug von New York.\",\"breadcrumb\":{\"@id\":\"https:\\\/\\\/www.newyorkfacile.it\\\/de\\\/new-york-ausfluege\\\/#breadcrumb\"},\"inLanguage\":\"de\",\"potentialAction\":[{\"@type\":\"ReadAction\",\"target\":[\"https:\\\/\\\/www.newyorkfacile.it\\\/de\\\/new-york-ausfluege\\\/\"]}]},{\"@type\":\"ImageObject\",\"inLanguage\":\"de\",\"@id\":\"https:\\\/\\\/www.newyorkfacile.it\\\/de\\\/new-york-ausfluege\\\/#primaryimage\",\"url\":\"https:\\\/\\\/www.newyorkfacile.it\\\/de\\\/wp-content\\\/uploads\\\/niagarafalls-tagesausflug-new-york.jpg\",\"contentUrl\":\"https:\\\/\\\/www.newyorkfacile.it\\\/de\\\/wp-content\\\/uploads\\\/niagarafalls-tagesausflug-new-york.jpg\",\"width\":300,\"height\":214,\"caption\":\"Niagaraf\u00e4lles Tour von New York\"},{\"@type\":\"BreadcrumbList\",\"@id\":\"https:\\\/\\\/www.newyorkfacile.it\\\/de\\\/new-york-ausfluege\\\/#breadcrumb\",\"itemListElement\":[{\"@type\":\"ListItem\",\"position\":1,\"name\":\"New York Einfach\",\"item\":\"https:\\\/\\\/www.newyorkfacile.it\\\/de\\\/\"},{\"@type\":\"ListItem\",\"position\":2,\"name\":\"New York Ausfl\u00fcge\"}]},{\"@type\":\"WebSite\",\"@id\":\"https:\\\/\\\/www.newyorkfacile.it\\\/de\\\/#website\",\"url\":\"https:\\\/\\\/www.newyorkfacile.it\\\/de\\\/\",\"name\":\"New York Einfach\",\"description\":\"Alle Infos und Tipps f\u00fcr eine Reise nach New York\",\"publisher\":{\"@id\":\"https:\\\/\\\/www.newyorkfacile.it\\\/de\\\/#organization\"},\"potentialAction\":[{\"@type\":\"SearchAction\",\"target\":{\"@type\":\"EntryPoint\",\"urlTemplate\":\"https:\\\/\\\/www.newyorkfacile.it\\\/de\\\/?s={search_term_string}\"},\"query-input\":{\"@type\":\"PropertyValueSpecification\",\"valueRequired\":true,\"valueName\":\"search_term_string\"}}],\"inLanguage\":\"de\"},{\"@type\":\"Organization\",\"@id\":\"https:\\\/\\\/www.newyorkfacile.it\\\/de\\\/#organization\",\"name\":\"New York Einfach\",\"url\":\"https:\\\/\\\/www.newyorkfacile.it\\\/de\\\/\",\"logo\":{\"@type\":\"ImageObject\",\"inLanguage\":\"de\",\"@id\":\"https:\\\/\\\/www.newyorkfacile.it\\\/de\\\/#\\\/schema\\\/logo\\\/image\\\/\",\"url\":\"https:\\\/\\\/www.newyorkfacile.it\\\/de\\\/wp-content\\\/uploads\\\/newyorkfacile-logo.jpg\",\"contentUrl\":\"https:\\\/\\\/www.newyorkfacile.it\\\/de\\\/wp-content\\\/uploads\\\/newyorkfacile-logo.jpg\",\"width\":300,\"height\":80,\"caption\":\"New York Einfach\"},\"image\":{\"@id\":\"https:\\\/\\\/www.newyorkfacile.it\\\/de\\\/#\\\/schema\\\/logo\\\/image\\\/\"}}]}<\/script>\n<!-- \/ Yoast SEO plugin. -->","yoast_head_json":{"title":"Besten Ausfl\u00fcge von New York aus - Tagesausfl\u00fcge und Ausflugtipps","description":"Entdecken Sie einige der Wunder der Umgebung mit einem Tagesausflug oder einem l\u00e4ngeren Ausflug von New York.","robots":{"index":"index","follow":"follow","max-snippet":"max-snippet:-1","max-image-preview":"max-image-preview:large","max-video-preview":"max-video-preview:-1"},"canonical":"https:\/\/www.newyorkfacile.it\/de\/new-york-ausfluege\/","og_locale":"de_DE","og_type":"article","og_title":"Besten Ausfl\u00fcge von New York aus - Tagesausfl\u00fcge und Ausflugtipps","og_description":"Entdecken Sie einige der Wunder der Umgebung mit einem Tagesausflug oder einem l\u00e4ngeren Ausflug von New York.","og_url":"https:\/\/www.newyorkfacile.it\/de\/new-york-ausfluege\/","og_site_name":"New York Facile - Deutsche Version","article_modified_time":"2024-05-08T10:06:56+00:00","og_image":[{"url":"https:\/\/www.newyorkfacile.it\/de\/wp-content\/uploads\/niagarafalls-tagesausflug-new-york.jpg","type":"","width":"","height":""}],"twitter_misc":{"Gesch\u00e4tzte Lesezeit":"4\u00a0Minuten"},"schema":{"@context":"https:\/\/schema.org","@graph":[{"@type":"WebPage","@id":"https:\/\/www.newyorkfacile.it\/de\/new-york-ausfluege\/","url":"https:\/\/www.newyorkfacile.it\/de\/new-york-ausfluege\/","name":"Besten Ausfl\u00fcge von New York aus - Tagesausfl\u00fcge und Ausflugtipps","isPartOf":{"@id":"https:\/\/www.newyorkfacile.it\/de\/#website"},"primaryImageOfPage":{"@id":"https:\/\/www.newyorkfacile.it\/de\/new-york-ausfluege\/#primaryimage"},"image":{"@id":"https:\/\/www.newyorkfacile.it\/de\/new-york-ausfluege\/#primaryimage"},"thumbnailUrl":"https:\/\/www.newyorkfacile.it\/de\/wp-content\/uploads\/niagarafalls-tagesausflug-new-york.jpg","datePublished":"2020-11-13T18:09:30+00:00","dateModified":"2024-05-08T10:06:56+00:00","description":"Entdecken Sie einige der Wunder der Umgebung mit einem Tagesausflug oder einem l\u00e4ngeren Ausflug von New York.","breadcrumb":{"@id":"https:\/\/www.newyorkfacile.it\/de\/new-york-ausfluege\/#breadcrumb"},"inLanguage":"de","potentialAction":[{"@type":"ReadAction","target":["https:\/\/www.newyorkfacile.it\/de\/new-york-ausfluege\/"]}]},{"@type":"ImageObject","inLanguage":"de","@id":"https:\/\/www.newyorkfacile.it\/de\/new-york-ausfluege\/#primaryimage","url":"https:\/\/www.newyorkfacile.it\/de\/wp-content\/uploads\/niagarafalls-tagesausflug-new-york.jpg","contentUrl":"https:\/\/www.newyorkfacile.it\/de\/wp-content\/uploads\/niagarafalls-tagesausflug-new-york.jpg","width":300,"height":214,"caption":"Niagaraf\u00e4lles Tour von New York"},{"@type":"BreadcrumbList","@id":"https:\/\/www.newyorkfacile.it\/de\/new-york-ausfluege\/#breadcrumb","itemListElement":[{"@type":"ListItem","position":1,"name":"New York Einfach","item":"https:\/\/www.newyorkfacile.it\/de\/"},{"@type":"ListItem","position":2,"name":"New York Ausfl\u00fcge"}]},{"@type":"WebSite","@id":"https:\/\/www.newyorkfacile.it\/de\/#website","url":"https:\/\/www.newyorkfacile.it\/de\/","name":"New York Einfach","description":"Alle Infos und Tipps f\u00fcr eine Reise nach New York","publisher":{"@id":"https:\/\/www.newyorkfacile.it\/de\/#organization"},"potentialAction":[{"@type":"SearchAction","target":{"@type":"EntryPoint","urlTemplate":"https:\/\/www.newyorkfacile.it\/de\/?s={search_term_string}"},"query-input":{"@type":"PropertyValueSpecification","valueRequired":true,"valueName":"search_term_string"}}],"inLanguage":"de"},{"@type":"Organization","@id":"https:\/\/www.newyorkfacile.it\/de\/#organization","name":"New York Einfach","url":"https:\/\/www.newyorkfacile.it\/de\/","logo":{"@type":"ImageObject","inLanguage":"de","@id":"https:\/\/www.newyorkfacile.it\/de\/#\/schema\/logo\/image\/","url":"https:\/\/www.newyorkfacile.it\/de\/wp-content\/uploads\/newyorkfacile-logo.jpg","contentUrl":"https:\/\/www.newyorkfacile.it\/de\/wp-content\/uploads\/newyorkfacile-logo.jpg","width":300,"height":80,"caption":"New York Einfach"},"image":{"@id":"https:\/\/www.newyorkfacile.it\/de\/#\/schema\/logo\/image\/"}}]}},"_links":{"self":[{"href":"https:\/\/www.newyorkfacile.it\/de\/wp-json\/wp\/v2\/pages\/13889","targetHints":{"allow":["GET"]}}],"collection":[{"href":"https:\/\/www.newyorkfacile.it\/de\/wp-json\/wp\/v2\/pages"}],"about":[{"href":"https:\/\/www.newyorkfacile.it\/de\/wp-json\/wp\/v2\/types\/page"}],"author":[{"embeddable":true,"href":"https:\/\/www.newyorkfacile.it\/de\/wp-json\/wp\/v2\/users\/2"}],"replies":[{"embeddable":true,"href":"https:\/\/www.newyorkfacile.it\/de\/wp-json\/wp\/v2\/comments?post=13889"}],"version-history":[{"count":0,"href":"https:\/\/www.newyorkfacile.it\/de\/wp-json\/wp\/v2\/pages\/13889\/revisions"}],"wp:attachment":[{"href":"https:\/\/www.newyorkfacile.it\/de\/wp-json\/wp\/v2\/media?parent=13889"}],"curies":[{"name":"wp","href":"https:\/\/api.w.org\/{rel}","templated":true}]}}