{"id":13819,"date":"2020-09-14T16:37:25","date_gmt":"2020-09-14T14:37:25","guid":{"rendered":"https:\/\/www.newyorkfacile.it\/de\/?page_id=13819"},"modified":"2023-07-10T15:12:19","modified_gmt":"2023-07-10T13:12:19","slug":"coronavirus-new-york","status":"publish","type":"page","link":"https:\/\/www.newyorkfacile.it\/de\/coronavirus-new-york\/","title":{"rendered":"Corona in New York, Vereinigten Staaten"},"content":{"rendered":"<p>New York und die Vereinigten Staaten geh\u00f6ren im Allgemeinen zu den am st\u00e4rksten von der<strong> Corona-Pandemie<\/strong> betroffenen Gebieten der Welt.<\/p>\n<p>Doch wie ist die aktuelle Situation in Bezug auf <b>Corona in New York und in den USA<\/b>? Ist es m\u00f6glich, von Deutschland aus in die USA zu reisen? Sind die Grenzen der USA f\u00fcr den Tourismus ge\u00f6ffnet?<br \/>\nNachfolgend finden Sie Antworten auf diese Fragen, <b>mit allen aktualisierten Informationen<\/b> und offiziellen Links.<\/p>\n<div class=\"clear\" style=\"height:10px !important;\"><!-- --><\/div>\n<h2>Deutschland &#8211; USA Reisebestimmungen<\/h2>\n<p>Ab dem 8. November 2021 k\u00f6nnen alle, die <b>mit mindestens 2 Dosen<\/b> (1 bei Johnson&amp;Johnson) geimpft sind, in die Vereinigten Staaten und nach New York reisen.<\/p>\n<p>Sowohl f\u00fcr die Ausreise in die Vereinigten Staaten als auch f\u00fcr die R\u00fcckkehr nach Deutschland sind einige Voraussetzungen zu erf\u00fcllen, die im Folgenden zusammengefasst werden.<\/p>\n<h3>Reise nach New York \/ USA von Deutschland aus<\/h3>\n\n<ul class=\"list list-arrow-right\">\n<li>Nur <strong>vollst\u00e4ndig geimpfte Personen<\/strong> (doppelte oder einfache Dosis) &#8211; ausgenommen Kinder unter 18 Jahren<\/li>\n<\/ul>\n<div class=\"clear\" style=\"height:10px !important;\"><!-- --><\/div>\n<h3><strong>Reise nach Deutschland aus den USA \/ New York<br \/>\n<\/strong><\/h3>\n\n<p>Ab dem 11. Juni 2022 wurden die coronabedingten Einreisebeschr\u00e4nkungen f\u00fcr Einreisen aus den Vereinigten Staaten und anderen Drittstaaten aufgehoben.<\/p>\n<div class=\"clear\" style=\"height:10px !important;\"><!-- --><\/div>\n<p>Kinder unter 12 Jahren sind von der Nachweispflicht befreit.<\/p>\n<h2>Corona aktuelle Situation in den Vereinigten Staaten<\/h2>\n<p><strong>Die Grafik zeigt den globalen Trend der Corona-Epidemie in den USA im Vergleich zu Deutschland.<\/strong><br \/>\nWie zu sehen ist, stieg die Zahl der Infektionen zu Beginn des Jahres sprunghaft an, ging dann aber ebenso schnell wieder zur\u00fcck.<\/p>\n<p>Bei der Auswertung der Daten ist zu ber\u00fccksichtigen, dass die Bev\u00f6lkerung in den USA viel gr\u00f6\u00dfer ist als in Deutschland, so dass man die notwendigen Proportionen herstellen muss.<\/p>\n<p><iframe style=\"width: 100%; height: 600px; border: 0px none;\" src=\"https:\/\/ourworldindata.org\/explorers\/coronavirus-data-explorer?zoomToSelection=true&amp;time=2020-03-01..latest&amp;pickerSort=desc&amp;pickerMetric=total_cases&amp;hideControls=true&amp;Metric=Confirmed+cases&amp;Interval=7-day+rolling+average&amp;Relative+to+Population=false&amp;Align+outbreaks=false&amp;country=USA~DEU\"><span data-mce-type=\"bookmark\" style=\"display: inline-block; width: 0px; overflow: hidden; line-height: 0;\" class=\"mce_SELRES_start\">\ufeff<\/span><\/iframe><\/p>\n<h2>Corona-Situation in New York<\/h2>\n<p>Um zu sehen, wie die Corona-Situation in New York ist, k\u00f6nnen Sie die aktualisierten Daten auf der <a href=\"https:\/\/www.nytimes.com\/interactive\/2021\/us\/new-york-covid-cases.html\" target=\"_blank\" rel=\"noopener\">Website des New-York-Times<\/a> einsehen.<\/p>\n<p><b>Die meisten Beschr\u00e4nkungen wurden aufgehoben<\/b>.\u00a0F\u00fcr Gro\u00dfveranstaltungen in geschlossenen R\u00e4umen, Schulen, \u00f6ffentliche Verkehrsmittel, Pflegeheime und Einrichtungen des Gesundheitswesens gelten nach wie vor Gesundheitsrichtlinien, f\u00fcr andere Bereiche nicht.<\/p>\n<p>Weitere Informationen auf den offiziellen Websites: <a href=\"https:\/\/forward.ny.gov\/\" target=\"_blank\" rel=\"noopener\">https:\/\/forward.ny.gov\/<\/a> und <a href=\"https:\/\/coronavirus.health.ny.gov\/\" target=\"_blank\" rel=\"noopener\">https:\/\/coronavirus.health.ny.gov\/<\/a><\/p>\n<h2>Offizielle Corona-Quellen in New York<\/h2>\n<p>Wie bekannt ist, sind Fake News und Fehlinformationen weit verbreitet, und es ist nicht immer leicht, den Informationen zu vertrauen, die wir im Internet finden, insbesondere in einem Land, das weit von Deutschland entfernt ist.<\/p>\n<div class=\"fbanner\"><span class=\"ftitle\">Wichtiger Hinweis!<\/span><b>Diese Seite verfolgt keinerlei Zweck und erhebt keinen Anspruch darauf, eine offizielle Informationsquelle zu sein<\/b>. Die einzigen offiziellen Quellen sind diejenigen, die von Regierungsbeh\u00f6rden zur Verf\u00fcgung gestellt werden. Ziel dieser Seite ist es, einen \u00dcberblick \u00fcber die Corona-Lage in New York und die Wiederer\u00f6ffnung von Einrichtungen zu geben.<\/p>\n<p>Da die Seite m\u00f6glicherweise nicht in Echtzeit aktualisiert wird, sollten Sie sich auf den Websites der Regierung \u00fcber die neuesten Informationen erkundigen.<\/p><\/div>\n<p><strong>Vertrauen Sie eher Websites mit der Erweiterung &#8222;.gov&#8220;<\/strong>. Es handelt sich um staatliche Websites, die daher nur offizielle und \u00fcberpr\u00fcfte Daten enthalten. Hier finden Sie einige n\u00fctzliche Adressen f\u00fcr den Bundesstaat und die Stadt New York, wo Sie auch eine aktuelle \u00dcbersicht \u00fcber alle Coronavirus-F\u00e4lle in New York finden k\u00f6nnen<\/p>\n\n<ul class=\"list list-link\">\n<li>Gesundheitsamt der Stadt New York (NYC Health Department)<br \/>\n<strong><a href=\"https:\/\/www.coronavirus.gov\/\" target=\"_blank\" rel=\"noopener\">https:\/\/www.coronavirus.gov\/<\/a><\/strong><\/li>\n<li>NY State Health Department<strong><br \/>\n<a href=\"https:\/\/www1.nyc.gov\/site\/doh\/covid\/covid-19-main-it.page\" target=\"_blank\" rel=\"noopener\">coronavirus.health.ny.gov\/home<\/a><\/strong><\/li>\n<li>Centers for Disease Control and Prevention (CDC)<br \/>\n<a href=\"https:\/\/www.cdc.gov\/coronavirus\/\" target=\"_blank\" rel=\"noopener\"><strong>cdc.gov\/coronavirus<\/strong><\/a><\/li>\n<\/ul>\n\n<h2>Fl\u00fcge von Deutschland nach New York: Corona-Situation<\/h2>\n<p><b>Die Fluggesellschaften haben die Fl\u00fcge zwischen Deutschland und New York (USA) l\u00e4ngst wieder aufgenommen <\/b>und werden sie mit dem Wiederaufleben des Tourismus h\u00f6chstwahrscheinlich weiter ausbauen.<\/p>\n<p><b>Wir k\u00f6nnen also unbesorgt unseren Flug buchen<\/b>. Fast alle Unternehmen haben Stornierungs- oder R\u00fcckerstattungsregelungen eingef\u00fchrt, und wir werden keine Probleme haben, wenn wir aufgrund von Corona die Abfahrt verpassen.<\/p>\n<p>Ein schneller und praktischer Weg, um verf\u00fcgbare Direktfl\u00fcge und Fl\u00fcge mit Zwischenstopps von Deutschland aus zu \u00fcberpr\u00fcfen, ist <b>Skyscanner<\/b>.<\/p>\n<h2>Wo kann ich ein Angebot f\u00fcr New York buchen?<\/h2>\n<p>Viele Fluggesellschaften und Reiseb\u00fcros, sowohl online als auch offline, bieten Fl\u00fcge, Urlaube und Reisepakete mit Stornierungsklauseln, Gutscheinen oder vollst\u00e4ndiger R\u00fcckerstattung an.<br \/>\n<b>Viele Menschen tr\u00e4umen schon lange von ihrem New York-Urlaub, also sollten Sie sich beeilen und buchen!<\/b><\/p>\n<p><a href=\"https:\/\/www.tkqlhce.com\/click-9229715-14434789?sid=covid-de\" target=\"_blank\" rel=\"noopener nofollow sponsored\"><strong>&gt;&gt; Buchen Sie Ihre New York Reiseangebote bei Expedia<\/strong><\/a><\/p>\n<p>Denken Sie auch an den Kauf von<\/p>\n\n<ul class=\"list list-arrow-right-2\">\n<li><a style=\"font-size: 14px;\" href=\"https:\/\/www.newyorkfacile.it\/de\/new-york-pass\/\">New York Pass<\/a><b style=\"font-family: inherit; font-style: inherit;\"><br \/>\n<\/b><span style=\"font-size: 14px;\">Eine deutliche Kostenersparnis beim Besuch der vielen Attraktionen New Yorks<\/span><\/li>\n<li><strong>Krankenkasse<\/strong><br \/>\nIch halte es schon f\u00fcr eine Pflichtveranstaltung f\u00fcr alle, die in den USA Urlaub machen. Achten Sie beim Kauf darauf, dass Sie eine Reiser\u00fccktrittsversicherung abschlie\u00dfen.<br \/>\nEs ist ganz einfach, online einen Kostenvoranschlag anzufordern. So k\u00f6nnen Sie Deckungen und Preise vergleichen und die f\u00fcr Sie passende L\u00f6sung finden. Praktisch alle wurden auf die Covid-19-Pandemie ausgedehnt.<\/li>\n<\/ul>\n<div class=\"clear\" style=\"height:10px !important;\"><!-- --><\/div>\n<h2>Voraussetzungen f\u00fcr die Einreise in die USA<\/h2>\n<p>Wie bereits erw\u00e4hnt, <strong>m\u00fcssen Sie f\u00fcr eine Reise in die Vereinigten Staaten <\/strong><b>seit mindestens<\/b> <b>14 Tagen<\/b> <b>vollst\u00e4ndig geimpft<\/b> sein.<\/p>\n<p>Bei den anerkannten Impfstoffen handelt es sich um die von der amerikanischen FDA zugelassenen (<b>Moderna<\/b> und <b>Pfizer<\/b> mit 2 Dosen und <b>Johnson &amp; Johnson<\/b> mit 1 Dosis) sowie um die in der WHO-Liste f\u00fcr Notf\u00e4lle (EUL) aufgef\u00fchrten Impfstoffe, darunter <b>Astrazeneca<\/b> (2 Dosen). Diejenigen, die eine Mischimpfung zwischen diesen beiden Typen erhalten haben, gelten ebenfalls als vollst\u00e4ndig geimpft.<\/p>\n<p>Ab 12. Juni 2022, ein negativer Corona-Test vor der Abreise, ist nicht erforderlich.<\/p>\n<p>Ein zus\u00e4tzlicher Abstrich 3 bis 5 Tage vor der Einreise in die Vereinigten Staaten wird empfohlen, ist aber nicht erforderlich.<\/p>\n<h3>Ausnahmen von der Impfpflicht<\/h3>\n<p>Es gibt einige Ausnahmen von der Impfpflicht f\u00fcr Reisen in die USA. Im Einzelnen sind folgende Personen von der Verpflichtung ausgenommen, den Impfzyklus mindestens 14 Tage lang abgeschlossen zu haben<\/p>\n<ul class=\"ul1\">\n<li class=\"li2\"><b>Minderj\u00e4hrige unter 18 Jahren<\/b><\/li>\n<li class=\"li2\">US-B\u00fcrger, LPRs (US Lawful Permanent Residents), Einwanderer<\/li>\n<li class=\"li2\">die an klinischen Studien mit Covid-19 teilgenommen haben<\/li>\n<li class=\"li2\">Personen, die aus medizinischen Gr\u00fcnden nicht geimpft werden k\u00f6nnen<\/li>\n<li class=\"li2\">Reisen aus dringenden oder humanit\u00e4ren Gr\u00fcnden (mit einem Schreiben der US-Regierung, in dem die Dringlichkeit best\u00e4tigt wird)<\/li>\n<li class=\"li2\">Milit\u00e4rpersonal, Diplomaten und Beamte mit entsprechendem Visum.<\/li>\n<\/ul>\n<p>&nbsp;<\/p>\n<p>Alle, die unter die oben genannten Ausnahmen fallen, m\u00fcssen sich einem\u00a0<strong>Covid-Test 3-5 Tage nach der Ankunft in den USA<\/strong>.<br \/>\nMit Ausnahme von Minderj\u00e4hrigen, eine Woche Quarant\u00e4ne wird empfohlen.<\/p>\n<h2>R\u00fcckkehr aus den Vergeigten Staaten nach Deutschland<\/h2>\n<p>Ab dem 11. Juni 2022 wurden die coronabedingten Einreisebeschr\u00e4nkungen f\u00fcr Einreisen aus den Vereinigten Staaten und anderen Drittstaaten aufgehoben.<\/p>\n<p>Offizielle Informationen: <a href=\"https:\/\/www.bundesgesundheitsministerium.de\/service\/gesetze-und-verordnungen\/guv-19-lp\/coronaeinreisev.html\" target=\"_blank\" rel=\"noopener\">https:\/\/www.bundesgesundheitsministerium.de\/service\/gesetze-und-verordnungen\/guv-19-lp\/coronaeinreisev.html<\/a><\/p>\n<h2>FAQ &#8211; H\u00e4ufig gestellte Fragen und Antworten<\/h2>\n<div id=\"faq\">\n<p>Angesichts der vielen Anfragen zu diesem Thema werden im Folgenden die am h\u00e4ufigsten gestellten Fragen beantwortet. Bitte lesen Sie sie, bevor Sie mir eine Anfrage schicken.<\/p>\n<div class=\"toggle toggle-closed\"><div class=\"toggle-title\"><span class=\"ico-st\"><!-- --><\/span>Muss ich bei meiner Ankunft in den USA unter Quarant\u00e4ne stehen?<\/div><div class=\"toggle-holder\"><div class=\"toggle-box\">\n<p>Nein, es gibt keine Quarant\u00e4ne.<\/div><\/div><\/div>\n<div class=\"toggle toggle-closed\"><div class=\"toggle-title\"><span class=\"ico-st\"><!-- --><\/span>Ich habe nur eine Dosis des Impfstoffs erhalten, weil ich Corona hatte. Gelte ich als vollst\u00e4ndig geimpft?<\/div><div class=\"toggle-holder\"><div class=\"toggle-box\">\n<p>In den USA gibt es keine einzige Impfdosis f\u00fcr Personen, die sich von Corona erholt haben. Sie k\u00f6nnen nicht reisen in die Vereinigten Staaten.<\/p>\n<\/div><\/div><\/div>\n<\/div>\n<div id=\"mobile_toc_toggle\" class=\"mobile-toc-toggle\" aria-hidden=\"true\" aria-expanded=\"false\" style=\"display:none\">\n    <span style=\"display: flex;flex-direction: column;align-items: center\">\n        <svg xmlns=\"http:\/\/www.w3.org\/2000\/svg\" width=\"24\" height=\"24\" fill=\"white\">\n            <circle cx=\"12\" cy=\"12\" r=\"10\" stroke=\"black\" stroke-width=\"2\" fill=\"white\" \/>\n            <rect x=\"11\" y=\"7\" width=\"2\" height=\"2\" fill=\"black\" \/>\n            <rect x=\"11\" y=\"11\" width=\"2\" height=\"6\" fill=\"black\" \/>\n        <\/svg>\n        <span style=\"margin-top: 4px;font-weight:bold\">INDEX<\/span>\n    <\/span>\n<\/div>\n<div id=\"mobile_toc_container\" class=\"mobile-toc-container\" aria-hidden=\"true\" role=\"dialog\" aria-labelledby=\"mobile_toc_toggle\">\n    <a id=\"mobile_toc_close\" class=\"mobile-toc-close\" aria-hidden=\"true\">X<\/a>\n<\/div>","protected":false},"excerpt":{"rendered":"<p>New York und die Vereinigten Staaten geh\u00f6ren im Allgemeinen zu den am st\u00e4rksten von der Corona-Pandemie betroffenen Gebieten der Welt. Doch wie ist die aktuelle Situation in Bezug auf Corona in New York und in den USA? Ist es m\u00f6glich, von Deutschland aus in die USA zu reisen? Sind die Grenzen der USA f\u00fcr den [&hellip;]<\/p>\n","protected":false},"author":2,"featured_media":13823,"parent":0,"menu_order":0,"comment_status":"open","ping_status":"closed","template":"","meta":{"_acf_changed":false,"footnotes":""},"class_list":["post-13819","page","type-page","status-publish","has-post-thumbnail","hentry"],"acf":[],"yoast_head":"<!-- This site is optimized with the Yoast SEO plugin v27.5 - https:\/\/yoast.com\/product\/yoast-seo-wordpress\/ -->\n<title>Coronavirus in New York aktuell: Vereinigte Staaten f\u00fcr Reisende<\/title>\n<meta name=\"description\" content=\"Erfahren Sie mehr \u00fcber die Corona - Situation in New York. \u2714 Wiederer\u00f6ffnungen, \u2714 Einschr\u00e4nkungen \u2714 Ausnahmen \u2714 aktuelle Informationen.\" \/>\n<meta name=\"robots\" content=\"index, follow, max-snippet:-1, max-image-preview:large, max-video-preview:-1\" \/>\n<link rel=\"canonical\" href=\"https:\/\/www.newyorkfacile.it\/de\/coronavirus-new-york\/\" \/>\n<meta property=\"og:locale\" content=\"de_DE\" \/>\n<meta property=\"og:type\" content=\"article\" \/>\n<meta property=\"og:title\" content=\"Coronavirus in New York aktuell: Vereinigte Staaten f\u00fcr Reisende\" \/>\n<meta property=\"og:description\" content=\"Erfahren Sie mehr \u00fcber die Corona - Situation in New York. \u2714 Wiederer\u00f6ffnungen, \u2714 Einschr\u00e4nkungen \u2714 Ausnahmen \u2714 aktuelle Informationen.\" \/>\n<meta property=\"og:url\" content=\"https:\/\/www.newyorkfacile.it\/de\/coronavirus-new-york\/\" \/>\n<meta property=\"og:site_name\" content=\"New York Facile - Deutsche Version\" \/>\n<meta property=\"article:modified_time\" content=\"2023-07-10T13:12:19+00:00\" \/>\n<meta property=\"og:image\" content=\"https:\/\/www.newyorkfacile.it\/de\/wp-content\/uploads\/coronavirus-new-york.jpg\" \/>\n\t<meta property=\"og:image:width\" content=\"667\" \/>\n\t<meta property=\"og:image:height\" content=\"476\" \/>\n\t<meta property=\"og:image:type\" content=\"image\/jpeg\" \/>\n<meta name=\"twitter:label1\" content=\"Gesch\u00e4tzte Lesezeit\" \/>\n\t<meta name=\"twitter:data1\" content=\"7\u00a0Minuten\" \/>\n<script type=\"application\/ld+json\" class=\"yoast-schema-graph\">{\"@context\":\"https:\\\/\\\/schema.org\",\"@graph\":[{\"@type\":\"WebPage\",\"@id\":\"https:\\\/\\\/www.newyorkfacile.it\\\/de\\\/coronavirus-new-york\\\/\",\"url\":\"https:\\\/\\\/www.newyorkfacile.it\\\/de\\\/coronavirus-new-york\\\/\",\"name\":\"Coronavirus in New York aktuell: Vereinigte Staaten f\u00fcr Reisende\",\"isPartOf\":{\"@id\":\"https:\\\/\\\/www.newyorkfacile.it\\\/de\\\/#website\"},\"primaryImageOfPage\":{\"@id\":\"https:\\\/\\\/www.newyorkfacile.it\\\/de\\\/coronavirus-new-york\\\/#primaryimage\"},\"image\":{\"@id\":\"https:\\\/\\\/www.newyorkfacile.it\\\/de\\\/coronavirus-new-york\\\/#primaryimage\"},\"thumbnailUrl\":\"https:\\\/\\\/www.newyorkfacile.it\\\/de\\\/wp-content\\\/uploads\\\/coronavirus-new-york.jpg\",\"datePublished\":\"2020-09-14T14:37:25+00:00\",\"dateModified\":\"2023-07-10T13:12:19+00:00\",\"description\":\"Erfahren Sie mehr \u00fcber die Corona - Situation in New York. \u2714 Wiederer\u00f6ffnungen, \u2714 Einschr\u00e4nkungen \u2714 Ausnahmen \u2714 aktuelle Informationen.\",\"breadcrumb\":{\"@id\":\"https:\\\/\\\/www.newyorkfacile.it\\\/de\\\/coronavirus-new-york\\\/#breadcrumb\"},\"inLanguage\":\"de\",\"potentialAction\":[{\"@type\":\"ReadAction\",\"target\":[\"https:\\\/\\\/www.newyorkfacile.it\\\/de\\\/coronavirus-new-york\\\/\"]}]},{\"@type\":\"ImageObject\",\"inLanguage\":\"de\",\"@id\":\"https:\\\/\\\/www.newyorkfacile.it\\\/de\\\/coronavirus-new-york\\\/#primaryimage\",\"url\":\"https:\\\/\\\/www.newyorkfacile.it\\\/de\\\/wp-content\\\/uploads\\\/coronavirus-new-york.jpg\",\"contentUrl\":\"https:\\\/\\\/www.newyorkfacile.it\\\/de\\\/wp-content\\\/uploads\\\/coronavirus-new-york.jpg\",\"width\":667,\"height\":476,\"caption\":\"Coronavirus New York\"},{\"@type\":\"BreadcrumbList\",\"@id\":\"https:\\\/\\\/www.newyorkfacile.it\\\/de\\\/coronavirus-new-york\\\/#breadcrumb\",\"itemListElement\":[{\"@type\":\"ListItem\",\"position\":1,\"name\":\"New York Einfach\",\"item\":\"https:\\\/\\\/www.newyorkfacile.it\\\/de\\\/\"},{\"@type\":\"ListItem\",\"position\":2,\"name\":\"Corona in New York, Vereinigten Staaten\"}]},{\"@type\":\"WebSite\",\"@id\":\"https:\\\/\\\/www.newyorkfacile.it\\\/de\\\/#website\",\"url\":\"https:\\\/\\\/www.newyorkfacile.it\\\/de\\\/\",\"name\":\"New York Einfach\",\"description\":\"Alle Infos und Tipps f\u00fcr eine Reise nach New York\",\"publisher\":{\"@id\":\"https:\\\/\\\/www.newyorkfacile.it\\\/de\\\/#organization\"},\"potentialAction\":[{\"@type\":\"SearchAction\",\"target\":{\"@type\":\"EntryPoint\",\"urlTemplate\":\"https:\\\/\\\/www.newyorkfacile.it\\\/de\\\/?s={search_term_string}\"},\"query-input\":{\"@type\":\"PropertyValueSpecification\",\"valueRequired\":true,\"valueName\":\"search_term_string\"}}],\"inLanguage\":\"de\"},{\"@type\":\"Organization\",\"@id\":\"https:\\\/\\\/www.newyorkfacile.it\\\/de\\\/#organization\",\"name\":\"New York Einfach\",\"url\":\"https:\\\/\\\/www.newyorkfacile.it\\\/de\\\/\",\"logo\":{\"@type\":\"ImageObject\",\"inLanguage\":\"de\",\"@id\":\"https:\\\/\\\/www.newyorkfacile.it\\\/de\\\/#\\\/schema\\\/logo\\\/image\\\/\",\"url\":\"https:\\\/\\\/www.newyorkfacile.it\\\/de\\\/wp-content\\\/uploads\\\/newyorkfacile-logo.jpg\",\"contentUrl\":\"https:\\\/\\\/www.newyorkfacile.it\\\/de\\\/wp-content\\\/uploads\\\/newyorkfacile-logo.jpg\",\"width\":300,\"height\":80,\"caption\":\"New York Einfach\"},\"image\":{\"@id\":\"https:\\\/\\\/www.newyorkfacile.it\\\/de\\\/#\\\/schema\\\/logo\\\/image\\\/\"}}]}<\/script>\n<!-- \/ Yoast SEO plugin. -->","yoast_head_json":{"title":"Coronavirus in New York aktuell: Vereinigte Staaten f\u00fcr Reisende","description":"Erfahren Sie mehr \u00fcber die Corona - Situation in New York. \u2714 Wiederer\u00f6ffnungen, \u2714 Einschr\u00e4nkungen \u2714 Ausnahmen \u2714 aktuelle Informationen.","robots":{"index":"index","follow":"follow","max-snippet":"max-snippet:-1","max-image-preview":"max-image-preview:large","max-video-preview":"max-video-preview:-1"},"canonical":"https:\/\/www.newyorkfacile.it\/de\/coronavirus-new-york\/","og_locale":"de_DE","og_type":"article","og_title":"Coronavirus in New York aktuell: Vereinigte Staaten f\u00fcr Reisende","og_description":"Erfahren Sie mehr \u00fcber die Corona - Situation in New York. \u2714 Wiederer\u00f6ffnungen, \u2714 Einschr\u00e4nkungen \u2714 Ausnahmen \u2714 aktuelle Informationen.","og_url":"https:\/\/www.newyorkfacile.it\/de\/coronavirus-new-york\/","og_site_name":"New York Facile - Deutsche Version","article_modified_time":"2023-07-10T13:12:19+00:00","og_image":[{"width":667,"height":476,"url":"https:\/\/www.newyorkfacile.it\/de\/wp-content\/uploads\/coronavirus-new-york.jpg","type":"image\/jpeg"}],"twitter_misc":{"Gesch\u00e4tzte Lesezeit":"7\u00a0Minuten"},"schema":{"@context":"https:\/\/schema.org","@graph":[{"@type":"WebPage","@id":"https:\/\/www.newyorkfacile.it\/de\/coronavirus-new-york\/","url":"https:\/\/www.newyorkfacile.it\/de\/coronavirus-new-york\/","name":"Coronavirus in New York aktuell: Vereinigte Staaten f\u00fcr Reisende","isPartOf":{"@id":"https:\/\/www.newyorkfacile.it\/de\/#website"},"primaryImageOfPage":{"@id":"https:\/\/www.newyorkfacile.it\/de\/coronavirus-new-york\/#primaryimage"},"image":{"@id":"https:\/\/www.newyorkfacile.it\/de\/coronavirus-new-york\/#primaryimage"},"thumbnailUrl":"https:\/\/www.newyorkfacile.it\/de\/wp-content\/uploads\/coronavirus-new-york.jpg","datePublished":"2020-09-14T14:37:25+00:00","dateModified":"2023-07-10T13:12:19+00:00","description":"Erfahren Sie mehr \u00fcber die Corona - Situation in New York. \u2714 Wiederer\u00f6ffnungen, \u2714 Einschr\u00e4nkungen \u2714 Ausnahmen \u2714 aktuelle Informationen.","breadcrumb":{"@id":"https:\/\/www.newyorkfacile.it\/de\/coronavirus-new-york\/#breadcrumb"},"inLanguage":"de","potentialAction":[{"@type":"ReadAction","target":["https:\/\/www.newyorkfacile.it\/de\/coronavirus-new-york\/"]}]},{"@type":"ImageObject","inLanguage":"de","@id":"https:\/\/www.newyorkfacile.it\/de\/coronavirus-new-york\/#primaryimage","url":"https:\/\/www.newyorkfacile.it\/de\/wp-content\/uploads\/coronavirus-new-york.jpg","contentUrl":"https:\/\/www.newyorkfacile.it\/de\/wp-content\/uploads\/coronavirus-new-york.jpg","width":667,"height":476,"caption":"Coronavirus New York"},{"@type":"BreadcrumbList","@id":"https:\/\/www.newyorkfacile.it\/de\/coronavirus-new-york\/#breadcrumb","itemListElement":[{"@type":"ListItem","position":1,"name":"New York Einfach","item":"https:\/\/www.newyorkfacile.it\/de\/"},{"@type":"ListItem","position":2,"name":"Corona in New York, Vereinigten Staaten"}]},{"@type":"WebSite","@id":"https:\/\/www.newyorkfacile.it\/de\/#website","url":"https:\/\/www.newyorkfacile.it\/de\/","name":"New York Einfach","description":"Alle Infos und Tipps f\u00fcr eine Reise nach New York","publisher":{"@id":"https:\/\/www.newyorkfacile.it\/de\/#organization"},"potentialAction":[{"@type":"SearchAction","target":{"@type":"EntryPoint","urlTemplate":"https:\/\/www.newyorkfacile.it\/de\/?s={search_term_string}"},"query-input":{"@type":"PropertyValueSpecification","valueRequired":true,"valueName":"search_term_string"}}],"inLanguage":"de"},{"@type":"Organization","@id":"https:\/\/www.newyorkfacile.it\/de\/#organization","name":"New York Einfach","url":"https:\/\/www.newyorkfacile.it\/de\/","logo":{"@type":"ImageObject","inLanguage":"de","@id":"https:\/\/www.newyorkfacile.it\/de\/#\/schema\/logo\/image\/","url":"https:\/\/www.newyorkfacile.it\/de\/wp-content\/uploads\/newyorkfacile-logo.jpg","contentUrl":"https:\/\/www.newyorkfacile.it\/de\/wp-content\/uploads\/newyorkfacile-logo.jpg","width":300,"height":80,"caption":"New York Einfach"},"image":{"@id":"https:\/\/www.newyorkfacile.it\/de\/#\/schema\/logo\/image\/"}}]}},"_links":{"self":[{"href":"https:\/\/www.newyorkfacile.it\/de\/wp-json\/wp\/v2\/pages\/13819","targetHints":{"allow":["GET"]}}],"collection":[{"href":"https:\/\/www.newyorkfacile.it\/de\/wp-json\/wp\/v2\/pages"}],"about":[{"href":"https:\/\/www.newyorkfacile.it\/de\/wp-json\/wp\/v2\/types\/page"}],"author":[{"embeddable":true,"href":"https:\/\/www.newyorkfacile.it\/de\/wp-json\/wp\/v2\/users\/2"}],"replies":[{"embeddable":true,"href":"https:\/\/www.newyorkfacile.it\/de\/wp-json\/wp\/v2\/comments?post=13819"}],"version-history":[{"count":0,"href":"https:\/\/www.newyorkfacile.it\/de\/wp-json\/wp\/v2\/pages\/13819\/revisions"}],"wp:featuredmedia":[{"embeddable":true,"href":"https:\/\/www.newyorkfacile.it\/de\/wp-json\/wp\/v2\/media\/13823"}],"wp:attachment":[{"href":"https:\/\/www.newyorkfacile.it\/de\/wp-json\/wp\/v2\/media?parent=13819"}],"curies":[{"name":"wp","href":"https:\/\/api.w.org\/{rel}","templated":true}]}}