{"id":13678,"date":"2020-09-01T18:13:41","date_gmt":"2020-09-01T16:13:41","guid":{"rendered":"https:\/\/www.newyorkfacile.it\/de\/?page_id=13678"},"modified":"2024-06-04T15:08:29","modified_gmt":"2024-06-04T13:08:29","slug":"kontaktformular","status":"publish","type":"page","link":"https:\/\/www.newyorkfacile.it\/de\/kontaktformular\/","title":{"rendered":"Kontaktieren Sie die Autoren von New York Einfach"},"content":{"rendered":"<p>Sie k\u00f6nnen uns um Informationen bitten, uns Berichte schicken oder was immer Sie f\u00fcr interessant halten.<\/p>\n<p>Wenn diese Website f\u00fcr andere n\u00fctzlich sein kann, so ist dies auch dem Beitrag zu verdanken, den wir von unseren Lesern erhalten.<\/p>\n<div class=\"mu-contact-page__info\">Vielen herzlichen Dank f\u00fcr Ihr Interesse!<\/div>\n<form id=\"contactForm-87bpdk\" class=\"mu-contact-form mu-contact-page__form\">\n<div class=\"mu-form-structure mu-contact-form__form-structure\">\n<div class=\"mu-form-structure__structure\">\n<div class=\"mu-form-structure__row\">\n<div class=\"clear\" style=\"height:25px !important;\"><!-- --><\/div>\n<\/div>\n<\/div>\n<\/div>\n<\/form>\n\n<div class=\"wpcf7 no-js\" id=\"wpcf7-f13775-o1\" lang=\"it-IT\" dir=\"ltr\" data-wpcf7-id=\"13775\">\n<div class=\"screen-reader-response\"><p role=\"status\" aria-live=\"polite\" aria-atomic=\"true\"><\/p> <ul><\/ul><\/div>\n<form action=\"\/de\/wp-json\/wp\/v2\/pages\/13678#wpcf7-f13775-o1\" method=\"post\" class=\"wpcf7-form init wpcf7-acceptance-as-validation\" aria-label=\"Modulo di contatto\" novalidate=\"novalidate\" data-status=\"init\">\n<fieldset class=\"hidden-fields-container\"><input type=\"hidden\" name=\"_wpcf7\" value=\"13775\" \/><input type=\"hidden\" name=\"_wpcf7_version\" value=\"6.1.5\" \/><input type=\"hidden\" name=\"_wpcf7_locale\" value=\"it_IT\" \/><input type=\"hidden\" name=\"_wpcf7_unit_tag\" value=\"wpcf7-f13775-o1\" \/><input type=\"hidden\" name=\"_wpcf7_container_post\" value=\"0\" \/><input type=\"hidden\" name=\"_wpcf7_posted_data_hash\" value=\"\" \/><input type=\"hidden\" name=\"_wpcf7_recaptcha_response\" value=\"\" \/>\n<\/fieldset>\n<p>Name (*erforderlich)\n<\/p>\n<p><span class=\"wpcf7-form-control-wrap\" data-name=\"your-name\"><input size=\"40\" maxlength=\"400\" class=\"wpcf7-form-control wpcf7-text wpcf7-validates-as-required\" aria-required=\"true\" aria-invalid=\"false\" value=\"\" type=\"text\" name=\"your-name\" \/><\/span>\n<\/p>\n<p>E-Mail (*erforderlich)\n<\/p>\n<p><span class=\"wpcf7-form-control-wrap\" data-name=\"your-email\"><input size=\"40\" maxlength=\"400\" class=\"wpcf7-form-control wpcf7-email wpcf7-validates-as-required wpcf7-text wpcf7-validates-as-email\" aria-required=\"true\" aria-invalid=\"false\" value=\"\" type=\"email\" name=\"your-email\" \/><\/span>\n<\/p>\n<p>Betreff (*erforderlich)\n<\/p>\n<p><span class=\"wpcf7-form-control-wrap\" data-name=\"your-subject\"><input size=\"40\" maxlength=\"400\" class=\"wpcf7-form-control wpcf7-text wpcf7-validates-as-required\" aria-required=\"true\" aria-invalid=\"false\" value=\"\" type=\"text\" name=\"your-subject\" \/><\/span>\n<\/p>\n<p>Ihre Nachricht (erforderlich)\n<\/p>\n<p><span class=\"wpcf7-form-control-wrap\" data-name=\"your-message\"><textarea cols=\"40\" rows=\"10\" maxlength=\"2000\" class=\"wpcf7-form-control wpcf7-textarea wpcf7-validates-as-required\" aria-required=\"true\" aria-invalid=\"false\" name=\"your-message\"><\/textarea><\/span>\n<\/p>\n<p><span class=\"wpcf7-form-control-wrap\" data-name=\"acceptance-742\"><span class=\"wpcf7-form-control wpcf7-acceptance\"><span class=\"wpcf7-list-item\"><label><input type=\"checkbox\" name=\"acceptance-742\" value=\"1\" aria-invalid=\"false\" \/><span class=\"wpcf7-list-item-label\">Ich stimme der Verarbeitung der eingegebenen Daten gem\u00e4\u00df den <a target=\"_blank\" href=\"https:\/\/www.newyorkfacile.it\/privacy\/\">Datenschutzbestimmungen<\/a> zu.<\/span><\/label><\/span><\/span><\/span>\n<\/p>\n<span class=\"wpcf7-form-control-wrap recaptcha\" data-name=\"recaptcha\"><span data-sitekey=\"6Lcpo9sZAAAAACYBQSoiYbUGEe8qGJ1aWPwaBIcz\" class=\"wpcf7-form-control wpcf7-recaptcha g-recaptcha\"><\/span>\r\n<noscript>\r\n\t<div class=\"grecaptcha-noscript\">\r\n\t\t<iframe src=\"https:\/\/www.google.com\/recaptcha\/api\/fallback?k=6Lcpo9sZAAAAACYBQSoiYbUGEe8qGJ1aWPwaBIcz\" frameborder=\"0\" scrolling=\"no\" width=\"310\" height=\"430\">\r\n\t\t<\/iframe>\r\n\t\t<textarea name=\"g-recaptcha-response\" rows=\"3\" cols=\"40\" placeholder=\"reCaptcha Response Here\">\r\n\t\t<\/textarea>\r\n\t<\/div>\r\n<\/noscript>\r\n<\/span>\n<p><input class=\"wpcf7-form-control wpcf7-submit has-spinner\" type=\"submit\" value=\"Abschicken\" \/>\n<\/p><div class=\"wpcf7-response-output\" aria-hidden=\"true\"><\/div>\n<\/form>\n<\/div>\n\n<div class=\"clear\" style=\"height:25px !important;\"><!-- --><\/div>\n","protected":false},"excerpt":{"rendered":"<p>Sie k\u00f6nnen uns um Informationen bitten, uns Berichte schicken oder was immer Sie f\u00fcr interessant halten. Wenn diese Website f\u00fcr andere n\u00fctzlich sein kann, so ist dies auch dem Beitrag zu verdanken, den wir von unseren Lesern erhalten. Vielen herzlichen Dank f\u00fcr Ihr Interesse!<\/p>\n","protected":false},"author":2,"featured_media":0,"parent":0,"menu_order":0,"comment_status":"closed","ping_status":"closed","template":"","meta":{"_acf_changed":false,"footnotes":""},"class_list":["post-13678","page","type-page","status-publish","hentry"],"acf":[],"yoast_head":"<!-- This site is optimized with the Yoast SEO plugin v27.5 - https:\/\/yoast.com\/product\/yoast-seo-wordpress\/ -->\n<title>Kontaktieren Sie die Autoren von New York Einfach<\/title>\n<meta name=\"description\" content=\"Sie k\u00f6nnen uns um Informationen bitten, uns Berichte schicken oder was immer Sie f\u00fcr interessant halten. Schrieben Sie uns!\" \/>\n<meta name=\"robots\" content=\"index, follow, max-snippet:-1, max-image-preview:large, max-video-preview:-1\" \/>\n<link rel=\"canonical\" href=\"https:\/\/www.newyorkfacile.it\/de\/kontaktformular\/\" \/>\n<meta property=\"og:locale\" content=\"de_DE\" \/>\n<meta property=\"og:type\" content=\"article\" \/>\n<meta property=\"og:title\" content=\"Kontaktieren Sie die Autoren von New York Einfach\" \/>\n<meta property=\"og:description\" content=\"Sie k\u00f6nnen uns um Informationen bitten, uns Berichte schicken oder was immer Sie f\u00fcr interessant halten. Schrieben Sie uns!\" \/>\n<meta property=\"og:url\" content=\"https:\/\/www.newyorkfacile.it\/de\/kontaktformular\/\" \/>\n<meta property=\"og:site_name\" content=\"New York Facile - Deutsche Version\" \/>\n<meta property=\"article:modified_time\" content=\"2024-06-04T13:08:29+00:00\" \/>\n<meta name=\"twitter:label1\" content=\"Gesch\u00e4tzte Lesezeit\" \/>\n\t<meta name=\"twitter:data1\" content=\"1\u00a0Minute\" \/>\n<script type=\"application\/ld+json\" class=\"yoast-schema-graph\">{\"@context\":\"https:\\\/\\\/schema.org\",\"@graph\":[{\"@type\":\"WebPage\",\"@id\":\"https:\\\/\\\/www.newyorkfacile.it\\\/de\\\/kontaktformular\\\/\",\"url\":\"https:\\\/\\\/www.newyorkfacile.it\\\/de\\\/kontaktformular\\\/\",\"name\":\"Kontaktieren Sie die Autoren von New York Einfach\",\"isPartOf\":{\"@id\":\"https:\\\/\\\/www.newyorkfacile.it\\\/de\\\/#website\"},\"datePublished\":\"2020-09-01T16:13:41+00:00\",\"dateModified\":\"2024-06-04T13:08:29+00:00\",\"description\":\"Sie k\u00f6nnen uns um Informationen bitten, uns Berichte schicken oder was immer Sie f\u00fcr interessant halten. Schrieben Sie uns!\",\"breadcrumb\":{\"@id\":\"https:\\\/\\\/www.newyorkfacile.it\\\/de\\\/kontaktformular\\\/#breadcrumb\"},\"inLanguage\":\"de\",\"potentialAction\":[{\"@type\":\"ReadAction\",\"target\":[\"https:\\\/\\\/www.newyorkfacile.it\\\/de\\\/kontaktformular\\\/\"]}]},{\"@type\":\"BreadcrumbList\",\"@id\":\"https:\\\/\\\/www.newyorkfacile.it\\\/de\\\/kontaktformular\\\/#breadcrumb\",\"itemListElement\":[{\"@type\":\"ListItem\",\"position\":1,\"name\":\"New York Einfach\",\"item\":\"https:\\\/\\\/www.newyorkfacile.it\\\/de\\\/\"},{\"@type\":\"ListItem\",\"position\":2,\"name\":\"Kontaktieren Sie die Autoren von New York Einfach\"}]},{\"@type\":\"WebSite\",\"@id\":\"https:\\\/\\\/www.newyorkfacile.it\\\/de\\\/#website\",\"url\":\"https:\\\/\\\/www.newyorkfacile.it\\\/de\\\/\",\"name\":\"New York Einfach\",\"description\":\"Alle Infos und Tipps f\u00fcr eine Reise nach New York\",\"publisher\":{\"@id\":\"https:\\\/\\\/www.newyorkfacile.it\\\/de\\\/#organization\"},\"potentialAction\":[{\"@type\":\"SearchAction\",\"target\":{\"@type\":\"EntryPoint\",\"urlTemplate\":\"https:\\\/\\\/www.newyorkfacile.it\\\/de\\\/?s={search_term_string}\"},\"query-input\":{\"@type\":\"PropertyValueSpecification\",\"valueRequired\":true,\"valueName\":\"search_term_string\"}}],\"inLanguage\":\"de\"},{\"@type\":\"Organization\",\"@id\":\"https:\\\/\\\/www.newyorkfacile.it\\\/de\\\/#organization\",\"name\":\"New York Einfach\",\"url\":\"https:\\\/\\\/www.newyorkfacile.it\\\/de\\\/\",\"logo\":{\"@type\":\"ImageObject\",\"inLanguage\":\"de\",\"@id\":\"https:\\\/\\\/www.newyorkfacile.it\\\/de\\\/#\\\/schema\\\/logo\\\/image\\\/\",\"url\":\"https:\\\/\\\/www.newyorkfacile.it\\\/de\\\/wp-content\\\/uploads\\\/newyorkfacile-logo.jpg\",\"contentUrl\":\"https:\\\/\\\/www.newyorkfacile.it\\\/de\\\/wp-content\\\/uploads\\\/newyorkfacile-logo.jpg\",\"width\":300,\"height\":80,\"caption\":\"New York Einfach\"},\"image\":{\"@id\":\"https:\\\/\\\/www.newyorkfacile.it\\\/de\\\/#\\\/schema\\\/logo\\\/image\\\/\"}}]}<\/script>\n<!-- \/ Yoast SEO plugin. -->","yoast_head_json":{"title":"Kontaktieren Sie die Autoren von New York Einfach","description":"Sie k\u00f6nnen uns um Informationen bitten, uns Berichte schicken oder was immer Sie f\u00fcr interessant halten. Schrieben Sie uns!","robots":{"index":"index","follow":"follow","max-snippet":"max-snippet:-1","max-image-preview":"max-image-preview:large","max-video-preview":"max-video-preview:-1"},"canonical":"https:\/\/www.newyorkfacile.it\/de\/kontaktformular\/","og_locale":"de_DE","og_type":"article","og_title":"Kontaktieren Sie die Autoren von New York Einfach","og_description":"Sie k\u00f6nnen uns um Informationen bitten, uns Berichte schicken oder was immer Sie f\u00fcr interessant halten. Schrieben Sie uns!","og_url":"https:\/\/www.newyorkfacile.it\/de\/kontaktformular\/","og_site_name":"New York Facile - Deutsche Version","article_modified_time":"2024-06-04T13:08:29+00:00","twitter_misc":{"Gesch\u00e4tzte Lesezeit":"1\u00a0Minute"},"schema":{"@context":"https:\/\/schema.org","@graph":[{"@type":"WebPage","@id":"https:\/\/www.newyorkfacile.it\/de\/kontaktformular\/","url":"https:\/\/www.newyorkfacile.it\/de\/kontaktformular\/","name":"Kontaktieren Sie die Autoren von New York Einfach","isPartOf":{"@id":"https:\/\/www.newyorkfacile.it\/de\/#website"},"datePublished":"2020-09-01T16:13:41+00:00","dateModified":"2024-06-04T13:08:29+00:00","description":"Sie k\u00f6nnen uns um Informationen bitten, uns Berichte schicken oder was immer Sie f\u00fcr interessant halten. Schrieben Sie uns!","breadcrumb":{"@id":"https:\/\/www.newyorkfacile.it\/de\/kontaktformular\/#breadcrumb"},"inLanguage":"de","potentialAction":[{"@type":"ReadAction","target":["https:\/\/www.newyorkfacile.it\/de\/kontaktformular\/"]}]},{"@type":"BreadcrumbList","@id":"https:\/\/www.newyorkfacile.it\/de\/kontaktformular\/#breadcrumb","itemListElement":[{"@type":"ListItem","position":1,"name":"New York Einfach","item":"https:\/\/www.newyorkfacile.it\/de\/"},{"@type":"ListItem","position":2,"name":"Kontaktieren Sie die Autoren von New York Einfach"}]},{"@type":"WebSite","@id":"https:\/\/www.newyorkfacile.it\/de\/#website","url":"https:\/\/www.newyorkfacile.it\/de\/","name":"New York Einfach","description":"Alle Infos und Tipps f\u00fcr eine Reise nach New York","publisher":{"@id":"https:\/\/www.newyorkfacile.it\/de\/#organization"},"potentialAction":[{"@type":"SearchAction","target":{"@type":"EntryPoint","urlTemplate":"https:\/\/www.newyorkfacile.it\/de\/?s={search_term_string}"},"query-input":{"@type":"PropertyValueSpecification","valueRequired":true,"valueName":"search_term_string"}}],"inLanguage":"de"},{"@type":"Organization","@id":"https:\/\/www.newyorkfacile.it\/de\/#organization","name":"New York Einfach","url":"https:\/\/www.newyorkfacile.it\/de\/","logo":{"@type":"ImageObject","inLanguage":"de","@id":"https:\/\/www.newyorkfacile.it\/de\/#\/schema\/logo\/image\/","url":"https:\/\/www.newyorkfacile.it\/de\/wp-content\/uploads\/newyorkfacile-logo.jpg","contentUrl":"https:\/\/www.newyorkfacile.it\/de\/wp-content\/uploads\/newyorkfacile-logo.jpg","width":300,"height":80,"caption":"New York Einfach"},"image":{"@id":"https:\/\/www.newyorkfacile.it\/de\/#\/schema\/logo\/image\/"}}]}},"_links":{"self":[{"href":"https:\/\/www.newyorkfacile.it\/de\/wp-json\/wp\/v2\/pages\/13678","targetHints":{"allow":["GET"]}}],"collection":[{"href":"https:\/\/www.newyorkfacile.it\/de\/wp-json\/wp\/v2\/pages"}],"about":[{"href":"https:\/\/www.newyorkfacile.it\/de\/wp-json\/wp\/v2\/types\/page"}],"author":[{"embeddable":true,"href":"https:\/\/www.newyorkfacile.it\/de\/wp-json\/wp\/v2\/users\/2"}],"replies":[{"embeddable":true,"href":"https:\/\/www.newyorkfacile.it\/de\/wp-json\/wp\/v2\/comments?post=13678"}],"version-history":[{"count":0,"href":"https:\/\/www.newyorkfacile.it\/de\/wp-json\/wp\/v2\/pages\/13678\/revisions"}],"wp:attachment":[{"href":"https:\/\/www.newyorkfacile.it\/de\/wp-json\/wp\/v2\/media?parent=13678"}],"curies":[{"name":"wp","href":"https:\/\/api.w.org\/{rel}","templated":true}]}}