{"id":13676,"date":"2020-09-01T16:47:18","date_gmt":"2020-09-01T14:47:18","guid":{"rendered":"https:\/\/www.newyorkfacile.it\/de\/?page_id=13676"},"modified":"2026-01-21T15:11:14","modified_gmt":"2026-01-21T14:11:14","slug":"ueber-mich","status":"publish","type":"page","link":"https:\/\/www.newyorkfacile.it\/de\/ueber-mich\/","title":{"rendered":"\u00dcber mich"},"content":{"rendered":"<p>Hallo, ich bin <strong>Lory<\/strong>, <strong>die Autorin von <em>newyorkfacile.it<\/em><\/strong>.<\/p>\n<p>Dies ist die <strong>deutsche Version meines New York-Projekts<\/strong>. Es handelt sich nicht um eine vollst\u00e4ndige Kopie der italienischen Website, sondern um eine sorgf\u00e4ltige \u00dcbersetzung der wichtigsten Bereiche, die f\u00fcr Ihre Reiseplanung n\u00fctzlich sind. Ich werde die \u00fcbersetzten Inhalte schrittweise erweitern, um Ihnen einen m\u00f6glichst vollst\u00e4ndigen \u00dcberblick zu bieten, der dem der italienischen Originalseite entspricht.<\/p>\n<h2>Wilkommen!<\/h2>\n<p>Egal, ob Sie Ihre erste, aufregende Reise nach New York planen oder als wiederkehrender Besucher auf der Suche nach neuen Ideen sind: <strong>herzlich willkommen<\/strong>.<\/p>\n<p>Ich wei\u00df sehr gut, dass die Organisation einer so wichtigen Reise manchmal wie eine gewaltige Aufgabe erscheinen kann, mit einem Reiseplan, der nie lang genug ist, und tausend praktischen Fragen: Welcher Sightseeing-Pass lohnt sich? Wie funktioniert die U-Bahn? Wo soll man \u00fcbernachten?<br \/>\nAber ich glaube, dass <strong>die Reise genau in dieser Phase beginnt<\/strong>, wenn wir anfangen, sie mit unseren eigenen H\u00e4nden zu gestalten, um sie Schritt f\u00fcr Schritt zu <strong>unserer<\/strong> Reise zu machen. Und es gibt keine gr\u00f6\u00dfere Befriedigung, als eine Reise zu erleben, die wir selbst organisiert haben.<\/p>\n<p>Ich habe <b>NewYorkFacile.it<\/b> aufgebaut, um diese und viele andere Fragen zu beantworten, indem ich meine direkte Erfahrung in praktische Ratschl\u00e4ge f\u00fcr IHRE Reise verwandle. Ohne den Anspruch, eine &#8222;Bibel&#8220; zu sein, sondern um Ihnen zu helfen, jeden Aspekt zu interpretieren und ihn sich zu eigen zu machen. Denn <strong>jeder von uns ist anders<\/strong>, wir haben unterschiedliche Priorit\u00e4ten und Geschm\u00e4cker, und genau das ist das Sch\u00f6ne am Reisen.<\/p>\n<p>Auf dieser Seite erz\u00e4hle ich Ihnen ein wenig \u00fcber mich und wie meine Leidenschaft f\u00fcr New York entstanden ist, die sich im Laufe der Jahre in das Projekt dieser Website verwandelt hat.<\/p>\n<div id=\"attachment_24903\" style=\"width: 710px\" class=\"wp-caption aligncenter\"><img decoding=\"async\" aria-describedby=\"caption-attachment-24903\" class=\"size-full wp-image-24903\" src=\"https:\/\/www.newyorkfacile.it\/de\/wp-content\/uploads\/lory-autrice-newyorkfacile-nyc_de.jpg\" alt=\"Lory, Autorin von NewYorkFacile.it, l\u00e4chelt mit der n\u00e4chtlichen Skyline von New York im Hintergrund am Pebble Beach.\" width=\"700\" height=\"350\" \/><p id=\"caption-attachment-24903\" class=\"wp-caption-text\">Ich an einem meiner Lieblingsorte in New York: Pebble Beach, f\u00fcr ein einzigartiges n\u00e4chtliches Panorama. Um Momente wie diesen zu erleben, habe ich die Website erstellt: um auch Ihnen zu helfen, dieselbe Magie zu sp\u00fcren.<\/p><\/div>\n<h2>Meine Geschichte mit New York: Von der Leidenschaft zur Mission<\/h2>\n<blockquote><p>Das Leben ist eine Reise, und zu reisen bedeutet, zweimal zu leben<\/p><\/blockquote>\n<p>Ich habe es schon immer geliebt zu <strong>reisen<\/strong>, <strong>neue Orte zu erkunden<\/strong> und mich mit anderen Kulturen auseinanderzusetzen. Aber ich habe auch eine Regel: <strong>Ich hasse es, denselben Ort zweimal zu besuchen<\/strong>. Es gibt zu viele Wunder auf der Welt, um dorthin zur\u00fcckzukehren, wo man schon einmal war.<\/p>\n<p><strong>Und doch habe ich f\u00fcr New York eine Ausnahme gemacht<\/strong>. Und ich mache sie weiterhin, immer \u00f6fter \ud83d\ude42<\/p>\n<p>Jene erste Reise vor nunmehr \u00fcber 15 Jahren war die sprichw\u00f6rtliche <strong>Reise meiner Tr\u00e4ume<\/strong> und die Stadt hat mich buchst\u00e4blich &#8222;gefangen genommen&#8220;. Es gibt etwas in der Seele von New York City, das mich dazu bringt, zur\u00fcckzukehren, sie zu leben, sie zu vertiefen, sie zu interpretieren, w\u00e4hrend sie sich st\u00e4ndig ver\u00e4ndert, sie zu genie\u00dfen und mich dar\u00fcber auf dem Laufenden zu halten, was passiert, auch wenn ich weit weg bin. Vielleicht, weil sie nie gleich ist, oder vielleicht, weil sie mir mit ihrem hektischen Charakter, aber dem gr\u00fcnen Herzen, ein wenig \u00e4hnelt.<\/p>\n<p>Diese so starke Bindung hat mich dazu gebracht, mich nicht darauf zu beschr\u00e4nken, sehr oft dorthin zu reisen, sondern <strong>die Stadt zu studieren<\/strong>, ihre Mechanismen zu verstehen und ihre Geheimnisse zu entdecken. Und an einem bestimmten Punkt versp\u00fcrte ich das Bed\u00fcrfnis, einen Treffpunkt zwischen meiner New York gewidmeten Welt und all den Menschen zu schaffen, die sich \u2013 wie ich \u2013 darauf vorbereiten, ihr zu begegnen. <strong>So ist NewYorkFacile.it entstanden<\/strong>: nicht einfach nur ein Blog, sondern ein <strong>Lebensprojekt mit dem Ziel, diese Stadt f\u00fcr alle zug\u00e4nglich und wunderbar zu machen<\/strong>.<\/p>\n<h2>Meine Philosophie: Eine intelligente Reise f\u00fcr ein authentisches Erlebnis<\/h2>\n<p>Ich bezeichne mich selbst mit einem L\u00e4cheln als &#8222;<strong>leidenschaftliche Reisende mit kleinem Budget<\/strong>&#8220; &#x1f60a;<br \/>\nDas bedeutet nicht, am falschen Ende zu sparen, sondern auf <strong>intelligente<\/strong> Weise zu reisen. Ich habe mit der Zeit gelernt, dass im Urlaub drei Dinge wirklich z\u00e4hlen: wie Sie Ihr <strong>Geld<\/strong> ausgeben, wie Sie Ihre <strong>Zeit<\/strong> nutzen und vor allem die <strong>Qualit\u00e4t der Erlebnisse, die Sie machen<\/strong>. Dieses Bewusstsein ist das Herzst\u00fcck jedes Ratschlags, den Sie hier finden.<\/p>\n\n<ul class=\"list list-star-full\">\n<li><strong>Der Wert des Geldes<\/strong>: Ich glaube fest daran, dass jeder Euro des Reisebudgets ausgegeben werden sollte, um <strong>eine Erinnerung zu schaffen<\/strong>, nicht f\u00fcr eine Verschwendung. Deshalb ist es mein Ziel, Ihnen die Werkzeuge an die Hand zu geben, um bewusste Entscheidungen zu treffen und jede Ausgabe zu optimieren, ohne auf Qualit\u00e4t zu verzichten.<\/li>\n<li><strong>Der Wert der Zeit<\/strong>: Der Urlaub ist immer zu kurz, um ihn mit Warteschlangen, Unsicherheiten oder <strong>vermeidbaren<\/strong> Zweifeln zu verschwenden. Eine gute Vorbereitung ist das Geheimnis, um <strong>Zeit und Energie freizusetzen<\/strong>, was Ihnen die Freiheit l\u00e4sst, auch ein unvorhergesehenes Ereignis in eine Chance zu verwandeln.<\/li>\n<li><b>Der Wert des Erlebnisses:<\/b> Ich liebe es, die Essenz einer Stadt zu erfassen, indem ich mich unter die Einheimischen mische und nach jedem weniger konventionellen Aspekt suche. Andere Male liebe ich es, zu 100 % Touristin zu sein, mit allen Klischees, die dazu geh\u00f6ren. In New York bedeutet das, die richtige Mischung zu finden: die ikonischen und unverzichtbaren Attraktionen zu erleben und gleichzeitig jene einzigartigen und weniger touristischen Kontexte zu entdecken, die Ihnen das Gef\u00fchl geben, auch nur f\u00fcr einen Tag ein echter New Yorker zu sein.<\/li>\n<\/ul>\n <div class=\"clear\" style=\"height:10px !important;\"><!-- --><\/div>\n<h2><b>Wie ich Ihnen konkret helfe: Mein Versprechen an Sie<\/b><\/h2>\n<p>Meine Philosophie \u00fcbersetzt sich in ein Versprechen, eine Verpflichtung, die ich in jedem Reisef\u00fchrer, Tipp und jeder Route auf NewYorkFacile.it einzuhalten versuche und die auf diesen f\u00fcnf f\u00fcr mich grundlegenden Punkten basiert:<\/p>\n\n<ul class=\"list list-arrow-right-3\">\n<li>&#x2705; <strong>Reale und kollektive Erfahrung<\/strong>: Die \u00fcberwiegende Mehrheit der auf der Website behandelten Tipps und Aspekte wurde pers\u00f6nlich vor Ort getestet. Wo das nicht ausreicht, erg\u00e4nze ich dies mit stundenlanger Recherche und Zuh\u00f6ren. Die vielen R\u00fcckmeldungen, die ich von Lesern erhalte, die ihre Erfahrungen teilen, vervollst\u00e4ndigen und bereichern die Informationen zudem jeden Tag.<\/li>\n<li>&#x2705; <b>Intelligentes und ma\u00dfgeschneidertes Sparen:<\/b> Ich erkl\u00e4re Ihnen, wo und wie Sie Ausgaben optimieren k\u00f6nnen, indem ich Optionen objektiv vergleiche, um <strong>Ihnen zu helfen zu verstehen<\/strong>, was in <strong>Ihrem speziellen Fall<\/strong> bei jedem Aspekt sinnvoll ist. Es wird immer Ihre eigene Beurteilung sein, bezogen auf Ihren spezifischen Fall, die dann die bestm\u00f6gliche Wahl trifft.<\/li>\n<li>&#x2705; <strong>Klarheit und ehrliche Meinung<\/strong>: Ich behandle jedes Thema organisiert, logisch und klar. Um zu versuchen, Ihnen ein klares Verst\u00e4ndnis zu geben, ohne Zweideutigkeiten oder Einfl\u00fcsse, die von meinen pers\u00f6nlichen Vorlieben diktiert werden. Dem f\u00fcge ich dennoch immer meine pers\u00f6nliche Meinung und meine Erfahrung hinzu, um Ihnen eine zus\u00e4tzliche Interpretation zu geben, die Sie frei bewerten k\u00f6nnen.<\/li>\n<li>&#x2705; <strong>Aktuelle Informationen<\/strong>: Ich gebe jeden Tag mein Bestes, um die Informationen auf dieser Website aktuell und zuverl\u00e4ssig zu halten, einschlie\u00dflich der deutschen Version.<\/li>\n<\/ul>\n <div class=\"clear\" style=\"height:30px !important;\"><!-- --><\/div>\n<p><strong>Danke, dass Sie sich die Zeit genommen haben, mich kennenzulernen.<\/strong> Ich hoffe, dass diese Website Ihr vertrauensw\u00fcrdiger Reisebegleiter f\u00fcr Ihr n\u00e4chstes Abenteuer in New York werden kann.<\/p>\n<p>Gute Reise!<\/p>\n","protected":false},"excerpt":{"rendered":"<p>Ein paar autobiografische Worte \u00fcber die Autorin von newyorkfacile.it, in denen ich den Ursprung der Leidenschaft erkl\u00e4re, die mich \u00fcber die Jahre zur Realisierung dieses Projekts gef\u00fchrt hat \u2013 heute ein echter Bezugspunkt f\u00fcr Reisen nach New York.<\/p>\n","protected":false},"author":2,"featured_media":0,"parent":0,"menu_order":0,"comment_status":"open","ping_status":"closed","template":"","meta":{"_acf_changed":false,"footnotes":""},"class_list":["post-13676","page","type-page","status-publish","hentry"],"acf":[],"yoast_head":"<!-- This site is optimized with the Yoast SEO plugin v27.5 - https:\/\/yoast.com\/product\/yoast-seo-wordpress\/ -->\n<title>Wer ist Lory, die Autorin von NewYorkFacile.it | Meine Geschichte<\/title>\n<meta name=\"description\" content=\"Die Geschichte von Lory, der Autorin hinter NewYorkFacile.it. \u00dcber 15 Jahre NYC-Erfahrung f\u00fcr Ihre ehrlichsten und getesteten Reisetipps.\" \/>\n<meta name=\"robots\" content=\"index, follow, max-snippet:-1, max-image-preview:large, max-video-preview:-1\" \/>\n<link rel=\"canonical\" href=\"https:\/\/www.newyorkfacile.it\/de\/ueber-mich\/\" \/>\n<meta property=\"og:locale\" content=\"de_DE\" \/>\n<meta property=\"og:type\" content=\"article\" \/>\n<meta property=\"og:title\" content=\"Wer ist Lory, die Autorin von NewYorkFacile.it | Meine Geschichte\" \/>\n<meta property=\"og:description\" content=\"Die Geschichte von Lory, der Autorin hinter NewYorkFacile.it. \u00dcber 15 Jahre NYC-Erfahrung f\u00fcr Ihre ehrlichsten und getesteten Reisetipps.\" \/>\n<meta property=\"og:url\" content=\"https:\/\/www.newyorkfacile.it\/de\/ueber-mich\/\" \/>\n<meta property=\"og:site_name\" content=\"New York Facile - Deutsche Version\" \/>\n<meta property=\"article:modified_time\" content=\"2026-01-21T14:11:14+00:00\" \/>\n<meta name=\"twitter:label1\" content=\"Gesch\u00e4tzte Lesezeit\" \/>\n\t<meta name=\"twitter:data1\" content=\"7\u00a0Minuten\" \/>\n<script type=\"application\/ld+json\" class=\"yoast-schema-graph\">{\"@context\":\"https:\\\/\\\/schema.org\",\"@graph\":[{\"@type\":\"WebPage\",\"@id\":\"https:\\\/\\\/www.newyorkfacile.it\\\/de\\\/ueber-mich\\\/\",\"url\":\"https:\\\/\\\/www.newyorkfacile.it\\\/de\\\/ueber-mich\\\/\",\"name\":\"Wer ist Lory, die Autorin von NewYorkFacile.it | Meine Geschichte\",\"isPartOf\":{\"@id\":\"https:\\\/\\\/www.newyorkfacile.it\\\/de\\\/#website\"},\"primaryImageOfPage\":{\"@id\":\"https:\\\/\\\/www.newyorkfacile.it\\\/de\\\/ueber-mich\\\/#primaryimage\"},\"image\":{\"@id\":\"https:\\\/\\\/www.newyorkfacile.it\\\/de\\\/ueber-mich\\\/#primaryimage\"},\"thumbnailUrl\":\"https:\\\/\\\/www.newyorkfacile.it\\\/de\\\/wp-content\\\/uploads\\\/lory-autrice-newyorkfacile-nyc_de.jpg\",\"datePublished\":\"2020-09-01T14:47:18+00:00\",\"dateModified\":\"2026-01-21T14:11:14+00:00\",\"description\":\"Die Geschichte von Lory, der Autorin hinter NewYorkFacile.it. \u00dcber 15 Jahre NYC-Erfahrung f\u00fcr Ihre ehrlichsten und getesteten Reisetipps.\",\"breadcrumb\":{\"@id\":\"https:\\\/\\\/www.newyorkfacile.it\\\/de\\\/ueber-mich\\\/#breadcrumb\"},\"inLanguage\":\"de\",\"potentialAction\":[{\"@type\":\"ReadAction\",\"target\":[\"https:\\\/\\\/www.newyorkfacile.it\\\/de\\\/ueber-mich\\\/\"]}]},{\"@type\":\"ImageObject\",\"inLanguage\":\"de\",\"@id\":\"https:\\\/\\\/www.newyorkfacile.it\\\/de\\\/ueber-mich\\\/#primaryimage\",\"url\":\"\",\"contentUrl\":\"\"},{\"@type\":\"BreadcrumbList\",\"@id\":\"https:\\\/\\\/www.newyorkfacile.it\\\/de\\\/ueber-mich\\\/#breadcrumb\",\"itemListElement\":[{\"@type\":\"ListItem\",\"position\":1,\"name\":\"New York Einfach\",\"item\":\"https:\\\/\\\/www.newyorkfacile.it\\\/de\\\/\"},{\"@type\":\"ListItem\",\"position\":2,\"name\":\"\u00dcber mich\"}]},{\"@type\":\"WebSite\",\"@id\":\"https:\\\/\\\/www.newyorkfacile.it\\\/de\\\/#website\",\"url\":\"https:\\\/\\\/www.newyorkfacile.it\\\/de\\\/\",\"name\":\"New York Einfach\",\"description\":\"Alle Infos und Tipps f\u00fcr eine Reise nach New York\",\"publisher\":{\"@id\":\"https:\\\/\\\/www.newyorkfacile.it\\\/de\\\/#organization\"},\"potentialAction\":[{\"@type\":\"SearchAction\",\"target\":{\"@type\":\"EntryPoint\",\"urlTemplate\":\"https:\\\/\\\/www.newyorkfacile.it\\\/de\\\/?s={search_term_string}\"},\"query-input\":{\"@type\":\"PropertyValueSpecification\",\"valueRequired\":true,\"valueName\":\"search_term_string\"}}],\"inLanguage\":\"de\"},{\"@type\":\"Organization\",\"@id\":\"https:\\\/\\\/www.newyorkfacile.it\\\/de\\\/#organization\",\"name\":\"New York Einfach\",\"url\":\"https:\\\/\\\/www.newyorkfacile.it\\\/de\\\/\",\"logo\":{\"@type\":\"ImageObject\",\"inLanguage\":\"de\",\"@id\":\"https:\\\/\\\/www.newyorkfacile.it\\\/de\\\/#\\\/schema\\\/logo\\\/image\\\/\",\"url\":\"https:\\\/\\\/www.newyorkfacile.it\\\/de\\\/wp-content\\\/uploads\\\/newyorkfacile-logo.jpg\",\"contentUrl\":\"https:\\\/\\\/www.newyorkfacile.it\\\/de\\\/wp-content\\\/uploads\\\/newyorkfacile-logo.jpg\",\"width\":300,\"height\":80,\"caption\":\"New York Einfach\"},\"image\":{\"@id\":\"https:\\\/\\\/www.newyorkfacile.it\\\/de\\\/#\\\/schema\\\/logo\\\/image\\\/\"}}]}<\/script>\n<!-- \/ Yoast SEO plugin. -->","yoast_head_json":{"title":"Wer ist Lory, die Autorin von NewYorkFacile.it | Meine Geschichte","description":"Die Geschichte von Lory, der Autorin hinter NewYorkFacile.it. \u00dcber 15 Jahre NYC-Erfahrung f\u00fcr Ihre ehrlichsten und getesteten Reisetipps.","robots":{"index":"index","follow":"follow","max-snippet":"max-snippet:-1","max-image-preview":"max-image-preview:large","max-video-preview":"max-video-preview:-1"},"canonical":"https:\/\/www.newyorkfacile.it\/de\/ueber-mich\/","og_locale":"de_DE","og_type":"article","og_title":"Wer ist Lory, die Autorin von NewYorkFacile.it | Meine Geschichte","og_description":"Die Geschichte von Lory, der Autorin hinter NewYorkFacile.it. \u00dcber 15 Jahre NYC-Erfahrung f\u00fcr Ihre ehrlichsten und getesteten Reisetipps.","og_url":"https:\/\/www.newyorkfacile.it\/de\/ueber-mich\/","og_site_name":"New York Facile - Deutsche Version","article_modified_time":"2026-01-21T14:11:14+00:00","twitter_misc":{"Gesch\u00e4tzte Lesezeit":"7\u00a0Minuten"},"schema":{"@context":"https:\/\/schema.org","@graph":[{"@type":"WebPage","@id":"https:\/\/www.newyorkfacile.it\/de\/ueber-mich\/","url":"https:\/\/www.newyorkfacile.it\/de\/ueber-mich\/","name":"Wer ist Lory, die Autorin von NewYorkFacile.it | Meine Geschichte","isPartOf":{"@id":"https:\/\/www.newyorkfacile.it\/de\/#website"},"primaryImageOfPage":{"@id":"https:\/\/www.newyorkfacile.it\/de\/ueber-mich\/#primaryimage"},"image":{"@id":"https:\/\/www.newyorkfacile.it\/de\/ueber-mich\/#primaryimage"},"thumbnailUrl":"https:\/\/www.newyorkfacile.it\/de\/wp-content\/uploads\/lory-autrice-newyorkfacile-nyc_de.jpg","datePublished":"2020-09-01T14:47:18+00:00","dateModified":"2026-01-21T14:11:14+00:00","description":"Die Geschichte von Lory, der Autorin hinter NewYorkFacile.it. \u00dcber 15 Jahre NYC-Erfahrung f\u00fcr Ihre ehrlichsten und getesteten Reisetipps.","breadcrumb":{"@id":"https:\/\/www.newyorkfacile.it\/de\/ueber-mich\/#breadcrumb"},"inLanguage":"de","potentialAction":[{"@type":"ReadAction","target":["https:\/\/www.newyorkfacile.it\/de\/ueber-mich\/"]}]},{"@type":"ImageObject","inLanguage":"de","@id":"https:\/\/www.newyorkfacile.it\/de\/ueber-mich\/#primaryimage","url":"","contentUrl":""},{"@type":"BreadcrumbList","@id":"https:\/\/www.newyorkfacile.it\/de\/ueber-mich\/#breadcrumb","itemListElement":[{"@type":"ListItem","position":1,"name":"New York Einfach","item":"https:\/\/www.newyorkfacile.it\/de\/"},{"@type":"ListItem","position":2,"name":"\u00dcber mich"}]},{"@type":"WebSite","@id":"https:\/\/www.newyorkfacile.it\/de\/#website","url":"https:\/\/www.newyorkfacile.it\/de\/","name":"New York Einfach","description":"Alle Infos und Tipps f\u00fcr eine Reise nach New York","publisher":{"@id":"https:\/\/www.newyorkfacile.it\/de\/#organization"},"potentialAction":[{"@type":"SearchAction","target":{"@type":"EntryPoint","urlTemplate":"https:\/\/www.newyorkfacile.it\/de\/?s={search_term_string}"},"query-input":{"@type":"PropertyValueSpecification","valueRequired":true,"valueName":"search_term_string"}}],"inLanguage":"de"},{"@type":"Organization","@id":"https:\/\/www.newyorkfacile.it\/de\/#organization","name":"New York Einfach","url":"https:\/\/www.newyorkfacile.it\/de\/","logo":{"@type":"ImageObject","inLanguage":"de","@id":"https:\/\/www.newyorkfacile.it\/de\/#\/schema\/logo\/image\/","url":"https:\/\/www.newyorkfacile.it\/de\/wp-content\/uploads\/newyorkfacile-logo.jpg","contentUrl":"https:\/\/www.newyorkfacile.it\/de\/wp-content\/uploads\/newyorkfacile-logo.jpg","width":300,"height":80,"caption":"New York Einfach"},"image":{"@id":"https:\/\/www.newyorkfacile.it\/de\/#\/schema\/logo\/image\/"}}]}},"_links":{"self":[{"href":"https:\/\/www.newyorkfacile.it\/de\/wp-json\/wp\/v2\/pages\/13676","targetHints":{"allow":["GET"]}}],"collection":[{"href":"https:\/\/www.newyorkfacile.it\/de\/wp-json\/wp\/v2\/pages"}],"about":[{"href":"https:\/\/www.newyorkfacile.it\/de\/wp-json\/wp\/v2\/types\/page"}],"author":[{"embeddable":true,"href":"https:\/\/www.newyorkfacile.it\/de\/wp-json\/wp\/v2\/users\/2"}],"replies":[{"embeddable":true,"href":"https:\/\/www.newyorkfacile.it\/de\/wp-json\/wp\/v2\/comments?post=13676"}],"version-history":[{"count":0,"href":"https:\/\/www.newyorkfacile.it\/de\/wp-json\/wp\/v2\/pages\/13676\/revisions"}],"wp:attachment":[{"href":"https:\/\/www.newyorkfacile.it\/de\/wp-json\/wp\/v2\/media?parent=13676"}],"curies":[{"name":"wp","href":"https:\/\/api.w.org\/{rel}","templated":true}]}}