{"id":11,"date":"2020-08-21T10:43:38","date_gmt":"2020-08-21T08:43:38","guid":{"rendered":"http:\/\/strictthemes.com\/strictone\/?page_id=11"},"modified":"2022-02-08T09:07:24","modified_gmt":"2022-02-08T08:07:24","slug":"blog","status":"publish","type":"page","link":"https:\/\/www.newyorkfacile.it\/de\/","title":{"rendered":"Reise nach New York"},"content":{"rendered":"<p>Eine <strong>Reise nach New York<\/strong> kann der <strong>Traumurlaub des Lebens<\/strong> sein. New York City fasziniert Touristen aus aller Welt, es gibt <strong>ungez\u00e4hlte Dinge zu sehen und zu tun<\/strong>, sie ist das ideale Reiseziel f\u00fcr viele Arten und Weisen des Urlaubs.<\/p>\n<p><strong>Die Planung einer Reise nach New York<\/strong> <strong>kann<\/strong> jedoch angesichts der vielen Dinge, die zu bew\u00e4ltigen sind, <strong>kompliziert sein<\/strong>.<\/p>\n<p>Flug und Unterkunft m\u00fcssen im Voraus gebucht werden, Sie m\u00fcssen Visum und Dokumente vorweisen k\u00f6nnen, Ihre Kreditkarte muss US-f\u00e4hig sein und Sie m\u00fcssen international Krankenversicherung haben. Au\u00dferdem gibt es bei einem Urlaub in New York so viel zu sehen, dass Zeit nie genug ist. Daher ist es von grundlegender Bedeutung, sich vor der Abreise gut zu vorbereiten, um Ihren Reiseplan zu optimieren und einen unvergesslichen Urlaub zu verbringen.<\/p>\n<p><strong>Auf dieser Website finden Sie alle grundlegenden Informationen<\/strong>, die Sie ben\u00f6tigen (und mehr), um <strong>Ihre Reise nach New York optimal zu planen<\/strong>.<br \/>\nNach dem gro\u00dfen Erfolg f\u00fcr italienische Touristen und den vielen positiven R\u00fcckmeldungen habe ich beschlossen, die n\u00fctzlichsten Informationen auch auf Deutsch zur Verf\u00fcgung zu stellen. Ich hoffe, diese Tipps k\u00f6nnen Ihnen helfen und Ihnen etwas Zeit sparen.<\/p>\n<p>In jedem Artikel wird dem praktischen und wirtschaftlichen Aspekt besondere Sorgfalt und Aufmerksamkeit geschenkt. <strong>Sparen, wo es geht, und Kosten optimieren<\/strong> &#8211; das ist die Philosophie hinter den Tipps, die Sie auf dieser Website finden.<\/p>\n<h2>Schritte zur Planung Ihres Urlaubs in NYC<\/h2>\n<ol>\n<li>Der erste Aspekt, \u00fcber den es zu entscheiden gilt, ist definitiv der <strong>Zeitpunkt<\/strong>.<br \/>\nNew York hat zu jeder Jahreszeit einen besonderen Charme, und wenn Sie sich daf\u00fcr entscheiden, zu einer bestimmten Zeit dorthin zu fahren, k\u00f6nnen Sie die Stadt auf eine ganz andere, auch magische Weise erleben. Nat\u00fcrlich <strong>h\u00e4ngen die Preise auch von der Jahreszeit ab<\/strong>.<\/p>\n<hr \/>\n<\/li>\n<li>Sobald Sie sich f\u00fcr den Zeitraum entschieden haben, in dem Sie Ihre Abreise arrangieren m\u00f6chten, schlage ich Ihnen vor, zun\u00e4chst Ihren Flug nach New York zum g\u00fcnstigsten Preis zu buchen. Es ist besser, <strong>zuerst den Flug und dann die \u00dcbernachtungen zu w\u00e4hlen<\/strong>. denn Sie werden erfahren, wie sich der Preis des Flugtickets selbst bei nur einem Tagesunterschied \u00e4ndern kann.<br \/>\nSehen Sie sich auch den Artikel \u00fcber <a href=\"https:\/\/www.newyorkfacile.it\/de\/hotels-new-york\/\">g\u00fcnstige \u00dcbernachtungsm\u00f6glichkeiten in New York<\/a> an.<br \/>\nIch empfehle Ihnen, auch die Paketangebote Flug nach New York + Hotel in Betracht zu ziehen, die sehr vorteilhaft sind und viel Geld sparen.<\/p>\n<hr \/>\n<\/li>\n<li>Um ausreisen zu k\u00f6nnen, m\u00fcssen Sie im Besitz eines g\u00fcltigen <strong>biometrischen Reisepasses<\/strong> und eines <strong>Visums<\/strong> sein. Wenn Ihr Reisepass abgelaufen ist, sollten Sie Ihren Antrag so schnell wie m\u00f6glich einreichen.<br \/>\nUm zu touristischen Zwecken in die USA einzureisen, m\u00fcssen Sie eine <strong>ESTA-Genehmigung<\/strong> oder ein Visum beantragen, wenn Ihre Reise l\u00e4nger als 90 Tage dauert.<br \/>\nAchten Sie darauf, den ESTA-Antrag nur auf der offiziellen Website auszuf\u00fcllen (leider gibt es viele Websites, die sich dies zunutze machen und Sie unn\u00f6tig viel mehr Geld ausgeben lassen).<\/p>\n<hr \/>\n<\/li>\n<li>Vergewissern Sie sich, dass Sie eine f\u00fcr das <strong>Ausland aktivierte Kreditkarte<\/strong> besitzen, da viele aus Sicherheitsgr\u00fcnden Einschr\u00e4nkungen gelten.<br \/>\n<hr \/>\n<\/li>\n<\/ol>\n<p>Dies sind ungef\u00e4hre Anhaltspunkte, die Sie, wie ich Ihnen empfehle, vor jeder weiteren Untersuchung dar\u00fcber, was zu tun und zu sehen ist, in Betracht ziehen sollten.<\/p>\n<h2>Planung Ihrer Reiseroute in New York<\/h2>\n<p>Der n\u00e4chste Schritt besteht nat\u00fcrlich darin, <strong>die Reiseroute zu untersuchen<\/strong>. Sie m\u00fcssen herausfinden, welchen <strong>Zeitkarten<\/strong> Sie nehmen m\u00fcssen (siehe Subway), was es zu sehen gibt, <a href=\"https:\/\/www.newyorkfacile.it\/de\/new-york-pass\/\">welchen New Yorker Pass Sie kaufen m\u00fcssen<\/a> und welche <strong>Attraktionen Sie im Voraus buchen<\/strong> m\u00fcssen.<br \/>\nSicherlich geht es darum, Zeit und Energie f\u00fcr Vergleiche und Forschungen aufzuwenden, aber als Reisender bin ich der Meinung, dass es darum geht, <strong>Zeit und Geld zu sparen<\/strong>.<\/p>\n<p>Und genau in diesem Sinne habe ich beschlossen, meine Artikel ins Deutsche zu \u00fcbersetzen, wobei ich denjenigen Vorrang einr\u00e4ume, die Ihnen bei der Erstellung Ihres Reiseplans helfen, von der Ankunft am Flughafen bis zum Abreisetag.<\/p>\n<p>Auf diese Weise k\u00f6nnen Sie, sobald Sie in New York angekommen sind, <strong>Ihren Urlaub in v\u00f6lliger Freiheit genie\u00dfen<\/strong>, ohne nach Informationen fragen zu m\u00fcssen, die Sie leicht zu Hause finden k\u00f6nnten, oder schlimmer noch, ohne sich in endlosen Schlangen zu langweilen, um in irgendein Museum zu gelangen, das Sie von zu Hause aus buchen k\u00f6nnten. <strong>Letztendlich werden Sie mehr Zeit haben, die Stadt zu genie\u00dfen!<\/strong><\/p>\n<p>Abschlie\u00dfend schlage ich vor, dass Sie einen Blick auf den Abschnitt <a href=\"https:\/\/www.newyorkfacile.it\/de\/tipps\/\">Ratschl\u00e4ge <\/a>werfen. Tats\u00e4chlich gibt es einige Aspekte, \u00fcber die es gut ist, sich vor der Abreise zu informieren. Um ein kurzes Beispiel zu nennen: Die Steckdose ist anders als die italienische, und auch die Spannung ist anders. Es gibt viele wesentliche Details, die Ihren Urlaub retten k\u00f6nnen.<\/p>\n<p>Was gibt es noch zu sagen, au\u00dfer&#8230;<\/p>\n<p><strong>Ich w\u00fcnsche Ihnen eine gute Reise!<\/strong><\/p>\n<p>&nbsp;<\/p>\n","protected":false},"excerpt":{"rendered":"<p>Eine Reise nach New York kann der Traumurlaub des Lebens sein. New York City fasziniert Touristen aus aller Welt, es gibt ungez\u00e4hlte Dinge zu sehen und zu tun, sie ist das ideale Reiseziel f\u00fcr viele Arten und Weisen des Urlaubs. Die Planung einer Reise nach New York kann jedoch angesichts der vielen Dinge, die zu [&hellip;]<\/p>\n","protected":false},"author":2,"featured_media":0,"parent":0,"menu_order":10,"comment_status":"open","ping_status":"closed","template":"template-blog.php","meta":{"_acf_changed":false,"footnotes":""},"class_list":["post-11","page","type-page","status-publish","hentry"],"acf":[],"yoast_head":"<!-- This site is optimized with the Yoast SEO plugin v27.4 - https:\/\/yoast.com\/product\/yoast-seo-wordpress\/ -->\n<title>Reise nach New York planen: alle Infos und Tipps f\u00fcr Anf\u00e4nger<\/title>\n<meta name=\"description\" content=\"Tr\u00e4umen Sie nach New York zu reisen? Entdecken Sie alle grundlegenden Informationen um Ihre Reise nach New York optimal zu planen.\" \/>\n<meta name=\"robots\" content=\"index, follow, max-snippet:-1, max-image-preview:large, max-video-preview:-1\" \/>\n<link rel=\"canonical\" href=\"https:\/\/www.newyorkfacile.it\/de\/\" \/>\n<meta property=\"og:locale\" content=\"de_DE\" \/>\n<meta property=\"og:type\" content=\"article\" \/>\n<meta property=\"og:title\" content=\"Reise nach New York planen: alle Infos und Tipps f\u00fcr Anf\u00e4nger\" \/>\n<meta property=\"og:description\" content=\"Tr\u00e4umen Sie nach New York zu reisen? Entdecken Sie alle grundlegenden Informationen um Ihre Reise nach New York optimal zu planen.\" \/>\n<meta property=\"og:url\" content=\"https:\/\/www.newyorkfacile.it\/de\/\" \/>\n<meta property=\"og:site_name\" content=\"New York Facile - Deutsche Version\" \/>\n<meta property=\"article:modified_time\" content=\"2022-02-08T08:07:24+00:00\" \/>\n<meta name=\"twitter:label1\" content=\"Gesch\u00e4tzte Lesezeit\" \/>\n\t<meta name=\"twitter:data1\" content=\"5\u00a0Minuten\" \/>\n<script type=\"application\/ld+json\" class=\"yoast-schema-graph\">{\"@context\":\"https:\\\/\\\/schema.org\",\"@graph\":[{\"@type\":\"WebPage\",\"@id\":\"https:\\\/\\\/www.newyorkfacile.it\\\/de\\\/\",\"url\":\"https:\\\/\\\/www.newyorkfacile.it\\\/de\\\/\",\"name\":\"Reise nach New York planen: alle Infos und Tipps f\u00fcr Anf\u00e4nger\",\"isPartOf\":{\"@id\":\"https:\\\/\\\/www.newyorkfacile.it\\\/de\\\/#website\"},\"datePublished\":\"2020-08-21T08:43:38+00:00\",\"dateModified\":\"2022-02-08T08:07:24+00:00\",\"description\":\"Tr\u00e4umen Sie nach New York zu reisen? Entdecken Sie alle grundlegenden Informationen um Ihre Reise nach New York optimal zu planen.\",\"breadcrumb\":{\"@id\":\"https:\\\/\\\/www.newyorkfacile.it\\\/de\\\/#breadcrumb\"},\"inLanguage\":\"de\",\"potentialAction\":[{\"@type\":\"ReadAction\",\"target\":[\"https:\\\/\\\/www.newyorkfacile.it\\\/de\\\/\"]}]},{\"@type\":\"BreadcrumbList\",\"@id\":\"https:\\\/\\\/www.newyorkfacile.it\\\/de\\\/#breadcrumb\",\"itemListElement\":[{\"@type\":\"ListItem\",\"position\":1,\"name\":\"New York Einfach\",\"item\":\"https:\\\/\\\/www.newyorkfacile.it\\\/de\\\/\"},{\"@type\":\"ListItem\",\"position\":2,\"name\":\"Reise nach New York\"}]},{\"@type\":\"WebSite\",\"@id\":\"https:\\\/\\\/www.newyorkfacile.it\\\/de\\\/#website\",\"url\":\"https:\\\/\\\/www.newyorkfacile.it\\\/de\\\/\",\"name\":\"New York Einfach\",\"description\":\"Alle Infos und Tipps f\u00fcr eine Reise nach New York\",\"publisher\":{\"@id\":\"https:\\\/\\\/www.newyorkfacile.it\\\/de\\\/#organization\"},\"potentialAction\":[{\"@type\":\"SearchAction\",\"target\":{\"@type\":\"EntryPoint\",\"urlTemplate\":\"https:\\\/\\\/www.newyorkfacile.it\\\/de\\\/?s={search_term_string}\"},\"query-input\":{\"@type\":\"PropertyValueSpecification\",\"valueRequired\":true,\"valueName\":\"search_term_string\"}}],\"inLanguage\":\"de\"},{\"@type\":\"Organization\",\"@id\":\"https:\\\/\\\/www.newyorkfacile.it\\\/de\\\/#organization\",\"name\":\"New York Einfach\",\"url\":\"https:\\\/\\\/www.newyorkfacile.it\\\/de\\\/\",\"logo\":{\"@type\":\"ImageObject\",\"inLanguage\":\"de\",\"@id\":\"https:\\\/\\\/www.newyorkfacile.it\\\/de\\\/#\\\/schema\\\/logo\\\/image\\\/\",\"url\":\"https:\\\/\\\/www.newyorkfacile.it\\\/de\\\/wp-content\\\/uploads\\\/newyorkfacile-logo.jpg\",\"contentUrl\":\"https:\\\/\\\/www.newyorkfacile.it\\\/de\\\/wp-content\\\/uploads\\\/newyorkfacile-logo.jpg\",\"width\":300,\"height\":80,\"caption\":\"New York Einfach\"},\"image\":{\"@id\":\"https:\\\/\\\/www.newyorkfacile.it\\\/de\\\/#\\\/schema\\\/logo\\\/image\\\/\"}}]}<\/script>\n<!-- \/ Yoast SEO plugin. -->","yoast_head_json":{"title":"Reise nach New York planen: alle Infos und Tipps f\u00fcr Anf\u00e4nger","description":"Tr\u00e4umen Sie nach New York zu reisen? Entdecken Sie alle grundlegenden Informationen um Ihre Reise nach New York optimal zu planen.","robots":{"index":"index","follow":"follow","max-snippet":"max-snippet:-1","max-image-preview":"max-image-preview:large","max-video-preview":"max-video-preview:-1"},"canonical":"https:\/\/www.newyorkfacile.it\/de\/","og_locale":"de_DE","og_type":"article","og_title":"Reise nach New York planen: alle Infos und Tipps f\u00fcr Anf\u00e4nger","og_description":"Tr\u00e4umen Sie nach New York zu reisen? Entdecken Sie alle grundlegenden Informationen um Ihre Reise nach New York optimal zu planen.","og_url":"https:\/\/www.newyorkfacile.it\/de\/","og_site_name":"New York Facile - Deutsche Version","article_modified_time":"2022-02-08T08:07:24+00:00","twitter_misc":{"Gesch\u00e4tzte Lesezeit":"5\u00a0Minuten"},"schema":{"@context":"https:\/\/schema.org","@graph":[{"@type":"WebPage","@id":"https:\/\/www.newyorkfacile.it\/de\/","url":"https:\/\/www.newyorkfacile.it\/de\/","name":"Reise nach New York planen: alle Infos und Tipps f\u00fcr Anf\u00e4nger","isPartOf":{"@id":"https:\/\/www.newyorkfacile.it\/de\/#website"},"datePublished":"2020-08-21T08:43:38+00:00","dateModified":"2022-02-08T08:07:24+00:00","description":"Tr\u00e4umen Sie nach New York zu reisen? Entdecken Sie alle grundlegenden Informationen um Ihre Reise nach New York optimal zu planen.","breadcrumb":{"@id":"https:\/\/www.newyorkfacile.it\/de\/#breadcrumb"},"inLanguage":"de","potentialAction":[{"@type":"ReadAction","target":["https:\/\/www.newyorkfacile.it\/de\/"]}]},{"@type":"BreadcrumbList","@id":"https:\/\/www.newyorkfacile.it\/de\/#breadcrumb","itemListElement":[{"@type":"ListItem","position":1,"name":"New York Einfach","item":"https:\/\/www.newyorkfacile.it\/de\/"},{"@type":"ListItem","position":2,"name":"Reise nach New York"}]},{"@type":"WebSite","@id":"https:\/\/www.newyorkfacile.it\/de\/#website","url":"https:\/\/www.newyorkfacile.it\/de\/","name":"New York Einfach","description":"Alle Infos und Tipps f\u00fcr eine Reise nach New York","publisher":{"@id":"https:\/\/www.newyorkfacile.it\/de\/#organization"},"potentialAction":[{"@type":"SearchAction","target":{"@type":"EntryPoint","urlTemplate":"https:\/\/www.newyorkfacile.it\/de\/?s={search_term_string}"},"query-input":{"@type":"PropertyValueSpecification","valueRequired":true,"valueName":"search_term_string"}}],"inLanguage":"de"},{"@type":"Organization","@id":"https:\/\/www.newyorkfacile.it\/de\/#organization","name":"New York Einfach","url":"https:\/\/www.newyorkfacile.it\/de\/","logo":{"@type":"ImageObject","inLanguage":"de","@id":"https:\/\/www.newyorkfacile.it\/de\/#\/schema\/logo\/image\/","url":"https:\/\/www.newyorkfacile.it\/de\/wp-content\/uploads\/newyorkfacile-logo.jpg","contentUrl":"https:\/\/www.newyorkfacile.it\/de\/wp-content\/uploads\/newyorkfacile-logo.jpg","width":300,"height":80,"caption":"New York Einfach"},"image":{"@id":"https:\/\/www.newyorkfacile.it\/de\/#\/schema\/logo\/image\/"}}]}},"_links":{"self":[{"href":"https:\/\/www.newyorkfacile.it\/de\/wp-json\/wp\/v2\/pages\/11","targetHints":{"allow":["GET"]}}],"collection":[{"href":"https:\/\/www.newyorkfacile.it\/de\/wp-json\/wp\/v2\/pages"}],"about":[{"href":"https:\/\/www.newyorkfacile.it\/de\/wp-json\/wp\/v2\/types\/page"}],"author":[{"embeddable":true,"href":"https:\/\/www.newyorkfacile.it\/de\/wp-json\/wp\/v2\/users\/2"}],"replies":[{"embeddable":true,"href":"https:\/\/www.newyorkfacile.it\/de\/wp-json\/wp\/v2\/comments?post=11"}],"version-history":[{"count":0,"href":"https:\/\/www.newyorkfacile.it\/de\/wp-json\/wp\/v2\/pages\/11\/revisions"}],"wp:attachment":[{"href":"https:\/\/www.newyorkfacile.it\/de\/wp-json\/wp\/v2\/media?parent=11"}],"curies":[{"name":"wp","href":"https:\/\/api.w.org\/{rel}","templated":true}]}}